{"id":51205,"date":"2024-09-09T08:52:41","date_gmt":"2024-09-09T08:52:41","guid":{"rendered":"https:\/\/www.multifrigo.pl\/sklep\/produkt\/zamrazarka-piekarnicza-443-bartscher-700835\/"},"modified":"2025-07-17T09:49:28","modified_gmt":"2025-07-17T09:49:28","slug":"zamrazarka-piekarnicza-443-bartscher-700835","status":"publish","type":"product","link":"https:\/\/www.multifrigo.pl\/sklep\/produkt\/zamrazarka-piekarnicza-443-bartscher-700835\/","title":{"rendered":"Zamra\u017carka piekarnicza 443 | Bartscher 700835"},"content":{"rendered":"<p><b>Zamra\u017carka piekarnicza 443<\/b><\/p>\n<p>Wst\u0119pnie przygotowane ciasta i torty, chleb i bu\u0142ki, po umieszczeniu na odpowiedniej blasze, zostaj\u0105 w\u0142a\u015bciwie zamro\u017cone i tak czekaj\u0105 na swoj\u0105 kolej \u2013 gotowe do sprzeda\u017cy lub dalszej obr\u00f3bki. Zamra\u017carka w formacie zgodnym z norm\u0105 piekarnicz\u0105 zapewni pod tym wzgl\u0119dem wystarczaj\u0105c\u0105 ilo\u015b\u0107 miejsca w piekarni, cukierni, kawiarni czy hotelowej kuchni.<\/p><\/p>\n","protected":false},"excerpt":{"rendered":"<p>Zamra\u017carka piekarnicza 443 Wst\u0119pnie przygotowane ciasta i torty, chleb i bu\u0142ki, po umieszczeniu na odpowiedniej blasze, zostaj\u0105 w\u0142a\u015bciwie zamro\u017cone i tak czekaj\u0105 na swoj\u0105 kolej \u2013 gotowe do sprzeda\u017cy lub dalszej obr\u00f3bki. Zamra\u017carka w formacie zgodnym z norm\u0105 piekarnicz\u0105 zapewni pod tym wzgl\u0119dem wystarczaj\u0105c\u0105 ilo\u015b\u0107 miejsca w piekarni, cukierni, kawiarni czy hotelowej kuchni.<\/p>\n","protected":false},"featured_media":56699,"template":"","meta":{"_et_pb_use_builder":"","_et_pb_old_content":"","_et_gb_content_width":""},"pwb-brand":[1577],"product_brand":[],"product_cat":[520],"product_tag":[],"class_list":{"0":"post-51205","1":"product","2":"type-product","3":"status-publish","4":"has-post-thumbnail","6":"pwb-brand-bartscher","7":"product_cat-szafy-mroznicze","9":"first","10":"instock","11":"taxable","12":"shipping-taxable","13":"purchasable","14":"product-type-simple"},"brands":[{"id":1577,"name":"Bartscher","slug":"bartscher"}],"_links":{"self":[{"href":"https:\/\/www.multifrigo.pl\/sklep\/wp-json\/wp\/v2\/product\/51205","targetHints":{"allow":["GET"]}}],"collection":[{"href":"https:\/\/www.multifrigo.pl\/sklep\/wp-json\/wp\/v2\/product"}],"about":[{"href":"https:\/\/www.multifrigo.pl\/sklep\/wp-json\/wp\/v2\/types\/product"}],"wp:featuredmedia":[{"embeddable":true,"href":"https:\/\/www.multifrigo.pl\/sklep\/wp-json\/wp\/v2\/media\/56699"}],"wp:attachment":[{"href":"https:\/\/www.multifrigo.pl\/sklep\/wp-json\/wp\/v2\/media?parent=51205"}],"wp:term":[{"taxonomy":"pwb-brand","embeddable":true,"href":"https:\/\/www.multifrigo.pl\/sklep\/wp-json\/wp\/v2\/pwb-brand?post=51205"},{"taxonomy":"product_brand","embeddable":true,"href":"https:\/\/www.multifrigo.pl\/sklep\/wp-json\/wp\/v2\/product_brand?post=51205"},{"taxonomy":"product_cat","embeddable":true,"href":"https:\/\/www.multifrigo.pl\/sklep\/wp-json\/wp\/v2\/product_cat?post=51205"},{"taxonomy":"product_tag","embeddable":true,"href":"https:\/\/www.multifrigo.pl\/sklep\/wp-json\/wp\/v2\/product_tag?post=51205"}],"curies":[{"name":"wp","href":"https:\/\/api.w.org\/{rel}","templated":true}]}}