{"id":51263,"date":"2024-09-09T08:55:32","date_gmt":"2024-09-09T08:55:32","guid":{"rendered":"https:\/\/www.multifrigo.pl\/sklep\/produkt\/zmywarka-gs-c350-lpr-bartscher-110361\/"},"modified":"2025-07-17T08:28:40","modified_gmt":"2025-07-17T08:28:40","slug":"zmywarka-gs-c350-lpr-bartscher-110361","status":"publish","type":"product","link":"https:\/\/www.multifrigo.pl\/sklep\/produkt\/zmywarka-gs-c350-lpr-bartscher-110361\/","title":{"rendered":"Zmywarka GS C350 LPR | Bartscher 110361"},"content":{"rendered":"<p><b>Zmywarka GS C350 LPR<\/b><\/p>\n<p>Dzi\u0119ki \u0142atwej obs\u0142udze nieskomplikowana zmywarka skupia si\u0119 na tym, co istotne \u2013 czysto\u015b\u0107 i\u00a0niezawodno\u015b\u0107 w\u00a0kompaktowej formie.<\/p><\/p>\n","protected":false},"excerpt":{"rendered":"<p>Zmywarka GS C350 LPR Dzi\u0119ki \u0142atwej obs\u0142udze nieskomplikowana zmywarka skupia si\u0119 na tym, co istotne \u2013 czysto\u015b\u0107 i\u00a0niezawodno\u015b\u0107 w\u00a0kompaktowej formie.<\/p>\n","protected":false},"featured_media":56766,"template":"","meta":{"_et_pb_use_builder":"","_et_pb_old_content":"","_et_gb_content_width":""},"pwb-brand":[1577],"product_brand":[],"product_cat":[492],"product_tag":[],"class_list":{"0":"post-51263","1":"product","2":"type-product","3":"status-publish","4":"has-post-thumbnail","6":"pwb-brand-bartscher","7":"product_cat-zmywarki-do-szkla-barowe","9":"first","10":"instock","11":"taxable","12":"shipping-taxable","13":"purchasable","14":"product-type-simple"},"brands":[{"id":1577,"name":"Bartscher","slug":"bartscher"}],"_links":{"self":[{"href":"https:\/\/www.multifrigo.pl\/sklep\/wp-json\/wp\/v2\/product\/51263","targetHints":{"allow":["GET"]}}],"collection":[{"href":"https:\/\/www.multifrigo.pl\/sklep\/wp-json\/wp\/v2\/product"}],"about":[{"href":"https:\/\/www.multifrigo.pl\/sklep\/wp-json\/wp\/v2\/types\/product"}],"wp:featuredmedia":[{"embeddable":true,"href":"https:\/\/www.multifrigo.pl\/sklep\/wp-json\/wp\/v2\/media\/56766"}],"wp:attachment":[{"href":"https:\/\/www.multifrigo.pl\/sklep\/wp-json\/wp\/v2\/media?parent=51263"}],"wp:term":[{"taxonomy":"pwb-brand","embeddable":true,"href":"https:\/\/www.multifrigo.pl\/sklep\/wp-json\/wp\/v2\/pwb-brand?post=51263"},{"taxonomy":"product_brand","embeddable":true,"href":"https:\/\/www.multifrigo.pl\/sklep\/wp-json\/wp\/v2\/product_brand?post=51263"},{"taxonomy":"product_cat","embeddable":true,"href":"https:\/\/www.multifrigo.pl\/sklep\/wp-json\/wp\/v2\/product_cat?post=51263"},{"taxonomy":"product_tag","embeddable":true,"href":"https:\/\/www.multifrigo.pl\/sklep\/wp-json\/wp\/v2\/product_tag?post=51263"}],"curies":[{"name":"wp","href":"https:\/\/api.w.org\/{rel}","templated":true}]}}