{"id":51265,"date":"2024-09-09T08:55:40","date_gmt":"2024-09-09T08:55:40","guid":{"rendered":"https:\/\/www.multifrigo.pl\/sklep\/produkt\/zmywarka-gs-e350-lpr-bartscher-110350\/"},"modified":"2025-07-17T08:28:27","modified_gmt":"2025-07-17T08:28:27","slug":"zmywarka-gs-e350-lpr-bartscher-110350","status":"publish","type":"product","link":"https:\/\/www.multifrigo.pl\/sklep\/produkt\/zmywarka-gs-e350-lpr-bartscher-110350\/","title":{"rendered":"Zmywarka GS E350 LPR | Bartscher 110350"},"content":{"rendered":"<p><b>Zmywarka GS E350 LPR<\/b><\/p>\n<p>Zmywarka do naczy\u0144 o dobrej wydajno\u015bci mycia i p\u0142ukania, jednocze\u015bnie zapewniaj\u0105ca \u0142atw\u0105 obs\u0142ug\u0119 \u2013 idealna do u\u017cytku w kafeteriach, barach lub kawiarniach.<\/p><\/p>\n","protected":false},"excerpt":{"rendered":"<p>Zmywarka GS E350 LPR Zmywarka do naczy\u0144 o dobrej wydajno\u015bci mycia i p\u0142ukania, jednocze\u015bnie zapewniaj\u0105ca \u0142atw\u0105 obs\u0142ug\u0119 \u2013 idealna do u\u017cytku w kafeteriach, barach lub kawiarniach.<\/p>\n","protected":false},"featured_media":56782,"template":"","meta":{"_et_pb_use_builder":"","_et_pb_old_content":"","_et_gb_content_width":""},"pwb-brand":[1577],"product_brand":[],"product_cat":[492],"product_tag":[],"class_list":{"0":"post-51265","1":"product","2":"type-product","3":"status-publish","4":"has-post-thumbnail","6":"pwb-brand-bartscher","7":"product_cat-zmywarki-do-szkla-barowe","9":"first","10":"instock","11":"taxable","12":"shipping-taxable","13":"purchasable","14":"product-type-simple"},"brands":[{"id":1577,"name":"Bartscher","slug":"bartscher"}],"_links":{"self":[{"href":"https:\/\/www.multifrigo.pl\/sklep\/wp-json\/wp\/v2\/product\/51265","targetHints":{"allow":["GET"]}}],"collection":[{"href":"https:\/\/www.multifrigo.pl\/sklep\/wp-json\/wp\/v2\/product"}],"about":[{"href":"https:\/\/www.multifrigo.pl\/sklep\/wp-json\/wp\/v2\/types\/product"}],"wp:featuredmedia":[{"embeddable":true,"href":"https:\/\/www.multifrigo.pl\/sklep\/wp-json\/wp\/v2\/media\/56782"}],"wp:attachment":[{"href":"https:\/\/www.multifrigo.pl\/sklep\/wp-json\/wp\/v2\/media?parent=51265"}],"wp:term":[{"taxonomy":"pwb-brand","embeddable":true,"href":"https:\/\/www.multifrigo.pl\/sklep\/wp-json\/wp\/v2\/pwb-brand?post=51265"},{"taxonomy":"product_brand","embeddable":true,"href":"https:\/\/www.multifrigo.pl\/sklep\/wp-json\/wp\/v2\/product_brand?post=51265"},{"taxonomy":"product_cat","embeddable":true,"href":"https:\/\/www.multifrigo.pl\/sklep\/wp-json\/wp\/v2\/product_cat?post=51265"},{"taxonomy":"product_tag","embeddable":true,"href":"https:\/\/www.multifrigo.pl\/sklep\/wp-json\/wp\/v2\/product_tag?post=51265"}],"curies":[{"name":"wp","href":"https:\/\/api.w.org\/{rel}","templated":true}]}}