{"id":51292,"date":"2024-09-09T08:56:56","date_gmt":"2024-09-09T08:56:56","guid":{"rendered":"https:\/\/www.multifrigo.pl\/sklep\/produkt\/zmywarka-przelotowa-ds-500-bartscher-109342\/"},"modified":"2025-07-17T07:46:22","modified_gmt":"2025-07-17T07:46:22","slug":"zmywarka-przelotowa-ds-500-bartscher-109342","status":"publish","type":"product","link":"https:\/\/www.multifrigo.pl\/sklep\/produkt\/zmywarka-przelotowa-ds-500-bartscher-109342\/","title":{"rendered":"Zmywarka przelotowa DS 500 | Bartscher 109342"},"content":{"rendered":"<p><b>Zmywarka przelotowa DS 500<\/b><\/p>\n<p>Jeszcze higieniczniej i oszcz\u0119dniej \u2013 zoptymalizowana zmywarka przelotowa zosta\u0142a wyposa\u017cona w nowatorski system odp\u0142ywowy, energooszcz\u0119dny system bojlera, wydajn\u0105 pomp\u0119 DuoFlo i wygodny w u\u017cyciu system podnosz\u0105cy.<\/p><\/p>\n","protected":false},"excerpt":{"rendered":"<p>Zmywarka przelotowa DS 500 Jeszcze higieniczniej i oszcz\u0119dniej \u2013 zoptymalizowana zmywarka przelotowa zosta\u0142a wyposa\u017cona w nowatorski system odp\u0142ywowy, energooszcz\u0119dny system bojlera, wydajn\u0105 pomp\u0119 DuoFlo i wygodny w u\u017cyciu system podnosz\u0105cy.<\/p>\n","protected":false},"featured_media":56830,"template":"","meta":{"_et_pb_use_builder":"","_et_pb_old_content":"","_et_gb_content_width":""},"pwb-brand":[1577],"product_brand":[],"product_cat":[496],"product_tag":[],"class_list":{"0":"post-51292","1":"product","2":"type-product","3":"status-publish","4":"has-post-thumbnail","6":"pwb-brand-bartscher","7":"product_cat-zmywarki-kapturowe","9":"first","10":"instock","11":"taxable","12":"shipping-taxable","13":"purchasable","14":"product-type-simple"},"brands":[{"id":1577,"name":"Bartscher","slug":"bartscher"}],"_links":{"self":[{"href":"https:\/\/www.multifrigo.pl\/sklep\/wp-json\/wp\/v2\/product\/51292","targetHints":{"allow":["GET"]}}],"collection":[{"href":"https:\/\/www.multifrigo.pl\/sklep\/wp-json\/wp\/v2\/product"}],"about":[{"href":"https:\/\/www.multifrigo.pl\/sklep\/wp-json\/wp\/v2\/types\/product"}],"wp:featuredmedia":[{"embeddable":true,"href":"https:\/\/www.multifrigo.pl\/sklep\/wp-json\/wp\/v2\/media\/56830"}],"wp:attachment":[{"href":"https:\/\/www.multifrigo.pl\/sklep\/wp-json\/wp\/v2\/media?parent=51292"}],"wp:term":[{"taxonomy":"pwb-brand","embeddable":true,"href":"https:\/\/www.multifrigo.pl\/sklep\/wp-json\/wp\/v2\/pwb-brand?post=51292"},{"taxonomy":"product_brand","embeddable":true,"href":"https:\/\/www.multifrigo.pl\/sklep\/wp-json\/wp\/v2\/product_brand?post=51292"},{"taxonomy":"product_cat","embeddable":true,"href":"https:\/\/www.multifrigo.pl\/sklep\/wp-json\/wp\/v2\/product_cat?post=51292"},{"taxonomy":"product_tag","embeddable":true,"href":"https:\/\/www.multifrigo.pl\/sklep\/wp-json\/wp\/v2\/product_tag?post=51292"}],"curies":[{"name":"wp","href":"https:\/\/api.w.org\/{rel}","templated":true}]}}