{"id":51310,"date":"2024-09-09T08:57:45","date_gmt":"2024-09-09T08:57:45","guid":{"rendered":"https:\/\/www.multifrigo.pl\/sklep\/produkt\/zmywarka-przelotowa-ds-600-lpr-bartscher-109349\/"},"modified":"2025-07-17T07:46:30","modified_gmt":"2025-07-17T07:46:30","slug":"zmywarka-przelotowa-ds-600-lpr-bartscher-109349","status":"publish","type":"product","link":"https:\/\/www.multifrigo.pl\/sklep\/produkt\/zmywarka-przelotowa-ds-600-lpr-bartscher-109349\/","title":{"rendered":"Zmywarka przelotowa DS 600 LPR | Bartscher 109349"},"content":{"rendered":"<p><b>Zmywarka przelotowa DS 600 LPR<\/b><\/p>\n<p>Wi\u0119ksza wydajno\u015b\u0107 pompowania, mniejsze straty ci\u015bnienia i spokojna praca \u2013 argumenty, kt\u00f3re zdecydowanie przemawiaj\u0105 za wbudowan\u0105 w urz\u0105dzeniu pomp\u0105 DuoFlo. W po\u0142\u0105czeniu z wyj\u0105tkowo du\u017c\u0105 wysoko\u015bci\u0105 za\u0142adowcz\u0105 zmywarka kapturowa zapewnia nieocenion\u0105 pomoc w ka\u017cdej zmywalni.<\/p><\/p>\n","protected":false},"excerpt":{"rendered":"<p>Zmywarka przelotowa DS 600 LPR Wi\u0119ksza wydajno\u015b\u0107 pompowania, mniejsze straty ci\u015bnienia i spokojna praca \u2013 argumenty, kt\u00f3re zdecydowanie przemawiaj\u0105 za wbudowan\u0105 w urz\u0105dzeniu pomp\u0105 DuoFlo. W po\u0142\u0105czeniu z wyj\u0105tkowo du\u017c\u0105 wysoko\u015bci\u0105 za\u0142adowcz\u0105 zmywarka kapturowa zapewnia nieocenion\u0105 pomoc w ka\u017cdej zmywalni.<\/p>\n","protected":false},"featured_media":56846,"template":"","meta":{"_et_pb_use_builder":"","_et_pb_old_content":"","_et_gb_content_width":""},"pwb-brand":[1577],"product_brand":[],"product_cat":[496],"product_tag":[],"class_list":{"0":"post-51310","1":"product","2":"type-product","3":"status-publish","4":"has-post-thumbnail","6":"pwb-brand-bartscher","7":"product_cat-zmywarki-kapturowe","9":"first","10":"instock","11":"taxable","12":"shipping-taxable","13":"purchasable","14":"product-type-simple"},"brands":[{"id":1577,"name":"Bartscher","slug":"bartscher"}],"_links":{"self":[{"href":"https:\/\/www.multifrigo.pl\/sklep\/wp-json\/wp\/v2\/product\/51310","targetHints":{"allow":["GET"]}}],"collection":[{"href":"https:\/\/www.multifrigo.pl\/sklep\/wp-json\/wp\/v2\/product"}],"about":[{"href":"https:\/\/www.multifrigo.pl\/sklep\/wp-json\/wp\/v2\/types\/product"}],"wp:featuredmedia":[{"embeddable":true,"href":"https:\/\/www.multifrigo.pl\/sklep\/wp-json\/wp\/v2\/media\/56846"}],"wp:attachment":[{"href":"https:\/\/www.multifrigo.pl\/sklep\/wp-json\/wp\/v2\/media?parent=51310"}],"wp:term":[{"taxonomy":"pwb-brand","embeddable":true,"href":"https:\/\/www.multifrigo.pl\/sklep\/wp-json\/wp\/v2\/pwb-brand?post=51310"},{"taxonomy":"product_brand","embeddable":true,"href":"https:\/\/www.multifrigo.pl\/sklep\/wp-json\/wp\/v2\/product_brand?post=51310"},{"taxonomy":"product_cat","embeddable":true,"href":"https:\/\/www.multifrigo.pl\/sklep\/wp-json\/wp\/v2\/product_cat?post=51310"},{"taxonomy":"product_tag","embeddable":true,"href":"https:\/\/www.multifrigo.pl\/sklep\/wp-json\/wp\/v2\/product_tag?post=51310"}],"curies":[{"name":"wp","href":"https:\/\/api.w.org\/{rel}","templated":true}]}}