{"id":51311,"date":"2024-09-09T08:57:49","date_gmt":"2024-09-09T08:57:49","guid":{"rendered":"https:\/\/www.multifrigo.pl\/sklep\/produkt\/zmywarka-przelotowa-ds-eco500lpr-bartscher-109251\/"},"modified":"2025-07-17T07:46:18","modified_gmt":"2025-07-17T07:46:18","slug":"zmywarka-przelotowa-ds-eco500lpr-bartscher-109251","status":"publish","type":"product","link":"https:\/\/www.multifrigo.pl\/sklep\/produkt\/zmywarka-przelotowa-ds-eco500lpr-bartscher-109251\/","title":{"rendered":"Zmywarka przelotowa DS Eco500LPR | Bartscher 109251"},"content":{"rendered":"<p><b>Zmywarka przelotowa DS Eco500LPR<\/b><\/p>\n<p>Czysta sprawa \u2013 dla naczy\u0144 i \u015brodowiska naturalnego. DS 2501eco to zmywarka przelotowa z dwu\u015bcienn\u0105 obudow\u0105 i odzyskiem ciep\u0142a, kt\u00f3r\u0105 cechuje wysoka jako\u015b\u0107, du\u017ca moc czyszczenia oraz kr\u00f3tki czas p\u0142ukania. Termodezynfekcja gwarantuje, \u017ce naczynia s\u0105 absolutnie czyste i wolne od bakterii, spe\u0142niaj\u0105c tym samym obowi\u0105zuj\u0105ce normy higieniczne.<\/p><\/p>\n","protected":false},"excerpt":{"rendered":"<p>Zmywarka przelotowa DS Eco500LPR Czysta sprawa \u2013 dla naczy\u0144 i \u015brodowiska naturalnego. DS 2501eco to zmywarka przelotowa z dwu\u015bcienn\u0105 obudow\u0105 i odzyskiem ciep\u0142a, kt\u00f3r\u0105 cechuje wysoka jako\u015b\u0107, du\u017ca moc czyszczenia oraz kr\u00f3tki czas p\u0142ukania. Termodezynfekcja gwarantuje, \u017ce naczynia s\u0105 absolutnie czyste i wolne od bakterii, spe\u0142niaj\u0105c tym samym obowi\u0105zuj\u0105ce normy higieniczne.<\/p>\n","protected":false},"featured_media":56854,"template":"","meta":{"_et_pb_use_builder":"","_et_pb_old_content":"","_et_gb_content_width":""},"pwb-brand":[1577],"product_brand":[],"product_cat":[496],"product_tag":[],"class_list":{"0":"post-51311","1":"product","2":"type-product","3":"status-publish","4":"has-post-thumbnail","6":"pwb-brand-bartscher","7":"product_cat-zmywarki-kapturowe","9":"first","10":"instock","11":"taxable","12":"shipping-taxable","13":"purchasable","14":"product-type-simple"},"brands":[{"id":1577,"name":"Bartscher","slug":"bartscher"}],"_links":{"self":[{"href":"https:\/\/www.multifrigo.pl\/sklep\/wp-json\/wp\/v2\/product\/51311","targetHints":{"allow":["GET"]}}],"collection":[{"href":"https:\/\/www.multifrigo.pl\/sklep\/wp-json\/wp\/v2\/product"}],"about":[{"href":"https:\/\/www.multifrigo.pl\/sklep\/wp-json\/wp\/v2\/types\/product"}],"wp:featuredmedia":[{"embeddable":true,"href":"https:\/\/www.multifrigo.pl\/sklep\/wp-json\/wp\/v2\/media\/56854"}],"wp:attachment":[{"href":"https:\/\/www.multifrigo.pl\/sklep\/wp-json\/wp\/v2\/media?parent=51311"}],"wp:term":[{"taxonomy":"pwb-brand","embeddable":true,"href":"https:\/\/www.multifrigo.pl\/sklep\/wp-json\/wp\/v2\/pwb-brand?post=51311"},{"taxonomy":"product_brand","embeddable":true,"href":"https:\/\/www.multifrigo.pl\/sklep\/wp-json\/wp\/v2\/product_brand?post=51311"},{"taxonomy":"product_cat","embeddable":true,"href":"https:\/\/www.multifrigo.pl\/sklep\/wp-json\/wp\/v2\/product_cat?post=51311"},{"taxonomy":"product_tag","embeddable":true,"href":"https:\/\/www.multifrigo.pl\/sklep\/wp-json\/wp\/v2\/product_tag?post=51311"}],"curies":[{"name":"wp","href":"https:\/\/api.w.org\/{rel}","templated":true}]}}