{"id":51328,"date":"2024-09-09T08:58:44","date_gmt":"2024-09-09T08:58:44","guid":{"rendered":"https:\/\/www.multifrigo.pl\/sklep\/produkt\/zmywarka-us-ecoplus500-lpwr-bartscher-110668\/"},"modified":"2025-07-17T08:30:40","modified_gmt":"2025-07-17T08:30:40","slug":"zmywarka-us-ecoplus500-lpwr-bartscher-110668","status":"publish","type":"product","link":"https:\/\/www.multifrigo.pl\/sklep\/produkt\/zmywarka-us-ecoplus500-lpwr-bartscher-110668\/","title":{"rendered":"Zmywarka US EcoPlus500 LPWR | Bartscher 110668"},"content":{"rendered":"<p><b>Zmywarka US EcoPlus500 LPWR<\/b><\/p>\n<p>Ekonomiczna zmywarka spe\u0142nia najwy\u017csze standardy w zakresie higieny: termodezynfekcja spe\u0142nia obowi\u0105zuj\u0105ce normy higieniczne i gwarantuje, \u017ce naczynia s\u0105 absolutnie czyste i wolne od bakterii. Niezmienny efekt p\u0142ukania zapewnia zintegrowana pompa p\u0142ucz\u0105ca, kt&oacute;ra dodatkowo obni\u017ca zu\u017cycie wody, energii oraz \u015brodk&oacute;w myj\u0105cych i p\u0142ucz\u0105cych.<\/p><\/p>\n","protected":false},"excerpt":{"rendered":"<p>Zmywarka US EcoPlus500 LPWR Ekonomiczna zmywarka spe\u0142nia najwy\u017csze standardy w zakresie higieny: termodezynfekcja spe\u0142nia obowi\u0105zuj\u0105ce normy higieniczne i gwarantuje, \u017ce naczynia s\u0105 absolutnie czyste i wolne od bakterii. Niezmienny efekt p\u0142ukania zapewnia zintegrowana pompa p\u0142ucz\u0105ca, kt&oacute;ra dodatkowo obni\u017ca zu\u017cycie wody, energii oraz \u015brodk&oacute;w myj\u0105cych i p\u0142ucz\u0105cych.<\/p>\n","protected":false},"featured_media":56899,"template":"","meta":{"_et_pb_use_builder":"","_et_pb_old_content":"","_et_gb_content_width":""},"pwb-brand":[1577],"product_brand":[],"product_cat":[497],"product_tag":[],"class_list":{"0":"post-51328","1":"product","2":"type-product","3":"status-publish","4":"has-post-thumbnail","6":"pwb-brand-bartscher","7":"product_cat-zmywarki-do-garnkow-i-naczyn","9":"first","10":"instock","11":"taxable","12":"shipping-taxable","13":"purchasable","14":"product-type-simple"},"brands":[{"id":1577,"name":"Bartscher","slug":"bartscher"}],"_links":{"self":[{"href":"https:\/\/www.multifrigo.pl\/sklep\/wp-json\/wp\/v2\/product\/51328","targetHints":{"allow":["GET"]}}],"collection":[{"href":"https:\/\/www.multifrigo.pl\/sklep\/wp-json\/wp\/v2\/product"}],"about":[{"href":"https:\/\/www.multifrigo.pl\/sklep\/wp-json\/wp\/v2\/types\/product"}],"wp:featuredmedia":[{"embeddable":true,"href":"https:\/\/www.multifrigo.pl\/sklep\/wp-json\/wp\/v2\/media\/56899"}],"wp:attachment":[{"href":"https:\/\/www.multifrigo.pl\/sklep\/wp-json\/wp\/v2\/media?parent=51328"}],"wp:term":[{"taxonomy":"pwb-brand","embeddable":true,"href":"https:\/\/www.multifrigo.pl\/sklep\/wp-json\/wp\/v2\/pwb-brand?post=51328"},{"taxonomy":"product_brand","embeddable":true,"href":"https:\/\/www.multifrigo.pl\/sklep\/wp-json\/wp\/v2\/product_brand?post=51328"},{"taxonomy":"product_cat","embeddable":true,"href":"https:\/\/www.multifrigo.pl\/sklep\/wp-json\/wp\/v2\/product_cat?post=51328"},{"taxonomy":"product_tag","embeddable":true,"href":"https:\/\/www.multifrigo.pl\/sklep\/wp-json\/wp\/v2\/product_tag?post=51328"}],"curies":[{"name":"wp","href":"https:\/\/api.w.org\/{rel}","templated":true}]}}