{"id":51338,"date":"2024-09-09T08:59:12","date_gmt":"2024-09-09T08:59:12","guid":{"rendered":"https:\/\/www.multifrigo.pl\/sklep\/produkt\/zmywarka-us-m500-lpwr-k-bartscher-110542\/"},"modified":"2025-07-17T08:30:16","modified_gmt":"2025-07-17T08:30:16","slug":"zmywarka-us-m500-lpwr-k-bartscher-110542","status":"publish","type":"product","link":"https:\/\/www.multifrigo.pl\/sklep\/produkt\/zmywarka-us-m500-lpwr-k-bartscher-110542\/","title":{"rendered":"Zmywarka US M500 LPWR K | Bartscher 110542"},"content":{"rendered":"<p><b>Zmywarka US M500 LPWR K<\/b><\/p>\n<p>Zmywarka z\u00a0dodatkowym p\u0142ukaniem na zimno umo\u017cliwia szybkie zastosowanie, zw\u0142aszcza do szklanek, niemniej jednak pozosta\u0142e obszary p\u0142ukania s\u0105 r\u00f3wnie\u017c optymalnie zabezpieczone. Ma\u0142y wy\u015bwietlacz umo\u017cliwia przegl\u0105danie ustawie\u0144 oraz obserwacj\u0119 przebiegu programu w\u00a0dowolnym momencie.<\/p><\/p>\n","protected":false},"excerpt":{"rendered":"<p>Zmywarka US M500 LPWR K Zmywarka z\u00a0dodatkowym p\u0142ukaniem na zimno umo\u017cliwia szybkie zastosowanie, zw\u0142aszcza do szklanek, niemniej jednak pozosta\u0142e obszary p\u0142ukania s\u0105 r\u00f3wnie\u017c optymalnie zabezpieczone. Ma\u0142y wy\u015bwietlacz umo\u017cliwia przegl\u0105danie ustawie\u0144 oraz obserwacj\u0119 przebiegu programu w\u00a0dowolnym momencie.<\/p>\n","protected":false},"featured_media":56930,"template":"","meta":{"_et_pb_use_builder":"","_et_pb_old_content":"","_et_gb_content_width":""},"pwb-brand":[1577],"product_brand":[],"product_cat":[497],"product_tag":[],"class_list":{"0":"post-51338","1":"product","2":"type-product","3":"status-publish","4":"has-post-thumbnail","6":"pwb-brand-bartscher","7":"product_cat-zmywarki-do-garnkow-i-naczyn","9":"first","10":"instock","11":"taxable","12":"shipping-taxable","13":"purchasable","14":"product-type-simple"},"brands":[{"id":1577,"name":"Bartscher","slug":"bartscher"}],"_links":{"self":[{"href":"https:\/\/www.multifrigo.pl\/sklep\/wp-json\/wp\/v2\/product\/51338","targetHints":{"allow":["GET"]}}],"collection":[{"href":"https:\/\/www.multifrigo.pl\/sklep\/wp-json\/wp\/v2\/product"}],"about":[{"href":"https:\/\/www.multifrigo.pl\/sklep\/wp-json\/wp\/v2\/types\/product"}],"wp:featuredmedia":[{"embeddable":true,"href":"https:\/\/www.multifrigo.pl\/sklep\/wp-json\/wp\/v2\/media\/56930"}],"wp:attachment":[{"href":"https:\/\/www.multifrigo.pl\/sklep\/wp-json\/wp\/v2\/media?parent=51338"}],"wp:term":[{"taxonomy":"pwb-brand","embeddable":true,"href":"https:\/\/www.multifrigo.pl\/sklep\/wp-json\/wp\/v2\/pwb-brand?post=51338"},{"taxonomy":"product_brand","embeddable":true,"href":"https:\/\/www.multifrigo.pl\/sklep\/wp-json\/wp\/v2\/product_brand?post=51338"},{"taxonomy":"product_cat","embeddable":true,"href":"https:\/\/www.multifrigo.pl\/sklep\/wp-json\/wp\/v2\/product_cat?post=51338"},{"taxonomy":"product_tag","embeddable":true,"href":"https:\/\/www.multifrigo.pl\/sklep\/wp-json\/wp\/v2\/product_tag?post=51338"}],"curies":[{"name":"wp","href":"https:\/\/api.w.org\/{rel}","templated":true}]}}