{"id":51340,"date":"2024-09-09T08:59:19","date_gmt":"2024-09-09T08:59:19","guid":{"rendered":"https:\/\/www.multifrigo.pl\/sklep\/produkt\/zmywarka-us-p500-lpwr-bartscher-111680\/"},"modified":"2025-07-17T08:32:01","modified_gmt":"2025-07-17T08:32:01","slug":"zmywarka-us-p500-lpwr-bartscher-111680","status":"publish","type":"product","link":"https:\/\/www.multifrigo.pl\/sklep\/produkt\/zmywarka-us-p500-lpwr-bartscher-111680\/","title":{"rendered":"Zmywarka US P500 LPWR | Bartscher 111680"},"content":{"rendered":"<p><b>Zmywarka US P500 LPWR<\/b><\/p>\n<p>4 programy zmywania, zdejmowane dysze p\u0142ucz\u0105ce, wersja dwu\u015bcienna, g\u0119ste sito ze stali szlachetnej oraz \u0142agodny rozruch dzi\u0119ki pompie z mi\u0119kkim startem \u2013 funkcje, kt\u00f3rymi mo\u017ce poszczyci\u0107 si\u0119 zmywarka przystosowana do zabudowy podblatowej.<\/p><\/p>\n","protected":false},"excerpt":{"rendered":"<p>Zmywarka US P500 LPWR 4 programy zmywania, zdejmowane dysze p\u0142ucz\u0105ce, wersja dwu\u015bcienna, g\u0119ste sito ze stali szlachetnej oraz \u0142agodny rozruch dzi\u0119ki pompie z mi\u0119kkim startem \u2013 funkcje, kt\u00f3rymi mo\u017ce poszczyci\u0107 si\u0119 zmywarka przystosowana do zabudowy podblatowej.<\/p>\n","protected":false},"featured_media":56945,"template":"","meta":{"_et_pb_use_builder":"","_et_pb_old_content":"","_et_gb_content_width":""},"pwb-brand":[1577],"product_brand":[],"product_cat":[497],"product_tag":[],"class_list":{"0":"post-51340","1":"product","2":"type-product","3":"status-publish","4":"has-post-thumbnail","6":"pwb-brand-bartscher","7":"product_cat-zmywarki-do-garnkow-i-naczyn","9":"first","10":"instock","11":"taxable","12":"shipping-taxable","13":"purchasable","14":"product-type-simple"},"brands":[{"id":1577,"name":"Bartscher","slug":"bartscher"}],"_links":{"self":[{"href":"https:\/\/www.multifrigo.pl\/sklep\/wp-json\/wp\/v2\/product\/51340","targetHints":{"allow":["GET"]}}],"collection":[{"href":"https:\/\/www.multifrigo.pl\/sklep\/wp-json\/wp\/v2\/product"}],"about":[{"href":"https:\/\/www.multifrigo.pl\/sklep\/wp-json\/wp\/v2\/types\/product"}],"wp:featuredmedia":[{"embeddable":true,"href":"https:\/\/www.multifrigo.pl\/sklep\/wp-json\/wp\/v2\/media\/56945"}],"wp:attachment":[{"href":"https:\/\/www.multifrigo.pl\/sklep\/wp-json\/wp\/v2\/media?parent=51340"}],"wp:term":[{"taxonomy":"pwb-brand","embeddable":true,"href":"https:\/\/www.multifrigo.pl\/sklep\/wp-json\/wp\/v2\/pwb-brand?post=51340"},{"taxonomy":"product_brand","embeddable":true,"href":"https:\/\/www.multifrigo.pl\/sklep\/wp-json\/wp\/v2\/product_brand?post=51340"},{"taxonomy":"product_cat","embeddable":true,"href":"https:\/\/www.multifrigo.pl\/sklep\/wp-json\/wp\/v2\/product_cat?post=51340"},{"taxonomy":"product_tag","embeddable":true,"href":"https:\/\/www.multifrigo.pl\/sklep\/wp-json\/wp\/v2\/product_tag?post=51340"}],"curies":[{"name":"wp","href":"https:\/\/api.w.org\/{rel}","templated":true}]}}