{"id":51342,"date":"2024-09-09T08:59:27","date_gmt":"2024-09-09T08:59:27","guid":{"rendered":"https:\/\/www.multifrigo.pl\/sklep\/produkt\/zmywarka-us-pplus500-lpwr-bartscher-109641\/"},"modified":"2025-07-17T07:46:32","modified_gmt":"2025-07-17T07:46:32","slug":"zmywarka-us-pplus500-lpwr-bartscher-109641","status":"publish","type":"product","link":"https:\/\/www.multifrigo.pl\/sklep\/produkt\/zmywarka-us-pplus500-lpwr-bartscher-109641\/","title":{"rendered":"Zmywarka US PPlus500 LPWR | Bartscher 109641"},"content":{"rendered":"<p><b>Zmywarka US PPlus500 LPWR<\/b><\/p>\n<p>Wszechstronna zmywarka nadaje si\u0119 optymalnie do szklanek i naczy\u0144 z wymiarem kosza 500\u00a0x\u00a0500\u00a0mm. Ze wzgl\u0119du na przestronne wn\u0119trze zmieszcz\u0105 si\u0119 r\u00f3wnie\u017c blachy do pieczenia, tace, pojemniki na mi\u0119so do 600\u00a0x\u00a0400\u00a0mm oraz inne naczynia.<\/p><\/p>\n","protected":false},"excerpt":{"rendered":"<p>Zmywarka US PPlus500 LPWRWszechstronna zmywarka nadaje si\u0119 optymalnie do szklanek i naczy\u0144 z wymiarem kosza 500\u00a0x\u00a0500\u00a0mm. Ze wzgl\u0119du na przestronne wn\u0119trze zmieszcz\u0105 si\u0119 r\u00f3wnie\u017c blachy do pieczenia, tace, pojemniki na mi\u0119so do 600\u00a0x\u00a0400\u00a0mm oraz inne naczynia.<\/p>\n","protected":false},"featured_media":56960,"template":"","meta":{"_et_pb_use_builder":"on","_et_pb_old_content":"<p><b>Zmywarka US PPlus500 LPWR<\/b><\/p><p>Wszechstronna zmywarka nadaje si\u0119 optymalnie do szklanek i naczy\u0144 z wymiarem kosza 500\u00a0x\u00a0500\u00a0mm. Ze wzgl\u0119du na przestronne wn\u0119trze zmieszcz\u0105 si\u0119 r\u00f3wnie\u017c blachy do pieczenia, tace, pojemniki na mi\u0119so do 600\u00a0x\u00a0400\u00a0mm oraz inne naczynia.<\/p><\/p>","_et_gb_content_width":""},"pwb-brand":[1577],"product_brand":[],"product_cat":[497],"product_tag":[],"class_list":{"0":"post-51342","1":"product","2":"type-product","3":"status-publish","4":"has-post-thumbnail","6":"pwb-brand-bartscher","7":"product_cat-zmywarki-do-garnkow-i-naczyn","9":"first","10":"instock","11":"taxable","12":"shipping-taxable","13":"purchasable","14":"product-type-simple"},"brands":[{"id":1577,"name":"Bartscher","slug":"bartscher"}],"_links":{"self":[{"href":"https:\/\/www.multifrigo.pl\/sklep\/wp-json\/wp\/v2\/product\/51342","targetHints":{"allow":["GET"]}}],"collection":[{"href":"https:\/\/www.multifrigo.pl\/sklep\/wp-json\/wp\/v2\/product"}],"about":[{"href":"https:\/\/www.multifrigo.pl\/sklep\/wp-json\/wp\/v2\/types\/product"}],"wp:featuredmedia":[{"embeddable":true,"href":"https:\/\/www.multifrigo.pl\/sklep\/wp-json\/wp\/v2\/media\/56960"}],"wp:attachment":[{"href":"https:\/\/www.multifrigo.pl\/sklep\/wp-json\/wp\/v2\/media?parent=51342"}],"wp:term":[{"taxonomy":"pwb-brand","embeddable":true,"href":"https:\/\/www.multifrigo.pl\/sklep\/wp-json\/wp\/v2\/pwb-brand?post=51342"},{"taxonomy":"product_brand","embeddable":true,"href":"https:\/\/www.multifrigo.pl\/sklep\/wp-json\/wp\/v2\/product_brand?post=51342"},{"taxonomy":"product_cat","embeddable":true,"href":"https:\/\/www.multifrigo.pl\/sklep\/wp-json\/wp\/v2\/product_cat?post=51342"},{"taxonomy":"product_tag","embeddable":true,"href":"https:\/\/www.multifrigo.pl\/sklep\/wp-json\/wp\/v2\/product_tag?post=51342"}],"curies":[{"name":"wp","href":"https:\/\/api.w.org\/{rel}","templated":true}]}}