{"id":57063,"date":"2024-09-11T09:49:30","date_gmt":"2024-09-11T09:49:30","guid":{"rendered":"https:\/\/www.multifrigo.pl\/sklep\/?post_type=product&#038;p=57063"},"modified":"2024-09-12T14:00:27","modified_gmt":"2024-09-12T14:00:27","slug":"nieprzywierajaca-taca-gn-1-1-do-piecow-galileo-spo-smeg-t11th20","status":"publish","type":"product","link":"https:\/\/www.multifrigo.pl\/sklep\/produkt\/nieprzywierajaca-taca-gn-1-1-do-piecow-galileo-spo-smeg-t11th20\/","title":{"rendered":"Nieprzywieraj\u0105ca taca GN 1\/1 do piec\u00f3w Galileo SPO | Smeg T11TH20"},"content":{"rendered":"<p>Nieprzywieraj\u0105ca taca GN 1\/1 o g\u0142\u0119boko\u015bci 2 cm do piec\u00f3w Galileo SPO\u2026<\/p>\n","protected":false},"excerpt":{"rendered":"<p>Nieprzywieraj\u0105ca taca GN 1\/1 o g\u0142\u0119boko\u015bci 2 cm do piec\u00f3w Galileo SPO\u2026<\/p>\n","protected":false},"featured_media":57335,"template":"","meta":{"_et_pb_use_builder":"","_et_pb_old_content":"","_et_gb_content_width":""},"pwb-brand":[680],"product_brand":[],"product_cat":[546],"product_tag":[],"class_list":{"0":"post-57063","1":"product","2":"type-product","3":"status-publish","4":"has-post-thumbnail","6":"pwb-brand-smeg","7":"product_cat-blachy-do-piecow","9":"first","10":"instock","11":"taxable","12":"shipping-taxable","13":"purchasable","14":"product-type-simple"},"brands":[{"id":680,"name":"Smeg","slug":"smeg"}],"_links":{"self":[{"href":"https:\/\/www.multifrigo.pl\/sklep\/wp-json\/wp\/v2\/product\/57063","targetHints":{"allow":["GET"]}}],"collection":[{"href":"https:\/\/www.multifrigo.pl\/sklep\/wp-json\/wp\/v2\/product"}],"about":[{"href":"https:\/\/www.multifrigo.pl\/sklep\/wp-json\/wp\/v2\/types\/product"}],"wp:featuredmedia":[{"embeddable":true,"href":"https:\/\/www.multifrigo.pl\/sklep\/wp-json\/wp\/v2\/media\/57335"}],"wp:attachment":[{"href":"https:\/\/www.multifrigo.pl\/sklep\/wp-json\/wp\/v2\/media?parent=57063"}],"wp:term":[{"taxonomy":"pwb-brand","embeddable":true,"href":"https:\/\/www.multifrigo.pl\/sklep\/wp-json\/wp\/v2\/pwb-brand?post=57063"},{"taxonomy":"product_brand","embeddable":true,"href":"https:\/\/www.multifrigo.pl\/sklep\/wp-json\/wp\/v2\/product_brand?post=57063"},{"taxonomy":"product_cat","embeddable":true,"href":"https:\/\/www.multifrigo.pl\/sklep\/wp-json\/wp\/v2\/product_cat?post=57063"},{"taxonomy":"product_tag","embeddable":true,"href":"https:\/\/www.multifrigo.pl\/sklep\/wp-json\/wp\/v2\/product_tag?post=57063"}],"curies":[{"name":"wp","href":"https:\/\/api.w.org\/{rel}","templated":true}]}}