{"id":57070,"date":"2024-09-11T09:49:36","date_gmt":"2024-09-11T09:49:36","guid":{"rendered":"https:\/\/www.multifrigo.pl\/sklep\/?post_type=product&#038;p=57070"},"modified":"2024-09-12T14:00:30","modified_gmt":"2024-09-12T14:00:30","slug":"okap-kondensacyjny-do-piecow-z-serii-alfa420-625-1035-stal-nierdzewna-smeg-k4610x","status":"publish","type":"product","link":"https:\/\/www.multifrigo.pl\/sklep\/produkt\/okap-kondensacyjny-do-piecow-z-serii-alfa420-625-1035-stal-nierdzewna-smeg-k4610x\/","title":{"rendered":"Okap kondensacyjny do piec\u00f3w z serii ALFA420\/625\/1035, stal nierdzewna | Smeg K4610X"},"content":{"rendered":"<p>Okap kondensacyjny do piec\u00f3w z serii ALFA420\/625\/1035, stal nierdzewna, 3 pr\u0119dko\u015bci + intensywny. Szeroko\u015b\u0107: 60 cm<\/p>\n","protected":false},"excerpt":{"rendered":"<p>Okap kondensacyjny do piec\u00f3w z serii ALFA420\/625\/1035, stal nierdzewna, 3 pr\u0119dko\u015bci + intensywny. Szeroko\u015b\u0107: 60 cm<\/p>\n","protected":false},"featured_media":57340,"template":"","meta":{"_et_pb_use_builder":"","_et_pb_old_content":"","_et_gb_content_width":""},"pwb-brand":[680],"product_brand":[],"product_cat":[549],"product_tag":[],"class_list":{"0":"post-57070","1":"product","2":"type-product","3":"status-publish","4":"has-post-thumbnail","6":"pwb-brand-smeg","7":"product_cat-okapy-do-piecow","9":"first","10":"instock","11":"taxable","12":"shipping-taxable","13":"purchasable","14":"product-type-simple"},"brands":[{"id":680,"name":"Smeg","slug":"smeg"}],"_links":{"self":[{"href":"https:\/\/www.multifrigo.pl\/sklep\/wp-json\/wp\/v2\/product\/57070","targetHints":{"allow":["GET"]}}],"collection":[{"href":"https:\/\/www.multifrigo.pl\/sklep\/wp-json\/wp\/v2\/product"}],"about":[{"href":"https:\/\/www.multifrigo.pl\/sklep\/wp-json\/wp\/v2\/types\/product"}],"wp:featuredmedia":[{"embeddable":true,"href":"https:\/\/www.multifrigo.pl\/sklep\/wp-json\/wp\/v2\/media\/57340"}],"wp:attachment":[{"href":"https:\/\/www.multifrigo.pl\/sklep\/wp-json\/wp\/v2\/media?parent=57070"}],"wp:term":[{"taxonomy":"pwb-brand","embeddable":true,"href":"https:\/\/www.multifrigo.pl\/sklep\/wp-json\/wp\/v2\/pwb-brand?post=57070"},{"taxonomy":"product_brand","embeddable":true,"href":"https:\/\/www.multifrigo.pl\/sklep\/wp-json\/wp\/v2\/product_brand?post=57070"},{"taxonomy":"product_cat","embeddable":true,"href":"https:\/\/www.multifrigo.pl\/sklep\/wp-json\/wp\/v2\/product_cat?post=57070"},{"taxonomy":"product_tag","embeddable":true,"href":"https:\/\/www.multifrigo.pl\/sklep\/wp-json\/wp\/v2\/product_tag?post=57070"}],"curies":[{"name":"wp","href":"https:\/\/api.w.org\/{rel}","templated":true}]}}