{"id":57074,"date":"2024-09-11T09:49:41","date_gmt":"2024-09-11T09:49:41","guid":{"rendered":"https:\/\/www.multifrigo.pl\/sklep\/?post_type=product&#038;p=57074"},"modified":"2024-09-12T14:00:31","modified_gmt":"2024-09-12T14:00:31","slug":"podstawa-do-piecow-z-serii-alfa420-oraz-alfa625-16-blach-smeg-tvl425","status":"publish","type":"product","link":"https:\/\/www.multifrigo.pl\/sklep\/produkt\/podstawa-do-piecow-z-serii-alfa420-oraz-alfa625-16-blach-smeg-tvl425\/","title":{"rendered":"Podstawa do piec\u00f3w z serii ALFA420 oraz ALFA625, 16 blach | Smeg TVL425"},"content":{"rendered":"<p>Podstawa do piec\u00f3w z serii ALFA420 oraz ALFA625. Wymiary (SxGxW): 800x800x900 mm. Pojemno\u015b\u0107: 16 blach<\/p>\n","protected":false},"excerpt":{"rendered":"<p>Podstawa do piec\u00f3w z serii ALFA420 oraz ALFA625. Wymiary (SxGxW): 800x800x900 mm. Pojemno\u015b\u0107: 16 blach<\/p>\n","protected":false},"featured_media":57346,"template":"","meta":{"_et_pb_use_builder":"","_et_pb_old_content":"","_et_gb_content_width":""},"pwb-brand":[680],"product_brand":[],"product_cat":[542],"product_tag":[],"class_list":{"0":"post-57074","1":"product","2":"type-product","3":"status-publish","4":"has-post-thumbnail","6":"pwb-brand-smeg","7":"product_cat-podstawy-pod-piece","9":"first","10":"instock","11":"taxable","12":"shipping-taxable","13":"purchasable","14":"product-type-simple"},"brands":[{"id":680,"name":"Smeg","slug":"smeg"}],"_links":{"self":[{"href":"https:\/\/www.multifrigo.pl\/sklep\/wp-json\/wp\/v2\/product\/57074","targetHints":{"allow":["GET"]}}],"collection":[{"href":"https:\/\/www.multifrigo.pl\/sklep\/wp-json\/wp\/v2\/product"}],"about":[{"href":"https:\/\/www.multifrigo.pl\/sklep\/wp-json\/wp\/v2\/types\/product"}],"wp:featuredmedia":[{"embeddable":true,"href":"https:\/\/www.multifrigo.pl\/sklep\/wp-json\/wp\/v2\/media\/57346"}],"wp:attachment":[{"href":"https:\/\/www.multifrigo.pl\/sklep\/wp-json\/wp\/v2\/media?parent=57074"}],"wp:term":[{"taxonomy":"pwb-brand","embeddable":true,"href":"https:\/\/www.multifrigo.pl\/sklep\/wp-json\/wp\/v2\/pwb-brand?post=57074"},{"taxonomy":"product_brand","embeddable":true,"href":"https:\/\/www.multifrigo.pl\/sklep\/wp-json\/wp\/v2\/product_brand?post=57074"},{"taxonomy":"product_cat","embeddable":true,"href":"https:\/\/www.multifrigo.pl\/sklep\/wp-json\/wp\/v2\/product_cat?post=57074"},{"taxonomy":"product_tag","embeddable":true,"href":"https:\/\/www.multifrigo.pl\/sklep\/wp-json\/wp\/v2\/product_tag?post=57074"}],"curies":[{"name":"wp","href":"https:\/\/api.w.org\/{rel}","templated":true}]}}