{"id":57085,"date":"2024-09-11T09:49:54","date_gmt":"2024-09-11T09:49:54","guid":{"rendered":"https:\/\/www.multifrigo.pl\/sklep\/?post_type=product&#038;p=57085"},"modified":"2024-09-12T14:00:34","modified_gmt":"2024-09-12T14:00:34","slug":"komora-wyrostu-z-nawilzaniem-do-piecow-z-serii-alfa43-alfa45-smeg-lev43xv-3","status":"publish","type":"product","link":"https:\/\/www.multifrigo.pl\/sklep\/produkt\/komora-wyrostu-z-nawilzaniem-do-piecow-z-serii-alfa43-alfa45-smeg-lev43xv-3\/","title":{"rendered":"Komora wyrostu z nawil\u017caniem do piec\u00f3w z serii ALFA43, ALFA45 | Smeg LEV43XV-3"},"content":{"rendered":"<p>Komora wyrostu z nawil\u017caniem do piec\u00f3w z serii ALFA43 oraz ALFA45. Maksymalna temperatura: 90\u00b0C, odleg\u0142o\u015b\u0107 mi\u0119dzy prowadnicami: 75 mm, 230V 1N 50\/60Hz &#8211; 2 kW. Wymiary (SxGxW): 600x600x950 mm. Pojemno\u015b\u0107: 8 blach<\/p>\n","protected":false},"excerpt":{"rendered":"<p>Komora wyrostu z nawil\u017caniem do piec\u00f3w z serii ALFA43 oraz ALFA45. Maksymalna temperatura: 90\u00b0C, odleg\u0142o\u015b\u0107 mi\u0119dzy prowadnicami: 75 mm, 230V 1N 50\/60Hz &#8211; 2 kW. Wymiary (SxGxW): 600x600x950 mm. Pojemno\u015b\u0107: 8 blach<\/p>\n","protected":false},"featured_media":57363,"template":"","meta":{"_et_pb_use_builder":"","_et_pb_old_content":"","_et_gb_content_width":""},"pwb-brand":[680],"product_brand":[],"product_cat":[551],"product_tag":[],"class_list":{"0":"post-57085","1":"product","2":"type-product","3":"status-publish","4":"has-post-thumbnail","6":"pwb-brand-smeg","7":"product_cat-komory-wzrostowe-garowniki","9":"first","10":"instock","11":"taxable","12":"shipping-taxable","13":"purchasable","14":"product-type-simple"},"brands":[{"id":680,"name":"Smeg","slug":"smeg"}],"_links":{"self":[{"href":"https:\/\/www.multifrigo.pl\/sklep\/wp-json\/wp\/v2\/product\/57085","targetHints":{"allow":["GET"]}}],"collection":[{"href":"https:\/\/www.multifrigo.pl\/sklep\/wp-json\/wp\/v2\/product"}],"about":[{"href":"https:\/\/www.multifrigo.pl\/sklep\/wp-json\/wp\/v2\/types\/product"}],"wp:featuredmedia":[{"embeddable":true,"href":"https:\/\/www.multifrigo.pl\/sklep\/wp-json\/wp\/v2\/media\/57363"}],"wp:attachment":[{"href":"https:\/\/www.multifrigo.pl\/sklep\/wp-json\/wp\/v2\/media?parent=57085"}],"wp:term":[{"taxonomy":"pwb-brand","embeddable":true,"href":"https:\/\/www.multifrigo.pl\/sklep\/wp-json\/wp\/v2\/pwb-brand?post=57085"},{"taxonomy":"product_brand","embeddable":true,"href":"https:\/\/www.multifrigo.pl\/sklep\/wp-json\/wp\/v2\/product_brand?post=57085"},{"taxonomy":"product_cat","embeddable":true,"href":"https:\/\/www.multifrigo.pl\/sklep\/wp-json\/wp\/v2\/product_cat?post=57085"},{"taxonomy":"product_tag","embeddable":true,"href":"https:\/\/www.multifrigo.pl\/sklep\/wp-json\/wp\/v2\/product_tag?post=57085"}],"curies":[{"name":"wp","href":"https:\/\/api.w.org\/{rel}","templated":true}]}}