{"id":57093,"date":"2024-09-11T09:50:08","date_gmt":"2024-09-11T09:50:08","guid":{"rendered":"https:\/\/www.multifrigo.pl\/sklep\/produkt\/piec-konwekcyjny-6-blach-elektroniczny-5-poziomow-nawilzania-termosonda-zawias-po-lewej-stronie-smeg-alfa625e1hds\/"},"modified":"2024-09-12T14:00:20","modified_gmt":"2024-09-12T14:00:20","slug":"piec-konwekcyjny-6-blach-elektroniczny-5-poziomow-nawilzania-termosonda-zawias-po-lewej-stronie-smeg-alfa625e1hds","status":"publish","type":"product","link":"https:\/\/www.multifrigo.pl\/sklep\/produkt\/piec-konwekcyjny-6-blach-elektroniczny-5-poziomow-nawilzania-termosonda-zawias-po-lewej-stronie-smeg-alfa625e1hds\/","title":{"rendered":"Piec konwekcyjny, 6 blach, elektroniczny, 5 poziom\u00f3w nawil\u017cania, termosonda, zawias po lewej stronie | Smeg ALFA625E1HDS"},"content":{"rendered":"<p>Piec konwekcyjny, 6 blach, elektroniczny, 5 poziom\u00f3w nawil\u017cania + manualny, regulacja pr\u0119dko\u015bci wentylatora, termosonda. Wymiary (SxGxW): 798x757x793 mm. Zawiasy po lewej stronie<\/p>\n","protected":false},"excerpt":{"rendered":"<p>Piec konwekcyjny, 6 blach, elektroniczny, 5 poziom\u00f3w nawil\u017cania + manualny, regulacja pr\u0119dko\u015bci wentylatora, termosonda. Wymiary (SxGxW): 798x757x793 mm. Zawiasy po lewej stronie<\/p>\n","protected":false},"featured_media":57283,"template":"","meta":{"_et_pb_use_builder":"","_et_pb_old_content":"","_et_gb_content_width":""},"pwb-brand":[680],"product_brand":[],"product_cat":[463],"product_tag":[],"class_list":{"0":"post-57093","1":"product","2":"type-product","3":"status-publish","4":"has-post-thumbnail","6":"pwb-brand-smeg","7":"product_cat-piece-konwekcyjne","9":"first","10":"instock","11":"taxable","12":"shipping-taxable","13":"purchasable","14":"product-type-simple"},"brands":[{"id":680,"name":"Smeg","slug":"smeg"}],"_links":{"self":[{"href":"https:\/\/www.multifrigo.pl\/sklep\/wp-json\/wp\/v2\/product\/57093","targetHints":{"allow":["GET"]}}],"collection":[{"href":"https:\/\/www.multifrigo.pl\/sklep\/wp-json\/wp\/v2\/product"}],"about":[{"href":"https:\/\/www.multifrigo.pl\/sklep\/wp-json\/wp\/v2\/types\/product"}],"wp:featuredmedia":[{"embeddable":true,"href":"https:\/\/www.multifrigo.pl\/sklep\/wp-json\/wp\/v2\/media\/57283"}],"wp:attachment":[{"href":"https:\/\/www.multifrigo.pl\/sklep\/wp-json\/wp\/v2\/media?parent=57093"}],"wp:term":[{"taxonomy":"pwb-brand","embeddable":true,"href":"https:\/\/www.multifrigo.pl\/sklep\/wp-json\/wp\/v2\/pwb-brand?post=57093"},{"taxonomy":"product_brand","embeddable":true,"href":"https:\/\/www.multifrigo.pl\/sklep\/wp-json\/wp\/v2\/product_brand?post=57093"},{"taxonomy":"product_cat","embeddable":true,"href":"https:\/\/www.multifrigo.pl\/sklep\/wp-json\/wp\/v2\/product_cat?post=57093"},{"taxonomy":"product_tag","embeddable":true,"href":"https:\/\/www.multifrigo.pl\/sklep\/wp-json\/wp\/v2\/product_tag?post=57093"}],"curies":[{"name":"wp","href":"https:\/\/api.w.org\/{rel}","templated":true}]}}