{"id":57095,"date":"2024-09-11T09:50:16","date_gmt":"2024-09-11T09:50:16","guid":{"rendered":"https:\/\/www.multifrigo.pl\/sklep\/produkt\/piec-konwekcyjny-10-blach-elektromechaniczny-manualne-nawilzanie-zawias-po-prawej-stronie-smeg-alfa1035hr-2\/"},"modified":"2024-09-12T14:00:20","modified_gmt":"2024-09-12T14:00:20","slug":"piec-konwekcyjny-10-blach-elektromechaniczny-manualne-nawilzanie-zawias-po-prawej-stronie-smeg-alfa1035hr-2","status":"publish","type":"product","link":"https:\/\/www.multifrigo.pl\/sklep\/produkt\/piec-konwekcyjny-10-blach-elektromechaniczny-manualne-nawilzanie-zawias-po-prawej-stronie-smeg-alfa1035hr-2\/","title":{"rendered":"Piec konwekcyjny, 10 blach, elektromechaniczny, manualne nawil\u017canie, zawias po prawej stronie | Smeg ALFA1035HR-2"},"content":{"rendered":"<p><LI>Piec konwekcyjny <LI>Sterowanie: elektromechaniczne, prawy zawias <LI>Pojemno\u015b\u0107: 10 blach 600&#215;400 mm lub GN 1\/1 <LI>Pod\u0142\u0105czenie elektryczne \/ Ca\u0142kowita moc przy\u0142\u0105czeniowa: 400V 3N 50Hz \/ 15,7 kW <LI>Odleg\u0142o\u015b\u0107 mi\u0119dzy prowadnicami: 77 mm <LI>System nawil\u017cania: bezpo\u015brednie nawil\u017canie dla ka\u017cdego wentylatora, manualne ustawienie <LI>Regulacja termostatu: 50 &#8211; 270\u00b0C <LI>Regulacja timera: 0 &#8211; 60&#8242; \/ manualna <LI>Ilo\u015b\u0107 wentylator\u00f3w: 3 wentylatory pracuj\u0105ce w przeciwleg\u0142ych kierunkach, naprzemiennie <LI>Komora pieczenia: stal nierdzewna <LI>Otwieranie drzwi: boczne &#8211; zawiasy po prawej stronie <LI>Funkcje pieczenia: konwekcja; konwekcja + nawil\u017canie <LI>Kompatybilne rozmiary blach: GN1\/1 o g\u0142\u0119boko\u015bci minimalnej 20 mm <LI>Konstrukcja: stal nierdzewna <LI>Przy\u0142\u0105cze wody 3\/4, umieszczone z ty\u0142u urz\u0105dzenia <LI>Pokr\u0119t\u0142o odprowadzenia pary powsta\u0142ej podczas pieczenia <LI>Regulowane n\u00f3\u017cki <LI>Podw\u00f3jnie przeszklone drzwi, otwierane do ko\u0144ca<\/p>\n","protected":false},"excerpt":{"rendered":"<p>Piec konwekcyjny Sterowanie: elektromechaniczne, prawy zawias Pojemno\u015b\u0107: 10 blach 600&#215;400 mm lub GN 1\/1 Pod\u0142\u0105czenie elektryczne \/ Ca\u0142kowita moc przy\u0142\u0105czeniowa: 400V 3N 50Hz \/ 15,7 kW Odleg\u0142o\u015b\u0107 mi\u0119dzy prowadnicami: 77 mm System nawil\u017cania: bezpo\u015brednie nawil\u017canie dla ka\u017cdego wentylatora, manualne ustawienie Regulacja termostatu: 50 &#8211; 270\u00b0C Regulacja timera: 0 &#8211; 60&#8242; \/ manualna Ilo\u015b\u0107 wentylator\u00f3w: 3 [&hellip;]<\/p>\n","protected":false},"featured_media":57290,"template":"","meta":{"_et_pb_use_builder":"","_et_pb_old_content":"","_et_gb_content_width":""},"pwb-brand":[680],"product_brand":[],"product_cat":[463],"product_tag":[],"class_list":{"0":"post-57095","1":"product","2":"type-product","3":"status-publish","4":"has-post-thumbnail","6":"pwb-brand-smeg","7":"product_cat-piece-konwekcyjne","9":"first","10":"instock","11":"taxable","12":"shipping-taxable","13":"purchasable","14":"product-type-simple"},"brands":[{"id":680,"name":"Smeg","slug":"smeg"}],"_links":{"self":[{"href":"https:\/\/www.multifrigo.pl\/sklep\/wp-json\/wp\/v2\/product\/57095","targetHints":{"allow":["GET"]}}],"collection":[{"href":"https:\/\/www.multifrigo.pl\/sklep\/wp-json\/wp\/v2\/product"}],"about":[{"href":"https:\/\/www.multifrigo.pl\/sklep\/wp-json\/wp\/v2\/types\/product"}],"wp:featuredmedia":[{"embeddable":true,"href":"https:\/\/www.multifrigo.pl\/sklep\/wp-json\/wp\/v2\/media\/57290"}],"wp:attachment":[{"href":"https:\/\/www.multifrigo.pl\/sklep\/wp-json\/wp\/v2\/media?parent=57095"}],"wp:term":[{"taxonomy":"pwb-brand","embeddable":true,"href":"https:\/\/www.multifrigo.pl\/sklep\/wp-json\/wp\/v2\/pwb-brand?post=57095"},{"taxonomy":"product_brand","embeddable":true,"href":"https:\/\/www.multifrigo.pl\/sklep\/wp-json\/wp\/v2\/product_brand?post=57095"},{"taxonomy":"product_cat","embeddable":true,"href":"https:\/\/www.multifrigo.pl\/sklep\/wp-json\/wp\/v2\/product_cat?post=57095"},{"taxonomy":"product_tag","embeddable":true,"href":"https:\/\/www.multifrigo.pl\/sklep\/wp-json\/wp\/v2\/product_tag?post=57095"}],"curies":[{"name":"wp","href":"https:\/\/api.w.org\/{rel}","templated":true}]}}