{"id":57100,"date":"2024-09-11T09:50:37","date_gmt":"2024-09-11T09:50:37","guid":{"rendered":"https:\/\/www.multifrigo.pl\/sklep\/produkt\/piec-konwekcyjny-4-blachy-elektromechaniczny-manualne-nawilzanie-zawias-po-lewej-stronie-smeg-alfa425h-2\/"},"modified":"2024-09-12T14:00:22","modified_gmt":"2024-09-12T14:00:22","slug":"piec-konwekcyjny-4-blachy-elektromechaniczny-manualne-nawilzanie-zawias-po-lewej-stronie-smeg-alfa425h-2","status":"publish","type":"product","link":"https:\/\/www.multifrigo.pl\/sklep\/produkt\/piec-konwekcyjny-4-blachy-elektromechaniczny-manualne-nawilzanie-zawias-po-lewej-stronie-smeg-alfa425h-2\/","title":{"rendered":"Piec konwekcyjny, 4 blachy, elektromechaniczny, manualne nawil\u017canie, zawias po lewej stronie | Smeg ALFA425H-2"},"content":{"rendered":"<p><LI>Piec konwekcyjny <LI>Sterowanie: elektromechaniczne <LI>Pojemno\u015b\u0107: 4 blachy 600&#215;400 mm lub GN 1\/1 <LI>Pod\u0142\u0105czenie elektryczne \/ Ca\u0142kowita moc przy\u0142\u0105czeniowa: 400V 3N 50Hz \/ 6,9 kW; 230V 1N 50Hz \/ 6,9 kW <LI>Ilo\u015b\u0107 wentylator\u00f3w: 2 wentylatory pracuj\u0105ce w przeciwleg\u0142ych kierunkach, naprzemiennie <LI>Komora pieczenia: stal nierdzewna <LI>Otwieranie drzwi: otwieranie boczne <LI>Kompatybilne rozmiary blach: GN1\/1 o g\u0142\u0119boko\u015bci minimalnej 20 mm <LI>Konstrukcja: stal nierdzewna<\/p>\n","protected":false},"excerpt":{"rendered":"<p>Piec konwekcyjny Sterowanie: elektromechaniczne Pojemno\u015b\u0107: 4 blachy 600&#215;400 mm lub GN 1\/1 Pod\u0142\u0105czenie elektryczne \/ Ca\u0142kowita moc przy\u0142\u0105czeniowa: 400V 3N 50Hz \/ 6,9 kW; 230V 1N 50Hz \/ 6,9 kW Ilo\u015b\u0107 wentylator\u00f3w: 2 wentylatory pracuj\u0105ce w przeciwleg\u0142ych kierunkach, naprzemiennie Komora pieczenia: stal nierdzewna Otwieranie drzwi: otwieranie boczne Kompatybilne rozmiary blach: GN1\/1 o g\u0142\u0119boko\u015bci minimalnej 20 [&hellip;]<\/p>\n","protected":false},"featured_media":57298,"template":"","meta":{"_et_pb_use_builder":"","_et_pb_old_content":"","_et_gb_content_width":""},"pwb-brand":[680],"product_brand":[],"product_cat":[463],"product_tag":[],"class_list":{"0":"post-57100","1":"product","2":"type-product","3":"status-publish","4":"has-post-thumbnail","6":"pwb-brand-smeg","7":"product_cat-piece-konwekcyjne","9":"first","10":"instock","11":"taxable","12":"shipping-taxable","13":"purchasable","14":"product-type-simple"},"brands":[{"id":680,"name":"Smeg","slug":"smeg"}],"_links":{"self":[{"href":"https:\/\/www.multifrigo.pl\/sklep\/wp-json\/wp\/v2\/product\/57100","targetHints":{"allow":["GET"]}}],"collection":[{"href":"https:\/\/www.multifrigo.pl\/sklep\/wp-json\/wp\/v2\/product"}],"about":[{"href":"https:\/\/www.multifrigo.pl\/sklep\/wp-json\/wp\/v2\/types\/product"}],"wp:featuredmedia":[{"embeddable":true,"href":"https:\/\/www.multifrigo.pl\/sklep\/wp-json\/wp\/v2\/media\/57298"}],"wp:attachment":[{"href":"https:\/\/www.multifrigo.pl\/sklep\/wp-json\/wp\/v2\/media?parent=57100"}],"wp:term":[{"taxonomy":"pwb-brand","embeddable":true,"href":"https:\/\/www.multifrigo.pl\/sklep\/wp-json\/wp\/v2\/pwb-brand?post=57100"},{"taxonomy":"product_brand","embeddable":true,"href":"https:\/\/www.multifrigo.pl\/sklep\/wp-json\/wp\/v2\/product_brand?post=57100"},{"taxonomy":"product_cat","embeddable":true,"href":"https:\/\/www.multifrigo.pl\/sklep\/wp-json\/wp\/v2\/product_cat?post=57100"},{"taxonomy":"product_tag","embeddable":true,"href":"https:\/\/www.multifrigo.pl\/sklep\/wp-json\/wp\/v2\/product_tag?post=57100"}],"curies":[{"name":"wp","href":"https:\/\/api.w.org\/{rel}","templated":true}]}}