{"id":57102,"date":"2024-09-11T09:50:42","date_gmt":"2024-09-11T09:50:42","guid":{"rendered":"https:\/\/www.multifrigo.pl\/sklep\/produkt\/piec-konwekcyjny-4-blachy-elektromechaniczny-smeg-alfa43x\/"},"modified":"2024-09-12T14:01:19","modified_gmt":"2024-09-12T14:01:19","slug":"piec-konwekcyjny-4-blachy-elektromechaniczny-smeg-alfa43x","status":"publish","type":"product","link":"https:\/\/www.multifrigo.pl\/sklep\/produkt\/piec-konwekcyjny-4-blachy-elektromechaniczny-smeg-alfa43x\/","title":{"rendered":"Piec konwekcyjny, 4 blachy, elektromechaniczny, zawias uchylny | Smeg ALFA43X"},"content":{"rendered":"<p><LI>Piec konwekcyjny <LI>Sterowanie: elektromechaniczne <LI>Pojemno\u015b\u0107: 4 blachy 435&#215;420 mm <LI>Pod\u0142\u0105czenie elektryczne \/ Ca\u0142kowita moc przy\u0142\u0105czeniowa: 230V 1N 50Hz \/ 3,0 kW <LI>Regulacja termostatu: 50 &#8211; 250\u00b0C <LI>Regulacja timera: 0 &#8211; 60&#8242; \/ manualna <LI>Ilo\u015b\u0107 wentylator\u00f3w: 1 <LI>Komora pieczenia: emaliowana <LI>Otwieranie drzwi: uchylne <LI>Funkcje pieczenia: konwekcja <LI>Konstrukcja: stal nierdzewna <LI>Regulowane n\u00f3\u017cki <LI>Funkcje pieczenia: konwekcja <LI>Podw\u00f3jnie przeszklone drzwi, otwierane do ko\u0144ca <LI>Wyposa\u017cenie standardowe: 4 p\u0142askie blachy aluminiowe <LI>Akcesoria dodatkowe (dodatkowo p\u0142atne): SMEG-3729, SMEG-3735, SMEG-3820, SMEG-3755, SMEG-3780, SMEG-TVL40, SMEG-3926 <\/p>\n","protected":false},"excerpt":{"rendered":"<p>Piec konwekcyjny Sterowanie: elektromechaniczne Pojemno\u015b\u0107: 4 blachy 435&#215;420 mm Pod\u0142\u0105czenie elektryczne \/ Ca\u0142kowita moc przy\u0142\u0105czeniowa: 230V 1N 50Hz \/ 3,0 kW Regulacja termostatu: 50 &#8211; 250\u00b0C Regulacja timera: 0 &#8211; 60&#8242; \/ manualna Ilo\u015b\u0107 wentylator\u00f3w: 1 Komora pieczenia: emaliowana Otwieranie drzwi: uchylne Funkcje pieczenia: konwekcja Konstrukcja: stal nierdzewna Regulowane n\u00f3\u017cki Funkcje pieczenia: konwekcja Podw\u00f3jnie przeszklone [&hellip;]<\/p>\n","protected":false},"featured_media":57300,"template":"","meta":{"_et_pb_use_builder":"","_et_pb_old_content":"","_et_gb_content_width":""},"pwb-brand":[680],"product_brand":[],"product_cat":[463],"product_tag":[],"class_list":{"0":"post-57102","1":"product","2":"type-product","3":"status-publish","4":"has-post-thumbnail","6":"pwb-brand-smeg","7":"product_cat-piece-konwekcyjne","9":"first","10":"instock","11":"taxable","12":"shipping-taxable","13":"purchasable","14":"product-type-simple"},"brands":[{"id":680,"name":"Smeg","slug":"smeg"}],"_links":{"self":[{"href":"https:\/\/www.multifrigo.pl\/sklep\/wp-json\/wp\/v2\/product\/57102","targetHints":{"allow":["GET"]}}],"collection":[{"href":"https:\/\/www.multifrigo.pl\/sklep\/wp-json\/wp\/v2\/product"}],"about":[{"href":"https:\/\/www.multifrigo.pl\/sklep\/wp-json\/wp\/v2\/types\/product"}],"wp:featuredmedia":[{"embeddable":true,"href":"https:\/\/www.multifrigo.pl\/sklep\/wp-json\/wp\/v2\/media\/57300"}],"wp:attachment":[{"href":"https:\/\/www.multifrigo.pl\/sklep\/wp-json\/wp\/v2\/media?parent=57102"}],"wp:term":[{"taxonomy":"pwb-brand","embeddable":true,"href":"https:\/\/www.multifrigo.pl\/sklep\/wp-json\/wp\/v2\/pwb-brand?post=57102"},{"taxonomy":"product_brand","embeddable":true,"href":"https:\/\/www.multifrigo.pl\/sklep\/wp-json\/wp\/v2\/product_brand?post=57102"},{"taxonomy":"product_cat","embeddable":true,"href":"https:\/\/www.multifrigo.pl\/sklep\/wp-json\/wp\/v2\/product_cat?post=57102"},{"taxonomy":"product_tag","embeddable":true,"href":"https:\/\/www.multifrigo.pl\/sklep\/wp-json\/wp\/v2\/product_tag?post=57102"}],"curies":[{"name":"wp","href":"https:\/\/api.w.org\/{rel}","templated":true}]}}