{"id":57103,"date":"2024-09-11T09:50:44","date_gmt":"2024-09-11T09:50:44","guid":{"rendered":"https:\/\/www.multifrigo.pl\/sklep\/produkt\/piec-wielofunkcyjny-4-blachy-elektroniczny-5-poziomow-nawilzania-2-etapowe-pieczenie-smeg-alfa43xe2hds\/"},"modified":"2024-09-12T14:00:23","modified_gmt":"2024-09-12T14:00:23","slug":"piec-wielofunkcyjny-4-blachy-elektroniczny-5-poziomow-nawilzania-2-etapowe-pieczenie-smeg-alfa43xe2hds","status":"publish","type":"product","link":"https:\/\/www.multifrigo.pl\/sklep\/produkt\/piec-wielofunkcyjny-4-blachy-elektroniczny-5-poziomow-nawilzania-2-etapowe-pieczenie-smeg-alfa43xe2hds\/","title":{"rendered":"Piec wielofunkcyjny, 4 blachy, elektroniczny, 5 poziom\u00f3w nawil\u017cania, 2-etapowe pieczenie | Smeg ALFA43XE2HDS"},"content":{"rendered":"<p>Piec wielofunkcyjny, 435 x 320 mm, 4 blachy, elektroniczny, 5 poziom\u00f3w nawil\u017cania + manualny, 2-etapowe pieczenie + nagrzewanie wst\u0119pne, regulacja pr\u0119dko\u015bci wentylatora. Wymiary (SxGxW): 602x584x537 mm. Zawias uchylny<\/p>\n","protected":false},"excerpt":{"rendered":"<p>Piec wielofunkcyjny, 435 x 320 mm, 4 blachy, elektroniczny, 5 poziom\u00f3w nawil\u017cania + manualny, 2-etapowe pieczenie + nagrzewanie wst\u0119pne, regulacja pr\u0119dko\u015bci wentylatora. Wymiary (SxGxW): 602x584x537 mm. Zawias uchylny<\/p>\n","protected":false},"featured_media":57304,"template":"","meta":{"_et_pb_use_builder":"","_et_pb_old_content":"","_et_gb_content_width":""},"pwb-brand":[680],"product_brand":[],"product_cat":[463],"product_tag":[],"class_list":{"0":"post-57103","1":"product","2":"type-product","3":"status-publish","4":"has-post-thumbnail","6":"pwb-brand-smeg","7":"product_cat-piece-konwekcyjne","9":"first","10":"instock","11":"taxable","12":"shipping-taxable","13":"purchasable","14":"product-type-simple"},"brands":[{"id":680,"name":"Smeg","slug":"smeg"}],"_links":{"self":[{"href":"https:\/\/www.multifrigo.pl\/sklep\/wp-json\/wp\/v2\/product\/57103","targetHints":{"allow":["GET"]}}],"collection":[{"href":"https:\/\/www.multifrigo.pl\/sklep\/wp-json\/wp\/v2\/product"}],"about":[{"href":"https:\/\/www.multifrigo.pl\/sklep\/wp-json\/wp\/v2\/types\/product"}],"wp:featuredmedia":[{"embeddable":true,"href":"https:\/\/www.multifrigo.pl\/sklep\/wp-json\/wp\/v2\/media\/57304"}],"wp:attachment":[{"href":"https:\/\/www.multifrigo.pl\/sklep\/wp-json\/wp\/v2\/media?parent=57103"}],"wp:term":[{"taxonomy":"pwb-brand","embeddable":true,"href":"https:\/\/www.multifrigo.pl\/sklep\/wp-json\/wp\/v2\/pwb-brand?post=57103"},{"taxonomy":"product_brand","embeddable":true,"href":"https:\/\/www.multifrigo.pl\/sklep\/wp-json\/wp\/v2\/product_brand?post=57103"},{"taxonomy":"product_cat","embeddable":true,"href":"https:\/\/www.multifrigo.pl\/sklep\/wp-json\/wp\/v2\/product_cat?post=57103"},{"taxonomy":"product_tag","embeddable":true,"href":"https:\/\/www.multifrigo.pl\/sklep\/wp-json\/wp\/v2\/product_tag?post=57103"}],"curies":[{"name":"wp","href":"https:\/\/api.w.org\/{rel}","templated":true}]}}