{"id":57105,"date":"2024-09-11T09:50:50","date_gmt":"2024-09-11T09:50:50","guid":{"rendered":"https:\/\/www.multifrigo.pl\/sklep\/produkt\/piec-wielofunkcyjny-4-blachy-600-x-400-mm-lub-gn1-1-elektromechaniczny-manualne-nawilzanie-zawias-uchylny-smeg-alfa420mfh-2\/"},"modified":"2024-09-12T14:00:24","modified_gmt":"2024-09-12T14:00:24","slug":"piec-wielofunkcyjny-4-blachy-600-x-400-mm-lub-gn1-1-elektromechaniczny-manualne-nawilzanie-zawias-uchylny-smeg-alfa420mfh-2","status":"publish","type":"product","link":"https:\/\/www.multifrigo.pl\/sklep\/produkt\/piec-wielofunkcyjny-4-blachy-600-x-400-mm-lub-gn1-1-elektromechaniczny-manualne-nawilzanie-zawias-uchylny-smeg-alfa420mfh-2\/","title":{"rendered":"Piec wielofunkcyjny, 4 blachy 600 x 400 mm lub GN1\/1, elektromechaniczny, manualne nawil\u017canie, zawias uchylny | Smeg ALFA420MFH-2"},"content":{"rendered":"<p>Piec wielofunkcyjny, 600 x 400 mm lub GN1\/1, 4 blachy, elektromechaniczny, manualne nawil\u017canie, grill, grza\u0142ka g\u00f3ra-d\u00f3\u0142, grza\u0142ka dolna z wentylatorem. Wymiary (SxGxW): 798x747x563 mm. Zawias uchylny<\/p>\n","protected":false},"excerpt":{"rendered":"<p>Piec wielofunkcyjny, 600 x 400 mm lub GN1\/1, 4 blachy, elektromechaniczny, manualne nawil\u017canie, grill, grza\u0142ka g\u00f3ra-d\u00f3\u0142, grza\u0142ka dolna z wentylatorem. Wymiary (SxGxW): 798x747x563 mm. Zawias uchylny<\/p>\n","protected":false},"featured_media":57317,"template":"","meta":{"_et_pb_use_builder":"","_et_pb_old_content":"","_et_gb_content_width":""},"pwb-brand":[680],"product_brand":[],"product_cat":[463],"product_tag":[],"class_list":{"0":"post-57105","1":"product","2":"type-product","3":"status-publish","4":"has-post-thumbnail","6":"pwb-brand-smeg","7":"product_cat-piece-konwekcyjne","9":"first","10":"instock","11":"taxable","12":"shipping-taxable","13":"purchasable","14":"product-type-simple"},"brands":[{"id":680,"name":"Smeg","slug":"smeg"}],"_links":{"self":[{"href":"https:\/\/www.multifrigo.pl\/sklep\/wp-json\/wp\/v2\/product\/57105","targetHints":{"allow":["GET"]}}],"collection":[{"href":"https:\/\/www.multifrigo.pl\/sklep\/wp-json\/wp\/v2\/product"}],"about":[{"href":"https:\/\/www.multifrigo.pl\/sklep\/wp-json\/wp\/v2\/types\/product"}],"wp:featuredmedia":[{"embeddable":true,"href":"https:\/\/www.multifrigo.pl\/sklep\/wp-json\/wp\/v2\/media\/57317"}],"wp:attachment":[{"href":"https:\/\/www.multifrigo.pl\/sklep\/wp-json\/wp\/v2\/media?parent=57105"}],"wp:term":[{"taxonomy":"pwb-brand","embeddable":true,"href":"https:\/\/www.multifrigo.pl\/sklep\/wp-json\/wp\/v2\/pwb-brand?post=57105"},{"taxonomy":"product_brand","embeddable":true,"href":"https:\/\/www.multifrigo.pl\/sklep\/wp-json\/wp\/v2\/product_brand?post=57105"},{"taxonomy":"product_cat","embeddable":true,"href":"https:\/\/www.multifrigo.pl\/sklep\/wp-json\/wp\/v2\/product_cat?post=57105"},{"taxonomy":"product_tag","embeddable":true,"href":"https:\/\/www.multifrigo.pl\/sklep\/wp-json\/wp\/v2\/product_tag?post=57105"}],"curies":[{"name":"wp","href":"https:\/\/api.w.org\/{rel}","templated":true}]}}