{"id":57121,"date":"2024-09-11T09:52:23","date_gmt":"2024-09-11T09:52:23","guid":{"rendered":"https:\/\/www.multifrigo.pl\/sklep\/?post_type=product&#038;p=57121"},"modified":"2024-09-12T14:00:59","modified_gmt":"2024-09-12T14:00:59","slug":"pojemnik-z-polipropylenu-na-sztucce-8-przegrodek-smeg-phoos03","status":"publish","type":"product","link":"https:\/\/www.multifrigo.pl\/sklep\/produkt\/pojemnik-z-polipropylenu-na-sztucce-8-przegrodek-smeg-phoos03\/","title":{"rendered":"Pojemnik z polipropylenu na sztu\u0107ce, 8 przegr\u00f3dek | Smeg PHOOS03"},"content":{"rendered":"<p>Pojemnik z polipropylenu na sztu\u0107ce, 8 przegr\u00f3dek, odpowiedni do zmywarek kapturowych<\/p>\n","protected":false},"excerpt":{"rendered":"<p>Pojemnik z polipropylenu na sztu\u0107ce, 8 przegr\u00f3dek, odpowiedni do zmywarek kapturowych<\/p>\n","protected":false},"featured_media":57535,"template":"","meta":{"_et_pb_use_builder":"","_et_pb_old_content":"","_et_gb_content_width":""},"pwb-brand":[680],"product_brand":[],"product_cat":[499],"product_tag":[],"class_list":{"0":"post-57121","1":"product","2":"type-product","3":"status-publish","4":"has-post-thumbnail","6":"pwb-brand-smeg","7":"product_cat-kosze-do-zmywarek","9":"first","10":"instock","11":"taxable","12":"shipping-taxable","13":"purchasable","14":"product-type-simple"},"brands":[{"id":680,"name":"Smeg","slug":"smeg"}],"_links":{"self":[{"href":"https:\/\/www.multifrigo.pl\/sklep\/wp-json\/wp\/v2\/product\/57121","targetHints":{"allow":["GET"]}}],"collection":[{"href":"https:\/\/www.multifrigo.pl\/sklep\/wp-json\/wp\/v2\/product"}],"about":[{"href":"https:\/\/www.multifrigo.pl\/sklep\/wp-json\/wp\/v2\/types\/product"}],"wp:featuredmedia":[{"embeddable":true,"href":"https:\/\/www.multifrigo.pl\/sklep\/wp-json\/wp\/v2\/media\/57535"}],"wp:attachment":[{"href":"https:\/\/www.multifrigo.pl\/sklep\/wp-json\/wp\/v2\/media?parent=57121"}],"wp:term":[{"taxonomy":"pwb-brand","embeddable":true,"href":"https:\/\/www.multifrigo.pl\/sklep\/wp-json\/wp\/v2\/pwb-brand?post=57121"},{"taxonomy":"product_brand","embeddable":true,"href":"https:\/\/www.multifrigo.pl\/sklep\/wp-json\/wp\/v2\/product_brand?post=57121"},{"taxonomy":"product_cat","embeddable":true,"href":"https:\/\/www.multifrigo.pl\/sklep\/wp-json\/wp\/v2\/product_cat?post=57121"},{"taxonomy":"product_tag","embeddable":true,"href":"https:\/\/www.multifrigo.pl\/sklep\/wp-json\/wp\/v2\/product_tag?post=57121"}],"curies":[{"name":"wp","href":"https:\/\/api.w.org\/{rel}","templated":true}]}}