{"id":57127,"date":"2024-09-11T09:52:31","date_gmt":"2024-09-11T09:52:31","guid":{"rendered":"https:\/\/www.multifrigo.pl\/sklep\/?post_type=product&#038;p=57127"},"modified":"2024-09-12T14:01:03","modified_gmt":"2024-09-12T14:01:03","slug":"kosz-z-siatki-drucianej-na-kieliszki-do-wina-max-o-72-500x500-smeg-wb50g03","status":"publish","type":"product","link":"https:\/\/www.multifrigo.pl\/sklep\/produkt\/kosz-z-siatki-drucianej-na-kieliszki-do-wina-max-o-72-500x500-smeg-wb50g03\/","title":{"rendered":"Kosz z siatki drucianej na kieliszki do wina, max \u00f8 72, 500&#215;500 | Smeg WB50G03"},"content":{"rendered":"<p>Kosz z siatki drucianej na kieliszki do wina, max \u00f872 mm, pochylony sp\u00f3d, wymiary: 500&#215;500 mm<\/p>\n","protected":false},"excerpt":{"rendered":"<p>Kosz z siatki drucianej na kieliszki do wina, max \u00f872 mm, pochylony sp\u00f3d, wymiary: 500&#215;500 mm<\/p>\n","protected":false},"featured_media":57553,"template":"","meta":{"_et_pb_use_builder":"","_et_pb_old_content":"","_et_gb_content_width":""},"pwb-brand":[680],"product_brand":[],"product_cat":[499],"product_tag":[],"class_list":{"0":"post-57127","1":"product","2":"type-product","3":"status-publish","4":"has-post-thumbnail","6":"pwb-brand-smeg","7":"product_cat-kosze-do-zmywarek","9":"first","10":"instock","11":"taxable","12":"shipping-taxable","13":"purchasable","14":"product-type-simple"},"brands":[{"id":680,"name":"Smeg","slug":"smeg"}],"_links":{"self":[{"href":"https:\/\/www.multifrigo.pl\/sklep\/wp-json\/wp\/v2\/product\/57127","targetHints":{"allow":["GET"]}}],"collection":[{"href":"https:\/\/www.multifrigo.pl\/sklep\/wp-json\/wp\/v2\/product"}],"about":[{"href":"https:\/\/www.multifrigo.pl\/sklep\/wp-json\/wp\/v2\/types\/product"}],"wp:featuredmedia":[{"embeddable":true,"href":"https:\/\/www.multifrigo.pl\/sklep\/wp-json\/wp\/v2\/media\/57553"}],"wp:attachment":[{"href":"https:\/\/www.multifrigo.pl\/sklep\/wp-json\/wp\/v2\/media?parent=57127"}],"wp:term":[{"taxonomy":"pwb-brand","embeddable":true,"href":"https:\/\/www.multifrigo.pl\/sklep\/wp-json\/wp\/v2\/pwb-brand?post=57127"},{"taxonomy":"product_brand","embeddable":true,"href":"https:\/\/www.multifrigo.pl\/sklep\/wp-json\/wp\/v2\/product_brand?post=57127"},{"taxonomy":"product_cat","embeddable":true,"href":"https:\/\/www.multifrigo.pl\/sklep\/wp-json\/wp\/v2\/product_cat?post=57127"},{"taxonomy":"product_tag","embeddable":true,"href":"https:\/\/www.multifrigo.pl\/sklep\/wp-json\/wp\/v2\/product_tag?post=57127"}],"curies":[{"name":"wp","href":"https:\/\/api.w.org\/{rel}","templated":true}]}}