{"id":57130,"date":"2024-09-11T09:52:36","date_gmt":"2024-09-11T09:52:36","guid":{"rendered":"https:\/\/www.multifrigo.pl\/sklep\/produkt\/zewnetrzny-zbiornik-5l-do-piecow-z-systemem-nawilzania-smeg-4730\/"},"modified":"2024-09-12T14:00:36","modified_gmt":"2024-09-12T14:00:36","slug":"zewnetrzny-zbiornik-5l-do-piecow-z-systemem-nawilzania-smeg-4730","status":"publish","type":"product","link":"https:\/\/www.multifrigo.pl\/sklep\/produkt\/zewnetrzny-zbiornik-5l-do-piecow-z-systemem-nawilzania-smeg-4730\/","title":{"rendered":"Zewn\u0119trzny zbiornik 5l do piec\u00f3w z systemem nawil\u017cania | Smeg 4730"},"content":{"rendered":"<p>Zewn\u0119trzny zbiornik 5l do piec\u00f3w z systemem nawil\u017cania<\/p>\n","protected":false},"excerpt":{"rendered":"<p>Zewn\u0119trzny zbiornik 5l do piec\u00f3w z systemem nawil\u017cania<\/p>\n","protected":false},"featured_media":57370,"template":"","meta":{"_et_pb_use_builder":"","_et_pb_old_content":"","_et_gb_content_width":""},"pwb-brand":[680],"product_brand":[],"product_cat":[134],"product_tag":[],"class_list":{"0":"post-57130","1":"product","2":"type-product","3":"status-publish","4":"has-post-thumbnail","6":"pwb-brand-smeg","7":"product_cat-akcesoria-do-piecow","9":"first","10":"instock","11":"taxable","12":"shipping-taxable","13":"purchasable","14":"product-type-simple"},"brands":[{"id":680,"name":"Smeg","slug":"smeg"}],"_links":{"self":[{"href":"https:\/\/www.multifrigo.pl\/sklep\/wp-json\/wp\/v2\/product\/57130","targetHints":{"allow":["GET"]}}],"collection":[{"href":"https:\/\/www.multifrigo.pl\/sklep\/wp-json\/wp\/v2\/product"}],"about":[{"href":"https:\/\/www.multifrigo.pl\/sklep\/wp-json\/wp\/v2\/types\/product"}],"wp:featuredmedia":[{"embeddable":true,"href":"https:\/\/www.multifrigo.pl\/sklep\/wp-json\/wp\/v2\/media\/57370"}],"wp:attachment":[{"href":"https:\/\/www.multifrigo.pl\/sklep\/wp-json\/wp\/v2\/media?parent=57130"}],"wp:term":[{"taxonomy":"pwb-brand","embeddable":true,"href":"https:\/\/www.multifrigo.pl\/sklep\/wp-json\/wp\/v2\/pwb-brand?post=57130"},{"taxonomy":"product_brand","embeddable":true,"href":"https:\/\/www.multifrigo.pl\/sklep\/wp-json\/wp\/v2\/product_brand?post=57130"},{"taxonomy":"product_cat","embeddable":true,"href":"https:\/\/www.multifrigo.pl\/sklep\/wp-json\/wp\/v2\/product_cat?post=57130"},{"taxonomy":"product_tag","embeddable":true,"href":"https:\/\/www.multifrigo.pl\/sklep\/wp-json\/wp\/v2\/product_tag?post=57130"}],"curies":[{"name":"wp","href":"https:\/\/api.w.org\/{rel}","templated":true}]}}