{"id":57131,"date":"2024-09-11T09:52:39","date_gmt":"2024-09-11T09:52:39","guid":{"rendered":"https:\/\/www.multifrigo.pl\/sklep\/produkt\/zmywarka-do-szkla-kosz-400x400-podlaczenie-jednofazowe-smeg-ug401dm\/"},"modified":"2024-09-12T14:00:36","modified_gmt":"2024-09-12T14:00:36","slug":"zmywarka-do-szkla-kosz-400x400-podlaczenie-jednofazowe-smeg-ug401dm","status":"publish","type":"product","link":"https:\/\/www.multifrigo.pl\/sklep\/produkt\/zmywarka-do-szkla-kosz-400x400-podlaczenie-jednofazowe-smeg-ug401dm\/","title":{"rendered":"Zmywarka do szk\u0142a, kosz 400&#215;400, pod\u0142\u0105czenie jednofazowe | Smeg UG401DM"},"content":{"rendered":"<p><LI>Zmywarka do szk\u0142a <LI>Sterowanie: elektroniczne <LI>Wymiary kosza: 400&#215;400 mm <LI>Ilo\u015b\u0107 program\u00f3w: 3 <LI>Wydajno\u015b\u0107 kosze\/h: max 40 <LI>Termo-akustyczna izolacja: drzwi <LI>Dozownik nab\u0142yszczacza: perystaltyczna pompa z regulacj\u0105 elektroniczn\u0105 <LI>Dozownik detergentu: perystaltyczna pompa z regulacj\u0105 elektroniczn\u0105 <LI>Wysoko\u015b\u0107 wej\u015bcia do komory: 330 mm <LI>Pojemno\u015b\u0107 zbiornika: 8 l <LI>Pojemno\u015b\u0107 bojlera: 4 l <LI>Pod\u0142\u0105czenie elektryczne \/ Ca\u0142kowita moc przy\u0142\u0105czeniowa: 230V 1N 50Hz \/ 2,6 kW <LI>Moc grza\u0142ki bojlera: 2,7 kW <LI>Moc grza\u0142ki zbiornika: 2 kW <LI>Moc pompy myj\u0105cej: 0,3 kW <LI>System p\u0142ukania: ci\u015bnienie sieci zasilaj\u0105cej <LI>System mycia: pompa myj\u0105ca z systemem Soft Start <LI>Zu\u017cycie wody na cykl: 2,3 l <LI>Konstrukcja: stal nierdzewna AISI 304 o pojedynczej \u015bciance <LI>System spustowy: automatyczna pompa spustowa z cz\u0119\u015bciow\u0105 wymian\u0105 wody w zbiorniku <LI>System filtrowania: zintegrowany plastikowy filtr zbiornika oraz 2-stopniowy filtr spustowy wraz dodatkowym microfiltrem chroni\u0105cym pomp\u0119 <LI>Ramiona myj\u0105ce i p\u0142ucz\u0105ce: 2 po\u0142\u0105czone ramiona myj\u0105ce i nab\u0142yszczaj\u0105ce z systemem szybkiego demonta\u017cu <LI>Wyt\u0142oczone prowadnice koszy <LI>Bojler z pomp\u0105 spustow\u0105 do ca\u0142kowitego odprowadzenia <LI>Funkcja gotowo\u015bci element\u00f3w grzejnych podczas nieu\u017cytkowania zmywarki <LI>Automatyczne mycie zbiornika podczas spustu wody <LI>Zaokr\u0105glona konstrukcja komory myj\u0105cej <LI>Break tank w standardzie <LI>Termostop gwarantuj\u0105cy optymaln\u0105 temperatur\u0119 p\u0142ukania <LI>System automatycznego wykrywania defekt\u00f3w <LI>Temperatura p\u0142ukania 71\u00b0\/85\u00b0C <LI>Funkcja \u015awie\u017cej Wody <LI>Drzwi o podw\u00f3jnych, izolowanych \u015bciankach <LI>Funkcja dodatkowego p\u0142ukania <LI>Wyposa\u017cenie standardowe: 2 kosze PB40G01 oraz pojemnik na sztu\u0107ce PHOOS01 <LI>Wyposa\u017cenie opcjonalne (za dodatkow\u0105 op\u0142at\u0105): PB40G01, PHOOS01, PHOOS02, WB40D01, WB40G01, WB40G02, WH00S01, WH00C01, RB40G01, RB40A2, WP01 <\/p>\n","protected":false},"excerpt":{"rendered":"<p>Zmywarka do szk\u0142a Sterowanie: elektroniczne Wymiary kosza: 400&#215;400 mm Ilo\u015b\u0107 program\u00f3w: 3 Wydajno\u015b\u0107 kosze\/h: max 40 Termo-akustyczna izolacja: drzwi Dozownik nab\u0142yszczacza: perystaltyczna pompa z regulacj\u0105 elektroniczn\u0105 Dozownik detergentu: perystaltyczna pompa z regulacj\u0105 elektroniczn\u0105 Wysoko\u015b\u0107 wej\u015bcia do komory: 330 mm Pojemno\u015b\u0107 zbiornika: 8 l Pojemno\u015b\u0107 bojlera: 4 l Pod\u0142\u0105czenie elektryczne \/ Ca\u0142kowita moc przy\u0142\u0105czeniowa: 230V 1N [&hellip;]<\/p>\n","protected":false},"featured_media":57371,"template":"","meta":{"_et_pb_use_builder":"","_et_pb_old_content":"","_et_gb_content_width":""},"pwb-brand":[680],"product_brand":[],"product_cat":[492],"product_tag":[],"class_list":{"0":"post-57131","1":"product","2":"type-product","3":"status-publish","4":"has-post-thumbnail","6":"pwb-brand-smeg","7":"product_cat-zmywarki-do-szkla-barowe","9":"first","10":"instock","11":"taxable","12":"shipping-taxable","13":"purchasable","14":"product-type-simple"},"brands":[{"id":680,"name":"Smeg","slug":"smeg"}],"_links":{"self":[{"href":"https:\/\/www.multifrigo.pl\/sklep\/wp-json\/wp\/v2\/product\/57131","targetHints":{"allow":["GET"]}}],"collection":[{"href":"https:\/\/www.multifrigo.pl\/sklep\/wp-json\/wp\/v2\/product"}],"about":[{"href":"https:\/\/www.multifrigo.pl\/sklep\/wp-json\/wp\/v2\/types\/product"}],"wp:featuredmedia":[{"embeddable":true,"href":"https:\/\/www.multifrigo.pl\/sklep\/wp-json\/wp\/v2\/media\/57371"}],"wp:attachment":[{"href":"https:\/\/www.multifrigo.pl\/sklep\/wp-json\/wp\/v2\/media?parent=57131"}],"wp:term":[{"taxonomy":"pwb-brand","embeddable":true,"href":"https:\/\/www.multifrigo.pl\/sklep\/wp-json\/wp\/v2\/pwb-brand?post=57131"},{"taxonomy":"product_brand","embeddable":true,"href":"https:\/\/www.multifrigo.pl\/sklep\/wp-json\/wp\/v2\/product_brand?post=57131"},{"taxonomy":"product_cat","embeddable":true,"href":"https:\/\/www.multifrigo.pl\/sklep\/wp-json\/wp\/v2\/product_cat?post=57131"},{"taxonomy":"product_tag","embeddable":true,"href":"https:\/\/www.multifrigo.pl\/sklep\/wp-json\/wp\/v2\/product_tag?post=57131"}],"curies":[{"name":"wp","href":"https:\/\/api.w.org\/{rel}","templated":true}]}}