{"id":57136,"date":"2024-09-11T09:53:02","date_gmt":"2024-09-11T09:53:02","guid":{"rendered":"https:\/\/www.multifrigo.pl\/sklep\/produkt\/zmywarka-do-szkla-kosz-400x400-mm-podlaczenie-jednofazowe-system-plukania-htr-smeg-spg405m\/"},"modified":"2024-09-12T14:00:38","modified_gmt":"2024-09-12T14:00:38","slug":"zmywarka-do-szkla-kosz-400x400-mm-podlaczenie-jednofazowe-system-plukania-htr-smeg-spg405m","status":"publish","type":"product","link":"https:\/\/www.multifrigo.pl\/sklep\/produkt\/zmywarka-do-szkla-kosz-400x400-mm-podlaczenie-jednofazowe-system-plukania-htr-smeg-spg405m\/","title":{"rendered":"Zmywarka do szk\u0142a, kosz 400&#215;400 mm, pod\u0142\u0105czenie jednofazowe, system p\u0142ukania HTR | Smeg SPG405M"},"content":{"rendered":"<p>Zmywarka do szk\u0142a, kosz 400&#215;400 mm, pod\u0142\u0105czenie jednofazowe, system p\u0142ukania HTR. Wymiary (S x G x W): 440 x 530 x 695 mm<\/p>\n","protected":false},"excerpt":{"rendered":"<p>Zmywarka do szk\u0142a, kosz 400&#215;400 mm, pod\u0142\u0105czenie jednofazowe, system p\u0142ukania HTR. Wymiary (S x G x W): 440 x 530 x 695 mm<\/p>\n","protected":false},"featured_media":57376,"template":"","meta":{"_et_pb_use_builder":"","_et_pb_old_content":"","_et_gb_content_width":""},"pwb-brand":[680],"product_brand":[],"product_cat":[492],"product_tag":[],"class_list":{"0":"post-57136","1":"product","2":"type-product","3":"status-publish","4":"has-post-thumbnail","6":"pwb-brand-smeg","7":"product_cat-zmywarki-do-szkla-barowe","9":"first","10":"instock","11":"taxable","12":"shipping-taxable","13":"purchasable","14":"product-type-simple"},"brands":[{"id":680,"name":"Smeg","slug":"smeg"}],"_links":{"self":[{"href":"https:\/\/www.multifrigo.pl\/sklep\/wp-json\/wp\/v2\/product\/57136","targetHints":{"allow":["GET"]}}],"collection":[{"href":"https:\/\/www.multifrigo.pl\/sklep\/wp-json\/wp\/v2\/product"}],"about":[{"href":"https:\/\/www.multifrigo.pl\/sklep\/wp-json\/wp\/v2\/types\/product"}],"wp:featuredmedia":[{"embeddable":true,"href":"https:\/\/www.multifrigo.pl\/sklep\/wp-json\/wp\/v2\/media\/57376"}],"wp:attachment":[{"href":"https:\/\/www.multifrigo.pl\/sklep\/wp-json\/wp\/v2\/media?parent=57136"}],"wp:term":[{"taxonomy":"pwb-brand","embeddable":true,"href":"https:\/\/www.multifrigo.pl\/sklep\/wp-json\/wp\/v2\/pwb-brand?post=57136"},{"taxonomy":"product_brand","embeddable":true,"href":"https:\/\/www.multifrigo.pl\/sklep\/wp-json\/wp\/v2\/product_brand?post=57136"},{"taxonomy":"product_cat","embeddable":true,"href":"https:\/\/www.multifrigo.pl\/sklep\/wp-json\/wp\/v2\/product_cat?post=57136"},{"taxonomy":"product_tag","embeddable":true,"href":"https:\/\/www.multifrigo.pl\/sklep\/wp-json\/wp\/v2\/product_tag?post=57136"}],"curies":[{"name":"wp","href":"https:\/\/api.w.org\/{rel}","templated":true}]}}