{"id":57139,"date":"2024-09-11T09:53:08","date_gmt":"2024-09-11T09:53:08","guid":{"rendered":"https:\/\/www.multifrigo.pl\/sklep\/produkt\/zmywarka-do-szkla-kosz-400x400-mm-podlaczenie-jednofazowe-smeg-spg413m\/"},"modified":"2024-09-12T14:00:39","modified_gmt":"2024-09-12T14:00:39","slug":"zmywarka-do-szkla-kosz-400x400-mm-podlaczenie-jednofazowe-smeg-spg413m","status":"publish","type":"product","link":"https:\/\/www.multifrigo.pl\/sklep\/produkt\/zmywarka-do-szkla-kosz-400x400-mm-podlaczenie-jednofazowe-smeg-spg413m\/","title":{"rendered":"Zmywarka do szk\u0142a, kosz 400&#215;400 mm, pod\u0142\u0105czenie jednofazowe | Smeg SPG413M"},"content":{"rendered":"<p>Zmywarka do szk\u0142a, kosz 400&#215;400 mm, pod\u0142\u0105czenie jednofazowe. Wymiary (S x G x W): 488 x 532 x 705 mm<\/p>\n","protected":false},"excerpt":{"rendered":"<p>Zmywarka do szk\u0142a, kosz 400&#215;400 mm, pod\u0142\u0105czenie jednofazowe. Wymiary (S x G x W): 488 x 532 x 705 mm<\/p>\n","protected":false},"featured_media":57379,"template":"","meta":{"_et_pb_use_builder":"","_et_pb_old_content":"","_et_gb_content_width":""},"pwb-brand":[680],"product_brand":[],"product_cat":[492],"product_tag":[],"class_list":{"0":"post-57139","1":"product","2":"type-product","3":"status-publish","4":"has-post-thumbnail","6":"pwb-brand-smeg","7":"product_cat-zmywarki-do-szkla-barowe","9":"first","10":"instock","11":"taxable","12":"shipping-taxable","13":"purchasable","14":"product-type-simple"},"brands":[{"id":680,"name":"Smeg","slug":"smeg"}],"_links":{"self":[{"href":"https:\/\/www.multifrigo.pl\/sklep\/wp-json\/wp\/v2\/product\/57139","targetHints":{"allow":["GET"]}}],"collection":[{"href":"https:\/\/www.multifrigo.pl\/sklep\/wp-json\/wp\/v2\/product"}],"about":[{"href":"https:\/\/www.multifrigo.pl\/sklep\/wp-json\/wp\/v2\/types\/product"}],"wp:featuredmedia":[{"embeddable":true,"href":"https:\/\/www.multifrigo.pl\/sklep\/wp-json\/wp\/v2\/media\/57379"}],"wp:attachment":[{"href":"https:\/\/www.multifrigo.pl\/sklep\/wp-json\/wp\/v2\/media?parent=57139"}],"wp:term":[{"taxonomy":"pwb-brand","embeddable":true,"href":"https:\/\/www.multifrigo.pl\/sklep\/wp-json\/wp\/v2\/pwb-brand?post=57139"},{"taxonomy":"product_brand","embeddable":true,"href":"https:\/\/www.multifrigo.pl\/sklep\/wp-json\/wp\/v2\/product_brand?post=57139"},{"taxonomy":"product_cat","embeddable":true,"href":"https:\/\/www.multifrigo.pl\/sklep\/wp-json\/wp\/v2\/product_cat?post=57139"},{"taxonomy":"product_tag","embeddable":true,"href":"https:\/\/www.multifrigo.pl\/sklep\/wp-json\/wp\/v2\/product_tag?post=57139"}],"curies":[{"name":"wp","href":"https:\/\/api.w.org\/{rel}","templated":true}]}}