{"id":57143,"date":"2024-09-11T09:53:19","date_gmt":"2024-09-11T09:53:19","guid":{"rendered":"https:\/\/www.multifrigo.pl\/sklep\/produkt\/zmywarka-do-szkla-kosz-400x400-system-plukania-htr-wbudowany-zmiekczacz-1152-naczyn-h-smeg-ug425ds\/"},"modified":"2024-09-12T14:00:40","modified_gmt":"2024-09-12T14:00:40","slug":"zmywarka-do-szkla-kosz-400x400-system-plukania-htr-wbudowany-zmiekczacz-1152-naczyn-h-smeg-ug425ds","status":"publish","type":"product","link":"https:\/\/www.multifrigo.pl\/sklep\/produkt\/zmywarka-do-szkla-kosz-400x400-system-plukania-htr-wbudowany-zmiekczacz-1152-naczyn-h-smeg-ug425ds\/","title":{"rendered":"Zmywarka do szk\u0142a, kosz 400&#215;400, system p\u0142ukania HTR, wbudowany zmi\u0119kczacz, 1152 naczy\u0144\/h | Smeg UG425DS"},"content":{"rendered":"<p>Zmywarka do szk\u0142a, kosz 400&#215;400 mm, system p\u0142ukania HTR, wbudowany zmi\u0119kczacz. Wymiary (SxGxW): 488x532x705 mm<\/p>\n","protected":false},"excerpt":{"rendered":"<p>Zmywarka do szk\u0142a, kosz 400&#215;400 mm, system p\u0142ukania HTR, wbudowany zmi\u0119kczacz. Wymiary (SxGxW): 488x532x705 mm<\/p>\n","protected":false},"featured_media":57399,"template":"","meta":{"_et_pb_use_builder":"","_et_pb_old_content":"","_et_gb_content_width":""},"pwb-brand":[680],"product_brand":[],"product_cat":[492],"product_tag":[],"class_list":{"0":"post-57143","1":"product","2":"type-product","3":"status-publish","4":"has-post-thumbnail","6":"pwb-brand-smeg","7":"product_cat-zmywarki-do-szkla-barowe","9":"first","10":"instock","11":"taxable","12":"shipping-taxable","13":"purchasable","14":"product-type-simple"},"brands":[{"id":680,"name":"Smeg","slug":"smeg"}],"_links":{"self":[{"href":"https:\/\/www.multifrigo.pl\/sklep\/wp-json\/wp\/v2\/product\/57143","targetHints":{"allow":["GET"]}}],"collection":[{"href":"https:\/\/www.multifrigo.pl\/sklep\/wp-json\/wp\/v2\/product"}],"about":[{"href":"https:\/\/www.multifrigo.pl\/sklep\/wp-json\/wp\/v2\/types\/product"}],"wp:featuredmedia":[{"embeddable":true,"href":"https:\/\/www.multifrigo.pl\/sklep\/wp-json\/wp\/v2\/media\/57399"}],"wp:attachment":[{"href":"https:\/\/www.multifrigo.pl\/sklep\/wp-json\/wp\/v2\/media?parent=57143"}],"wp:term":[{"taxonomy":"pwb-brand","embeddable":true,"href":"https:\/\/www.multifrigo.pl\/sklep\/wp-json\/wp\/v2\/pwb-brand?post=57143"},{"taxonomy":"product_brand","embeddable":true,"href":"https:\/\/www.multifrigo.pl\/sklep\/wp-json\/wp\/v2\/product_brand?post=57143"},{"taxonomy":"product_cat","embeddable":true,"href":"https:\/\/www.multifrigo.pl\/sklep\/wp-json\/wp\/v2\/product_cat?post=57143"},{"taxonomy":"product_tag","embeddable":true,"href":"https:\/\/www.multifrigo.pl\/sklep\/wp-json\/wp\/v2\/product_tag?post=57143"}],"curies":[{"name":"wp","href":"https:\/\/api.w.org\/{rel}","templated":true}]}}