{"id":57149,"date":"2024-09-11T09:53:37","date_gmt":"2024-09-11T09:53:37","guid":{"rendered":"https:\/\/www.multifrigo.pl\/sklep\/produkt\/zmywarka-do-naczyn-kosz-500x500-wbudowany-zmiekczacz-smeg-ud510ds\/"},"modified":"2024-09-12T14:00:45","modified_gmt":"2024-09-12T14:00:45","slug":"zmywarka-do-naczyn-kosz-500x500-wbudowany-zmiekczacz-smeg-ud510ds","status":"publish","type":"product","link":"https:\/\/www.multifrigo.pl\/sklep\/produkt\/zmywarka-do-naczyn-kosz-500x500-wbudowany-zmiekczacz-smeg-ud510ds\/","title":{"rendered":"Zmywarka do naczy\u0144, kosz 500&#215;500, wbudowany zmi\u0119kczacz | Smeg UD510DS"},"content":{"rendered":"<p><LI>Zmywarka do naczy\u0144 <LI>Sterowanie: elektroniczne <LI>Wymiary kosza: 500&#215;500 mm <LI>Ilo\u015b\u0107 program\u00f3w: 7 <LI>Wydajno\u015b\u0107 kosze\/h: max 40 <LI>Termo-akustyczna izolacja: drzwi oraz komora mycia <LI>Dozownik nab\u0142yszczacza: perystaltyczna pompa z regulacj\u0105 elektroniczn\u0105 <LI>Wbudowany zmi\u0119kczacz <LI>Dozownik detergentu: perystaltyczna pompa z regulacj\u0105 elektroniczn\u0105 <LI>Wysoko\u015b\u0107 wej\u015bcia do komory: 415 mm <LI>Pojemno\u015b\u0107 zbiornika: 11 l <LI>Pojemno\u015b\u0107 bojlera: 6 l <LI>Pod\u0142\u0105czenie elektryczne \/ Ca\u0142kowita moc przy\u0142\u0105czeniowa: 400V 3N 50 Hz \/ 5,2 kW; 230V 3N 50Hz \/ 5,2 kW; 230V 1N 50Hz \/ 3,6 kW <LI>Moc grza\u0142ki bojlera: 4,5 kW <LI>Moc grza\u0142ki zbiornika: 2 kW <LI>Moc pompy myj\u0105cej: 0,7 kW <LI>System p\u0142ukania: ci\u015bnienie sieci zasilaj\u0105cej <LI>System mycia: pompa myj\u0105ca z systemem Soft Start <LI>Zu\u017cycie wody \/ cykl: 3,2 l <LI>Konstrukcja: stal nierdzewna AISI 304 o podw\u00f3jnych, izolowanych \u015bciankach <LI>System spustowy: pompa spustowa z dynamicznym filtrem (3-stopniowy) <LI>System filtrowania: 3-stopniowy filtr zintegrowany z pomp\u0105 spustow\u0105 do separacji resztek oraz kontrol\u0105 poziomu wody w zbiorniku <LI>Cykl mycia szk\u0142a ze zmniejszaj\u0105ca si\u0119 temperatur\u0105 p\u0142ukania <LI>Wyt\u0142oczone prowadnice koszy <LI>Funkcja gotowo\u015bci element\u00f3w grzejnych podczas nieu\u017cytkowania zmywarki <LI>Cykl automatycznego startu po zamkni\u0119ciu drzwi (opcjonalne) <LI>Automatyczne mycie zbiornika podczas spustu wody <LI>System kontrolny pozycja filtra <LI>2 ramiona myj\u0105ce i 2 ramiona p\u0142ucz\u0105ce ze stali nierdzewnej AISI 304 <LI>Zaokr\u0105glona konstrukcja komory myj\u0105cej <LI>Izolowany bojler <LI>Podw\u00f3jna \u015bcianka komory z zaokr\u0105glonymi kraw\u0119dziami <LI>Drzwi wypoziomowane o podw\u00f3jnych, izolowanych \u015bciankach wraz z uszczelk\u0105 <LI>System zapobiegaj\u0105cy cofaniu si\u0119 wody ze zmywarki do sieci wodnej <LI>Break tank w standardzie <LI>Termostop gwarantuj\u0105cy optymaln\u0105 temperatur\u0119 p\u0142ukania <LI>System automatycznego wykrywania defekt\u00f3w <LI>Wyposa\u017cenie standardowe: kosz PB50D01 oraz PB50G01 i pojemnik na sztu\u0107ce PH00S02 <LI>Wyposa\u017cenie opcjonalne (za dodatkow\u0105 op\u0142at\u0105): PB50D01, PB50G01, PHOOS01, PHOOS02, WB50D01, WB50G01, WB50G02, WB50G03, WB50G04, WB50T02, WH00S01, WH00C01, WP02 <\/p>\n","protected":false},"excerpt":{"rendered":"<p>Zmywarka do naczy\u0144 Sterowanie: elektroniczne Wymiary kosza: 500&#215;500 mm Ilo\u015b\u0107 program\u00f3w: 7 Wydajno\u015b\u0107 kosze\/h: max 40 Termo-akustyczna izolacja: drzwi oraz komora mycia Dozownik nab\u0142yszczacza: perystaltyczna pompa z regulacj\u0105 elektroniczn\u0105 Wbudowany zmi\u0119kczacz Dozownik detergentu: perystaltyczna pompa z regulacj\u0105 elektroniczn\u0105 Wysoko\u015b\u0107 wej\u015bcia do komory: 415 mm Pojemno\u015b\u0107 zbiornika: 11 l Pojemno\u015b\u0107 bojlera: 6 l Pod\u0142\u0105czenie elektryczne \/ [&hellip;]<\/p>\n","protected":false},"featured_media":57412,"template":"","meta":{"_et_pb_use_builder":"","_et_pb_old_content":"","_et_gb_content_width":""},"pwb-brand":[680],"product_brand":[],"product_cat":[497],"product_tag":[],"class_list":{"0":"post-57149","1":"product","2":"type-product","3":"status-publish","4":"has-post-thumbnail","6":"pwb-brand-smeg","7":"product_cat-zmywarki-do-garnkow-i-naczyn","9":"first","10":"instock","11":"taxable","12":"shipping-taxable","13":"purchasable","14":"product-type-simple"},"brands":[{"id":680,"name":"Smeg","slug":"smeg"}],"_links":{"self":[{"href":"https:\/\/www.multifrigo.pl\/sklep\/wp-json\/wp\/v2\/product\/57149","targetHints":{"allow":["GET"]}}],"collection":[{"href":"https:\/\/www.multifrigo.pl\/sklep\/wp-json\/wp\/v2\/product"}],"about":[{"href":"https:\/\/www.multifrigo.pl\/sklep\/wp-json\/wp\/v2\/types\/product"}],"wp:featuredmedia":[{"embeddable":true,"href":"https:\/\/www.multifrigo.pl\/sklep\/wp-json\/wp\/v2\/media\/57412"}],"wp:attachment":[{"href":"https:\/\/www.multifrigo.pl\/sklep\/wp-json\/wp\/v2\/media?parent=57149"}],"wp:term":[{"taxonomy":"pwb-brand","embeddable":true,"href":"https:\/\/www.multifrigo.pl\/sklep\/wp-json\/wp\/v2\/pwb-brand?post=57149"},{"taxonomy":"product_brand","embeddable":true,"href":"https:\/\/www.multifrigo.pl\/sklep\/wp-json\/wp\/v2\/product_brand?post=57149"},{"taxonomy":"product_cat","embeddable":true,"href":"https:\/\/www.multifrigo.pl\/sklep\/wp-json\/wp\/v2\/product_cat?post=57149"},{"taxonomy":"product_tag","embeddable":true,"href":"https:\/\/www.multifrigo.pl\/sklep\/wp-json\/wp\/v2\/product_tag?post=57149"}],"curies":[{"name":"wp","href":"https:\/\/api.w.org\/{rel}","templated":true}]}}