{"id":57161,"date":"2024-09-11T09:54:05","date_gmt":"2024-09-11T09:54:05","guid":{"rendered":"https:\/\/www.multifrigo.pl\/sklep\/produkt\/zmywarka-do-naczyn-do-blach-kosz-500x500-system-plukania-htr-wbudowany-zmiekczacz-smeg-ud526ds\/"},"modified":"2024-09-12T14:00:47","modified_gmt":"2024-09-12T14:00:47","slug":"zmywarka-do-naczyn-do-blach-kosz-500x500-system-plukania-htr-wbudowany-zmiekczacz-smeg-ud526ds","status":"publish","type":"product","link":"https:\/\/www.multifrigo.pl\/sklep\/produkt\/zmywarka-do-naczyn-do-blach-kosz-500x500-system-plukania-htr-wbudowany-zmiekczacz-smeg-ud526ds\/","title":{"rendered":"Zmywarka do naczy\u0144, do blach, kosz 500&#215;500, system p\u0142ukania HTR, wbudowany zmi\u0119kczacz | Smeg UD526DS"},"content":{"rendered":"<p><LI>Zmywarka do naczy\u0144 i do blach <LI>Sterowanie: elektroniczne <LI>Charakterystyka: zmywarka myj\u0105ca blachy i pojemniki EURONORM 600&#215;400 mm <LI>Wymiary kosza: 500&#215;500 mm <LI>Ilo\u015b\u0107 program\u00f3w: 7 <LI>Wydajno\u015b\u0107 kosze\/h: max 60 <LI>Termo-akustyczna izolacja: drzwi oraz komora mycia <LI>Dozownik nab\u0142yszczacza: perystaltyczna pompa z regulacj\u0105 elektroniczn\u0105 <LI>Dozownik detergentu: perystaltyczna pompa z regulacj\u0105 elektroniczn\u0105 <LI>Wbudowany zmi\u0119kczacz <LI>Wysoko\u015b\u0107 wej\u015bcia do komory: 415 mm <LI>Pojemno\u015b\u0107 zbiornika: 11 l <LI>Pojemno\u015b\u0107 bojlera: 6 l <LI>Pod\u0142\u0105czenie elektryczne \/ Ca\u0142kowita moc przy\u0142\u0105czeniowa: 400V 3N 50 Hz \/ 6,8 kW; 230V 3N 50Hz \/ 6,8 kW; 230V 1N 50Hz \/ 2,8 kW <LI>Moc grza\u0142ki bojlera: 6 kW <LI>Moc grza\u0142ki zbiornika: 0,8 kW <LI>Moc pompy myj\u0105cej: 0,7 kW <LI>System p\u0142ukania: bojler atmosferyczny i pompa p\u0142ukania (system HTR) <LI>System mycia: pompa myj\u0105ca z systemem Soft Start <LI>Konstrukcja: stal nierdzewna AISI 304 o podw\u00f3jnych, izolowanych \u015bciankach <LI>System spustowy: pompa spustowa z dynamicznym filtrem (3-stopniowy) <LI>System filtrowania: 3-stopniowy filtr zintegrowany z pomp\u0105 spustow\u0105 do separacji resztek oraz kontrol\u0105 poziomu wody w zbiorniku <LI>Pojemno\u015b\u0107 mycia: blachy i pojemniki EURONORM 600&#215;400 mm (wys. 350 mm max) <LI>Funkcja gotowo\u015bci element\u00f3w grzejnych podczas nieu\u017cytkowania zmywarki <LI>Cykl automatycznego startu po zamkni\u0119ciu drzwi (opcjonalne) <LI>Automatyczne mycie zbiornika podczas spustu wody <LI>System kontrolny pozycja filtra <LI>2 ramiona myj\u0105ce i 2 ramiona p\u0142ucz\u0105ce ze stali nierdzewnej AISI 304 <LI>Zaokr\u0105glona konstrukcja komory myj\u0105cej <LI>Izolowany bojler <LI>Podw\u00f3jna \u015bcianka komory z zaokr\u0105glonymi kraw\u0119dziami <LI>Drzwi wypoziomowane o podw\u00f3jnych, izolowanych \u015bciankach wraz z uszczelk\u0105 <LI>System zapobiegaj\u0105cy cofaniu si\u0119 wody ze zmywarki do sieci wodnej <LI>Break tank w standardzie <LI>Termostop gwarantuj\u0105cy optymaln\u0105 temperatur\u0119 p\u0142ukania <LI>System automatycznego wykrywania defekt\u00f3w <LI>Zmywarka pozwalaj\u0105ca na zmywanie blach EURONROM i 600&#215;400 mm <LI>Wyposa\u017cenie standardowe: kosz PB50D01, druciany kosz na 8 blach Euronorm 600&#215;400 mm, ruszt do pojemnik\u00f3w Euronorm <LI>Wyposa\u017cenie opcjonalne (za dodatkow\u0105 op\u0142at\u0105): PB50D01, PB50G01, PHOOS01, PHOOS02, WB50D01, WB50G01, WB50G02, WB50G03, WB50G04, WB50T02, WH00S01, WH00C01, WP02 <\/p>\n","protected":false},"excerpt":{"rendered":"<p>Zmywarka do naczy\u0144 i do blach Sterowanie: elektroniczne Charakterystyka: zmywarka myj\u0105ca blachy i pojemniki EURONORM 600&#215;400 mm Wymiary kosza: 500&#215;500 mm Ilo\u015b\u0107 program\u00f3w: 7 Wydajno\u015b\u0107 kosze\/h: max 60 Termo-akustyczna izolacja: drzwi oraz komora mycia Dozownik nab\u0142yszczacza: perystaltyczna pompa z regulacj\u0105 elektroniczn\u0105 Dozownik detergentu: perystaltyczna pompa z regulacj\u0105 elektroniczn\u0105 Wbudowany zmi\u0119kczacz Wysoko\u015b\u0107 wej\u015bcia do komory: 415 [&hellip;]<\/p>\n","protected":false},"featured_media":57431,"template":"","meta":{"_et_pb_use_builder":"","_et_pb_old_content":"","_et_gb_content_width":""},"pwb-brand":[680],"product_brand":[],"product_cat":[497],"product_tag":[],"class_list":{"0":"post-57161","1":"product","2":"type-product","3":"status-publish","4":"has-post-thumbnail","6":"pwb-brand-smeg","7":"product_cat-zmywarki-do-garnkow-i-naczyn","9":"first","10":"instock","11":"taxable","12":"shipping-taxable","13":"purchasable","14":"product-type-simple"},"brands":[{"id":680,"name":"Smeg","slug":"smeg"}],"_links":{"self":[{"href":"https:\/\/www.multifrigo.pl\/sklep\/wp-json\/wp\/v2\/product\/57161","targetHints":{"allow":["GET"]}}],"collection":[{"href":"https:\/\/www.multifrigo.pl\/sklep\/wp-json\/wp\/v2\/product"}],"about":[{"href":"https:\/\/www.multifrigo.pl\/sklep\/wp-json\/wp\/v2\/types\/product"}],"wp:featuredmedia":[{"embeddable":true,"href":"https:\/\/www.multifrigo.pl\/sklep\/wp-json\/wp\/v2\/media\/57431"}],"wp:attachment":[{"href":"https:\/\/www.multifrigo.pl\/sklep\/wp-json\/wp\/v2\/media?parent=57161"}],"wp:term":[{"taxonomy":"pwb-brand","embeddable":true,"href":"https:\/\/www.multifrigo.pl\/sklep\/wp-json\/wp\/v2\/pwb-brand?post=57161"},{"taxonomy":"product_brand","embeddable":true,"href":"https:\/\/www.multifrigo.pl\/sklep\/wp-json\/wp\/v2\/product_brand?post=57161"},{"taxonomy":"product_cat","embeddable":true,"href":"https:\/\/www.multifrigo.pl\/sklep\/wp-json\/wp\/v2\/product_cat?post=57161"},{"taxonomy":"product_tag","embeddable":true,"href":"https:\/\/www.multifrigo.pl\/sklep\/wp-json\/wp\/v2\/product_tag?post=57161"}],"curies":[{"name":"wp","href":"https:\/\/api.w.org\/{rel}","templated":true}]}}