{"id":57171,"date":"2024-09-11T09:54:39","date_gmt":"2024-09-11T09:54:39","guid":{"rendered":"https:\/\/www.multifrigo.pl\/sklep\/produkt\/zmywarka-do-naczyn-do-blach-kosz-500x500-system-plukania-htr-smeg-fd516d\/"},"modified":"2024-09-12T14:00:49","modified_gmt":"2024-09-12T14:00:49","slug":"zmywarka-do-naczyn-do-blach-kosz-500x500-system-plukania-htr-smeg-fd516d","status":"publish","type":"product","link":"https:\/\/www.multifrigo.pl\/sklep\/produkt\/zmywarka-do-naczyn-do-blach-kosz-500x500-system-plukania-htr-smeg-fd516d\/","title":{"rendered":"Zmywarka do naczy\u0144, do blach, kosz 500&#215;500, system p\u0142ukania HTR | Smeg FD516D"},"content":{"rendered":"<p>Zmywarka do naczy\u0144, do blach, kosz 500&#215;500 mm, system p\u0142ukania HTR. Wymiary (SxGxW): 600x600x1290 mm<\/p>\n","protected":false},"excerpt":{"rendered":"<p>Zmywarka do naczy\u0144, do blach, kosz 500&#215;500 mm, system p\u0142ukania HTR. Wymiary (SxGxW): 600x600x1290 mm<\/p>\n","protected":false},"featured_media":57440,"template":"","meta":{"_et_pb_use_builder":"","_et_pb_old_content":"","_et_gb_content_width":""},"pwb-brand":[680],"product_brand":[],"product_cat":[497],"product_tag":[],"class_list":{"0":"post-57171","1":"product","2":"type-product","3":"status-publish","4":"has-post-thumbnail","6":"pwb-brand-smeg","7":"product_cat-zmywarki-do-garnkow-i-naczyn","9":"first","10":"instock","11":"taxable","12":"shipping-taxable","13":"purchasable","14":"product-type-simple"},"brands":[{"id":680,"name":"Smeg","slug":"smeg"}],"_links":{"self":[{"href":"https:\/\/www.multifrigo.pl\/sklep\/wp-json\/wp\/v2\/product\/57171","targetHints":{"allow":["GET"]}}],"collection":[{"href":"https:\/\/www.multifrigo.pl\/sklep\/wp-json\/wp\/v2\/product"}],"about":[{"href":"https:\/\/www.multifrigo.pl\/sklep\/wp-json\/wp\/v2\/types\/product"}],"wp:featuredmedia":[{"embeddable":true,"href":"https:\/\/www.multifrigo.pl\/sklep\/wp-json\/wp\/v2\/media\/57440"}],"wp:attachment":[{"href":"https:\/\/www.multifrigo.pl\/sklep\/wp-json\/wp\/v2\/media?parent=57171"}],"wp:term":[{"taxonomy":"pwb-brand","embeddable":true,"href":"https:\/\/www.multifrigo.pl\/sklep\/wp-json\/wp\/v2\/pwb-brand?post=57171"},{"taxonomy":"product_brand","embeddable":true,"href":"https:\/\/www.multifrigo.pl\/sklep\/wp-json\/wp\/v2\/product_brand?post=57171"},{"taxonomy":"product_cat","embeddable":true,"href":"https:\/\/www.multifrigo.pl\/sklep\/wp-json\/wp\/v2\/product_cat?post=57171"},{"taxonomy":"product_tag","embeddable":true,"href":"https:\/\/www.multifrigo.pl\/sklep\/wp-json\/wp\/v2\/product_tag?post=57171"}],"curies":[{"name":"wp","href":"https:\/\/api.w.org\/{rel}","templated":true}]}}