{"id":57178,"date":"2024-09-11T09:54:57","date_gmt":"2024-09-11T09:54:57","guid":{"rendered":"https:\/\/www.multifrigo.pl\/sklep\/produkt\/zmywarka-do-naczyn-do-blach-kosz-500x500-system-plukania-htr-smeg-fd526d\/"},"modified":"2024-09-12T14:00:50","modified_gmt":"2024-09-12T14:00:50","slug":"zmywarka-do-naczyn-do-blach-kosz-500x500-system-plukania-htr-smeg-fd526d","status":"publish","type":"product","link":"https:\/\/www.multifrigo.pl\/sklep\/produkt\/zmywarka-do-naczyn-do-blach-kosz-500x500-system-plukania-htr-smeg-fd526d\/","title":{"rendered":"Zmywarka do naczy\u0144, do blach, kosz 500&#215;500, system p\u0142ukania HTR | Smeg FD526D"},"content":{"rendered":"<p><LI>Zmywarka do naczy\u0144 i do blach <LI>Sterowanie: elektroniczne <LI>Charakterystyka: zmywarka myj\u0105ca blachy i pojemniki EURONORM 600&#215;400 mm (max. wysoko\u015b\u0107 350 mm) <LI>Wymiary kosza: 500&#215;500 mm <LI>Wydajno\u015b\u0107 kosze\/h: max 60 <LI>Dozownik nab\u0142yszczacza: perystaltyczna pompa z regulacj\u0105 elektroniczn\u0105 <LI>Dozownik detergentu: perystaltyczna pompa z regulacj\u0105 elektroniczn\u0105 <LI>Wysoko\u015b\u0107 wej\u015bcia do komory: 415 mm <LI>Pod\u0142\u0105czenie elektryczne \/ Ca\u0142kowita moc przy\u0142\u0105czeniowa: 400V 3N 50 Hz \/ 6,8 kW; 230V 3N 50Hz \/ 6,8 kW; 230V 1N 50Hz \/ 2,8 kW <LI>System p\u0142ukania: bojler atmosferyczny i pompa p\u0142ukania (system HTR) <LI>System mycia: pompa myj\u0105ca z systemem Soft Start <LI>Konstrukcja: stal nierdzewna AISI 304 o podw\u00f3jnych, izolowanych \u015bciankach <LI>System spustowy: pompa spustowa z dynamicznym filtrem (3-stopniowy) <LI>System filtrowania: 3-stopniowy filtr zintegrowany z pomp\u0105 spustow\u0105 do separacji resztek oraz kontrol\u0105 poziomu wody w zbiorniku <LI>Pojemno\u015b\u0107 mycia: blachy i pojemniki EURONORM 600&#215;400 mm (wys. 350 mm max) <LI>2 ramiona myj\u0105ce i 2 ramiona p\u0142ucz\u0105ce ze stali nierdzewnej AISI 304 <LI>Zaokr\u0105glona konstrukcja komory myj\u0105cej <LI>Podw\u00f3jna \u015bcianka komory z zaokr\u0105glonymi kraw\u0119dziami <LI>Drzwi wypoziomowane o podw\u00f3jnych, izolowanych \u015bciankach wraz z uszczelk\u0105 <LI>System zapobiegaj\u0105cy cofaniu si\u0119 wody ze zmywarki do sieci wodnej <LI>Wyposa\u017cenie standardowe: kosz oraz ruszt <\/p>\n","protected":false},"excerpt":{"rendered":"<p>Zmywarka do naczy\u0144 i do blach Sterowanie: elektroniczne Charakterystyka: zmywarka myj\u0105ca blachy i pojemniki EURONORM 600&#215;400 mm (max. wysoko\u015b\u0107 350 mm) Wymiary kosza: 500&#215;500 mm Wydajno\u015b\u0107 kosze\/h: max 60 Dozownik nab\u0142yszczacza: perystaltyczna pompa z regulacj\u0105 elektroniczn\u0105 Dozownik detergentu: perystaltyczna pompa z regulacj\u0105 elektroniczn\u0105 Wysoko\u015b\u0107 wej\u015bcia do komory: 415 mm Pod\u0142\u0105czenie elektryczne \/ Ca\u0142kowita moc przy\u0142\u0105czeniowa: [&hellip;]<\/p>\n","protected":false},"featured_media":57450,"template":"","meta":{"_et_pb_use_builder":"","_et_pb_old_content":"","_et_gb_content_width":""},"pwb-brand":[680],"product_brand":[],"product_cat":[497],"product_tag":[],"class_list":{"0":"post-57178","1":"product","2":"type-product","3":"status-publish","4":"has-post-thumbnail","6":"pwb-brand-smeg","7":"product_cat-zmywarki-do-garnkow-i-naczyn","9":"first","10":"instock","11":"taxable","12":"shipping-taxable","13":"purchasable","14":"product-type-simple"},"brands":[{"id":680,"name":"Smeg","slug":"smeg"}],"_links":{"self":[{"href":"https:\/\/www.multifrigo.pl\/sklep\/wp-json\/wp\/v2\/product\/57178","targetHints":{"allow":["GET"]}}],"collection":[{"href":"https:\/\/www.multifrigo.pl\/sklep\/wp-json\/wp\/v2\/product"}],"about":[{"href":"https:\/\/www.multifrigo.pl\/sklep\/wp-json\/wp\/v2\/types\/product"}],"wp:featuredmedia":[{"embeddable":true,"href":"https:\/\/www.multifrigo.pl\/sklep\/wp-json\/wp\/v2\/media\/57450"}],"wp:attachment":[{"href":"https:\/\/www.multifrigo.pl\/sklep\/wp-json\/wp\/v2\/media?parent=57178"}],"wp:term":[{"taxonomy":"pwb-brand","embeddable":true,"href":"https:\/\/www.multifrigo.pl\/sklep\/wp-json\/wp\/v2\/pwb-brand?post=57178"},{"taxonomy":"product_brand","embeddable":true,"href":"https:\/\/www.multifrigo.pl\/sklep\/wp-json\/wp\/v2\/product_brand?post=57178"},{"taxonomy":"product_cat","embeddable":true,"href":"https:\/\/www.multifrigo.pl\/sklep\/wp-json\/wp\/v2\/product_cat?post=57178"},{"taxonomy":"product_tag","embeddable":true,"href":"https:\/\/www.multifrigo.pl\/sklep\/wp-json\/wp\/v2\/product_tag?post=57178"}],"curies":[{"name":"wp","href":"https:\/\/api.w.org\/{rel}","templated":true}]}}