{"id":57206,"date":"2024-09-11T09:55:55","date_gmt":"2024-09-11T09:55:55","guid":{"rendered":"https:\/\/www.multifrigo.pl\/sklep\/produkt\/zmywarka-kapturowa-kosz-600x500-system-plukania-htr-smeg-hty625d\/"},"modified":"2024-09-12T14:00:54","modified_gmt":"2024-09-12T14:00:54","slug":"zmywarka-kapturowa-kosz-600x500-system-plukania-htr-smeg-hty625d","status":"publish","type":"product","link":"https:\/\/www.multifrigo.pl\/sklep\/produkt\/zmywarka-kapturowa-kosz-600x500-system-plukania-htr-smeg-hty625d\/","title":{"rendered":"Zmywarka kapturowa, kosz 600&#215;500, system p\u0142ukania HTR | Smeg HTY625D"},"content":{"rendered":"<p><LI>Zmywarka kapturowa <LI>Sterowanie: elektroniczne  <LI>Wymiary kosza: 600&#215;500 mm  <LI>Ilo\u015b\u0107 program\u00f3w: 7  <LI>Wydajno\u015b\u0107 kosze\/h: max 72  <LI>Termo-akustyczna izolacja: kaptur  <LI>Dozownik nab\u0142yszczacza: perystaltyczna pompa z regulacj\u0105 elektroniczn\u0105  <LI>Dozownik detergentu: perystaltyczna pompa z regulacj\u0105 elektroniczn\u0105  <LI>Wysoko\u015b\u0107 wej\u015bcia do komory: 420 mm  <LI>Pojemno\u015b\u0107 zbiornika: 22 l  <LI>Pojemno\u015b\u0107 bojlera: 8 l  <LI>Pod\u0142\u0105czenie elektryczne \/ Ca\u0142kowita moc przy\u0142\u0105czeniowa: 400V 3N 50Hz \/ 10 kW  <LI>Moc grza\u0142ki bojlera: 9 kW  <LI>Moc grza\u0142ki zbiornika: 1,8 kW  <LI>Moc pompy myj\u0105cej: 1 kW  <LI>System p\u0142ukania: bojler atmosferyczny i pompa p\u0142ukania (system HTR)  <LI>System mycia: pompa myj\u0105ca z systemem Soft Start  <LI>Konstrukcja: stal nierdzewna AISI 304 o podw\u00f3jnych, izolowanych \u015bciankach  <LI>System spustowy: pompa spustowa z dynamicznym filtrem (3-stopniowy)  <LI>System filtrowania: 3-stopniowy filtr zintegrowany z pomp\u0105 spustow\u0105 do separacji resztek oraz kontrol\u0105 poziomu wody w zbiorniku  <LI>Cykl mycia szk\u0142a ze zmniejszaj\u0105ca si\u0119 temperatur\u0105 p\u0142ukania  <LI>Funkcja gotowo\u015bci element\u00f3w grzejnych podczas nieu\u017cytkowania zmywarki  <LI>Cykl automatycznego startu po zamkni\u0119ciu drzwi (opcjonalne)  <LI>Automatyczne mycie zbiornika podczas spustu wody  <LI>System kontrolny pozycja filtra  <LI>2 ramiona myj\u0105ce i 2 ramiona p\u0142ucz\u0105ce ze stali nierdzewnej AISI 304  <LI>Zaokr\u0105glona konstrukcja komory myj\u0105cej  <LI>Izolowany bojler  <LI>Podw\u00f3jna \u015bcianka komory z zaokr\u0105glonymi kraw\u0119dziami  <LI>Kaptur o podw\u00f3jnych, izolowanych \u015bciankach  <LI>System zapobiegaj\u0105cy cofaniu si\u0119 wody ze zmywarki do sieci wodnej  <LI>Termostop gwarantuj\u0105cy optymaln\u0105 temperatur\u0119 p\u0142ukania  <LI>System automatycznego wykrywania defekt\u00f3w  <LI>Wyposa\u017cenie standardowe: kosz PB50D01 oraz PB50G01 i pojemnik na sztu\u0107ce PH00S02 <\/p>\n","protected":false},"excerpt":{"rendered":"<p>Zmywarka kapturowa Sterowanie: elektroniczne Wymiary kosza: 600&#215;500 mm Ilo\u015b\u0107 program\u00f3w: 7 Wydajno\u015b\u0107 kosze\/h: max 72 Termo-akustyczna izolacja: kaptur Dozownik nab\u0142yszczacza: perystaltyczna pompa z regulacj\u0105 elektroniczn\u0105 Dozownik detergentu: perystaltyczna pompa z regulacj\u0105 elektroniczn\u0105 Wysoko\u015b\u0107 wej\u015bcia do komory: 420 mm Pojemno\u015b\u0107 zbiornika: 22 l Pojemno\u015b\u0107 bojlera: 8 l Pod\u0142\u0105czenie elektryczne \/ Ca\u0142kowita moc przy\u0142\u0105czeniowa: 400V 3N 50Hz [&hellip;]<\/p>\n","protected":false},"featured_media":57503,"template":"","meta":{"_et_pb_use_builder":"","_et_pb_old_content":"","_et_gb_content_width":""},"pwb-brand":[680],"product_brand":[],"product_cat":[496],"product_tag":[],"class_list":{"0":"post-57206","1":"product","2":"type-product","3":"status-publish","4":"has-post-thumbnail","6":"pwb-brand-smeg","7":"product_cat-zmywarki-kapturowe","9":"first","10":"instock","11":"taxable","12":"shipping-taxable","13":"purchasable","14":"product-type-simple"},"brands":[{"id":680,"name":"Smeg","slug":"smeg"}],"_links":{"self":[{"href":"https:\/\/www.multifrigo.pl\/sklep\/wp-json\/wp\/v2\/product\/57206","targetHints":{"allow":["GET"]}}],"collection":[{"href":"https:\/\/www.multifrigo.pl\/sklep\/wp-json\/wp\/v2\/product"}],"about":[{"href":"https:\/\/www.multifrigo.pl\/sklep\/wp-json\/wp\/v2\/types\/product"}],"wp:featuredmedia":[{"embeddable":true,"href":"https:\/\/www.multifrigo.pl\/sklep\/wp-json\/wp\/v2\/media\/57503"}],"wp:attachment":[{"href":"https:\/\/www.multifrigo.pl\/sklep\/wp-json\/wp\/v2\/media?parent=57206"}],"wp:term":[{"taxonomy":"pwb-brand","embeddable":true,"href":"https:\/\/www.multifrigo.pl\/sklep\/wp-json\/wp\/v2\/pwb-brand?post=57206"},{"taxonomy":"product_brand","embeddable":true,"href":"https:\/\/www.multifrigo.pl\/sklep\/wp-json\/wp\/v2\/product_brand?post=57206"},{"taxonomy":"product_cat","embeddable":true,"href":"https:\/\/www.multifrigo.pl\/sklep\/wp-json\/wp\/v2\/product_cat?post=57206"},{"taxonomy":"product_tag","embeddable":true,"href":"https:\/\/www.multifrigo.pl\/sklep\/wp-json\/wp\/v2\/product_tag?post=57206"}],"curies":[{"name":"wp","href":"https:\/\/api.w.org\/{rel}","templated":true}]}}