{"id":57209,"date":"2024-09-11T09:56:02","date_gmt":"2024-09-11T09:56:02","guid":{"rendered":"https:\/\/www.multifrigo.pl\/sklep\/produkt\/zmywarka-kapturowa-kosz-600x500-system-plukania-htr-system-odzysku-ciepla-shr-system-dhr-smeg-hty625deh\/"},"modified":"2024-09-12T14:00:54","modified_gmt":"2024-09-12T14:00:54","slug":"zmywarka-kapturowa-kosz-600x500-system-plukania-htr-system-odzysku-ciepla-shr-system-dhr-smeg-hty625deh","status":"publish","type":"product","link":"https:\/\/www.multifrigo.pl\/sklep\/produkt\/zmywarka-kapturowa-kosz-600x500-system-plukania-htr-system-odzysku-ciepla-shr-system-dhr-smeg-hty625deh\/","title":{"rendered":"Zmywarka kapturowa, kosz 600&#215;500, system p\u0142ukania HTR, system odzysku ciep\u0142a SHR+, system DHR | Smeg HTY625DEH"},"content":{"rendered":"<p>Zmywarka kapturowa, kosz 600&#215;500 mm, system p\u0142ukania HTR, system odzysku ciep\u0142a SHR+, system DHR. Wymiary (SxGxW): 716x835x1520\/2040 mm<\/p>\n","protected":false},"excerpt":{"rendered":"<p>Zmywarka kapturowa, kosz 600&#215;500 mm, system p\u0142ukania HTR, system odzysku ciep\u0142a SHR+, system DHR. Wymiary (SxGxW): 716x835x1520\/2040 mm<\/p>\n","protected":false},"featured_media":57506,"template":"","meta":{"_et_pb_use_builder":"","_et_pb_old_content":"","_et_gb_content_width":""},"pwb-brand":[680],"product_brand":[],"product_cat":[496],"product_tag":[],"class_list":{"0":"post-57209","1":"product","2":"type-product","3":"status-publish","4":"has-post-thumbnail","6":"pwb-brand-smeg","7":"product_cat-zmywarki-kapturowe","9":"first","10":"instock","11":"taxable","12":"shipping-taxable","13":"purchasable","14":"product-type-simple"},"brands":[{"id":680,"name":"Smeg","slug":"smeg"}],"_links":{"self":[{"href":"https:\/\/www.multifrigo.pl\/sklep\/wp-json\/wp\/v2\/product\/57209","targetHints":{"allow":["GET"]}}],"collection":[{"href":"https:\/\/www.multifrigo.pl\/sklep\/wp-json\/wp\/v2\/product"}],"about":[{"href":"https:\/\/www.multifrigo.pl\/sklep\/wp-json\/wp\/v2\/types\/product"}],"wp:featuredmedia":[{"embeddable":true,"href":"https:\/\/www.multifrigo.pl\/sklep\/wp-json\/wp\/v2\/media\/57506"}],"wp:attachment":[{"href":"https:\/\/www.multifrigo.pl\/sklep\/wp-json\/wp\/v2\/media?parent=57209"}],"wp:term":[{"taxonomy":"pwb-brand","embeddable":true,"href":"https:\/\/www.multifrigo.pl\/sklep\/wp-json\/wp\/v2\/pwb-brand?post=57209"},{"taxonomy":"product_brand","embeddable":true,"href":"https:\/\/www.multifrigo.pl\/sklep\/wp-json\/wp\/v2\/product_brand?post=57209"},{"taxonomy":"product_cat","embeddable":true,"href":"https:\/\/www.multifrigo.pl\/sklep\/wp-json\/wp\/v2\/product_cat?post=57209"},{"taxonomy":"product_tag","embeddable":true,"href":"https:\/\/www.multifrigo.pl\/sklep\/wp-json\/wp\/v2\/product_tag?post=57209"}],"curies":[{"name":"wp","href":"https:\/\/api.w.org\/{rel}","templated":true}]}}