{"id":57211,"date":"2024-09-11T09:56:06","date_gmt":"2024-09-11T09:56:06","guid":{"rendered":"https:\/\/www.multifrigo.pl\/sklep\/produkt\/zmywarka-z-systemem-swiezej-wody-termodezynfekcja-pompa-perystaltyczna-detergentu-nablyszczacza-smeg-swt264d\/"},"modified":"2024-09-12T14:00:55","modified_gmt":"2024-09-12T14:00:55","slug":"zmywarka-z-systemem-swiezej-wody-termodezynfekcja-pompa-perystaltyczna-detergentu-nablyszczacza-smeg-swt264d","status":"publish","type":"product","link":"https:\/\/www.multifrigo.pl\/sklep\/produkt\/zmywarka-z-systemem-swiezej-wody-termodezynfekcja-pompa-perystaltyczna-detergentu-nablyszczacza-smeg-swt264d\/","title":{"rendered":"Zmywarka z systemem \u015bwie\u017cej wody, termodezynfekcja, pompa perystaltyczna detergentu\/nab\u0142yszczacza | Smeg SWT264D"},"content":{"rendered":"<p>Zmywarka z systemem \u015bwie\u017cej wody, termodezynfekcja, szybkie programy, pompa perystaltyczna detergentu\/nab\u0142yszczacza. Wymiary (SxGxW): 600x600x850 mm<\/p>\n","protected":false},"excerpt":{"rendered":"<p>Zmywarka z systemem \u015bwie\u017cej wody, termodezynfekcja, szybkie programy, pompa perystaltyczna detergentu\/nab\u0142yszczacza. Wymiary (SxGxW): 600x600x850 mm<\/p>\n","protected":false},"featured_media":57508,"template":"","meta":{"_et_pb_use_builder":"","_et_pb_old_content":"","_et_gb_content_width":""},"pwb-brand":[680],"product_brand":[],"product_cat":[493],"product_tag":[],"class_list":{"0":"post-57211","1":"product","2":"type-product","3":"status-publish","4":"has-post-thumbnail","6":"pwb-brand-smeg","7":"product_cat-zmywarki-uniwersalne","9":"first","10":"instock","11":"taxable","12":"shipping-taxable","13":"purchasable","14":"product-type-simple"},"brands":[{"id":680,"name":"Smeg","slug":"smeg"}],"_links":{"self":[{"href":"https:\/\/www.multifrigo.pl\/sklep\/wp-json\/wp\/v2\/product\/57211","targetHints":{"allow":["GET"]}}],"collection":[{"href":"https:\/\/www.multifrigo.pl\/sklep\/wp-json\/wp\/v2\/product"}],"about":[{"href":"https:\/\/www.multifrigo.pl\/sklep\/wp-json\/wp\/v2\/types\/product"}],"wp:featuredmedia":[{"embeddable":true,"href":"https:\/\/www.multifrigo.pl\/sklep\/wp-json\/wp\/v2\/media\/57508"}],"wp:attachment":[{"href":"https:\/\/www.multifrigo.pl\/sklep\/wp-json\/wp\/v2\/media?parent=57211"}],"wp:term":[{"taxonomy":"pwb-brand","embeddable":true,"href":"https:\/\/www.multifrigo.pl\/sklep\/wp-json\/wp\/v2\/pwb-brand?post=57211"},{"taxonomy":"product_brand","embeddable":true,"href":"https:\/\/www.multifrigo.pl\/sklep\/wp-json\/wp\/v2\/product_brand?post=57211"},{"taxonomy":"product_cat","embeddable":true,"href":"https:\/\/www.multifrigo.pl\/sklep\/wp-json\/wp\/v2\/product_cat?post=57211"},{"taxonomy":"product_tag","embeddable":true,"href":"https:\/\/www.multifrigo.pl\/sklep\/wp-json\/wp\/v2\/product_tag?post=57211"}],"curies":[{"name":"wp","href":"https:\/\/api.w.org\/{rel}","templated":true}]}}