{"id":57214,"date":"2024-09-11T09:56:14","date_gmt":"2024-09-11T09:56:14","guid":{"rendered":"https:\/\/www.multifrigo.pl\/sklep\/produkt\/zmywarka-do-akcesoriow-kosz-570x570-smeg-uw5757d\/"},"modified":"2024-09-12T14:00:55","modified_gmt":"2024-09-12T14:00:55","slug":"zmywarka-do-akcesoriow-kosz-570x570-smeg-uw5757d","status":"publish","type":"product","link":"https:\/\/www.multifrigo.pl\/sklep\/produkt\/zmywarka-do-akcesoriow-kosz-570x570-smeg-uw5757d\/","title":{"rendered":"Zmywarka do akcesori\u00f3w, kosz 570&#215;570 | Smeg UW5757D"},"content":{"rendered":"<p><LI>Zmywarka do akcesori\u00f3w <LI>Sterowanie: elektroniczne <LI>Wymiary kosza: 570&#215;570 mm <LI>Ilo\u015b\u0107 program\u00f3w: 3 programy zmywania: P1 120\u201d, P2 240\u201d, P3 ci\u0105g\u0142e zmywanie <LI>Wydajno\u015b\u0107 kosze\/h: 30\/15 <LI>Termo-akustyczna izolacja: drzwi <LI>Dozownik nab\u0142yszczacza: perystaltyczna pompa z regulacj\u0105 elektroniczn\u0105 <LI>Dozownik detergentu: perystaltyczna pompa z regulacj\u0105 elektroniczn\u0105 <LI>Wysoko\u015b\u0107 wej\u015bcia do komory: 640 mm <LI>Pojemno\u015b\u0107 zbiornika: 36 l <LI>Pojemno\u015b\u0107 bojlera: 12,5 l <LI>Pod\u0142\u0105czenie elektryczne \/ Ca\u0142kowita moc przy\u0142\u0105czeniowa: 400V 3N 50 Hz \/ 9,1 kW <LI>Moc grza\u0142ki bojlera: 7,5 kW <LI>Moc grza\u0142ki zbiornika: 4,5 kW <LI>Moc pompy myj\u0105cej: 1,6 kW <LI>System p\u0142ukania: bojler atmosferyczny i pompa p\u0142ukania (system HTR) <LI>System mycia: pompa myj\u0105ca z systemem Soft Start <LI>Konstrukcja: stal nierdzewna AISI 304 o podw\u00f3jnych, izolowanych \u015bciankach <LI>System spustowy: odp\u0142yw <LI>System filtrowania: 2-stopniowy filtr <LI>2 ramiona myj\u0105ce i 2 ramiona nab\u0142yszczaj\u0105ce ze stali nierdzewnej AISI 304 <LI>Podw\u00f3jna \u015bcianka komory z zaokr\u0105glonymi kraw\u0119dziami <LI>Termostop gwarantuj\u0105cy optymaln\u0105 temperatur\u0119 p\u0142ukania <LI>System automatycznego wykrywania defekt\u00f3w <LI>Wyposa\u017cenie opcjonalne (za dodatkow\u0105 op\u0142at\u0105): WH00B01, WH00B02, WH00S02, WH00C02, WB60132G02, WB6070T01, WB5757T01, WB5757T02, WB6070G01, WB5757G01<\/p>\n","protected":false},"excerpt":{"rendered":"<p>Zmywarka do akcesori\u00f3w Sterowanie: elektroniczne Wymiary kosza: 570&#215;570 mm Ilo\u015b\u0107 program\u00f3w: 3 programy zmywania: P1 120\u201d, P2 240\u201d, P3 ci\u0105g\u0142e zmywanie Wydajno\u015b\u0107 kosze\/h: 30\/15 Termo-akustyczna izolacja: drzwi Dozownik nab\u0142yszczacza: perystaltyczna pompa z regulacj\u0105 elektroniczn\u0105 Dozownik detergentu: perystaltyczna pompa z regulacj\u0105 elektroniczn\u0105 Wysoko\u015b\u0107 wej\u015bcia do komory: 640 mm Pojemno\u015b\u0107 zbiornika: 36 l Pojemno\u015b\u0107 bojlera: 12,5 l [&hellip;]<\/p>\n","protected":false},"featured_media":57511,"template":"","meta":{"_et_pb_use_builder":"","_et_pb_old_content":"","_et_gb_content_width":""},"pwb-brand":[680],"product_brand":[],"product_cat":[493],"product_tag":[],"class_list":{"0":"post-57214","1":"product","2":"type-product","3":"status-publish","4":"has-post-thumbnail","6":"pwb-brand-smeg","7":"product_cat-zmywarki-uniwersalne","9":"first","10":"instock","11":"taxable","12":"shipping-taxable","13":"purchasable","14":"product-type-simple"},"brands":[{"id":680,"name":"Smeg","slug":"smeg"}],"_links":{"self":[{"href":"https:\/\/www.multifrigo.pl\/sklep\/wp-json\/wp\/v2\/product\/57214","targetHints":{"allow":["GET"]}}],"collection":[{"href":"https:\/\/www.multifrigo.pl\/sklep\/wp-json\/wp\/v2\/product"}],"about":[{"href":"https:\/\/www.multifrigo.pl\/sklep\/wp-json\/wp\/v2\/types\/product"}],"wp:featuredmedia":[{"embeddable":true,"href":"https:\/\/www.multifrigo.pl\/sklep\/wp-json\/wp\/v2\/media\/57511"}],"wp:attachment":[{"href":"https:\/\/www.multifrigo.pl\/sklep\/wp-json\/wp\/v2\/media?parent=57214"}],"wp:term":[{"taxonomy":"pwb-brand","embeddable":true,"href":"https:\/\/www.multifrigo.pl\/sklep\/wp-json\/wp\/v2\/pwb-brand?post=57214"},{"taxonomy":"product_brand","embeddable":true,"href":"https:\/\/www.multifrigo.pl\/sklep\/wp-json\/wp\/v2\/product_brand?post=57214"},{"taxonomy":"product_cat","embeddable":true,"href":"https:\/\/www.multifrigo.pl\/sklep\/wp-json\/wp\/v2\/product_cat?post=57214"},{"taxonomy":"product_tag","embeddable":true,"href":"https:\/\/www.multifrigo.pl\/sklep\/wp-json\/wp\/v2\/product_tag?post=57214"}],"curies":[{"name":"wp","href":"https:\/\/api.w.org\/{rel}","templated":true}]}}