{"id":57221,"date":"2024-09-11T09:57:33","date_gmt":"2024-09-11T09:57:33","guid":{"rendered":"https:\/\/www.multifrigo.pl\/sklep\/produkt\/odwrocona-osmoza-do-zmywarki-do-szkla-lub-zmywarki-z-systemem-plukania-htr-smeg-wo-20-01\/"},"modified":"2024-09-12T14:01:05","modified_gmt":"2024-09-12T14:01:05","slug":"odwrocona-osmoza-do-zmywarki-do-szkla-lub-zmywarki-z-systemem-plukania-htr-smeg-wo-20-01","status":"publish","type":"product","link":"https:\/\/www.multifrigo.pl\/sklep\/produkt\/odwrocona-osmoza-do-zmywarki-do-szkla-lub-zmywarki-z-systemem-plukania-htr-smeg-wo-20-01\/","title":{"rendered":"Odwr\u00f3cona osmoza do zmywarki do szk\u0142a lub zmywarki z systemem p\u0142ukania HTR | Smeg WO-20-01"},"content":{"rendered":"<p>Odwr\u00f3cona osmoza do zmywarki do szk\u0142a lub zmywarki z systemem p\u0142ukania HTR. Wydajno\u015b\u0107: 120 l\/h<\/p>\n","protected":false},"excerpt":{"rendered":"<p>Odwr\u00f3cona osmoza do zmywarki do szk\u0142a lub zmywarki z systemem p\u0142ukania HTR. Wydajno\u015b\u0107: 120 l\/h<\/p>\n","protected":false},"featured_media":57565,"template":"","meta":{"_et_pb_use_builder":"","_et_pb_old_content":"","_et_gb_content_width":""},"pwb-brand":[680],"product_brand":[],"product_cat":[4446],"product_tag":[],"class_list":{"0":"post-57221","1":"product","2":"type-product","3":"status-publish","4":"has-post-thumbnail","6":"pwb-brand-smeg","7":"product_cat-odwrocona-osmoza","9":"first","10":"instock","11":"taxable","12":"shipping-taxable","13":"purchasable","14":"product-type-simple"},"brands":[{"id":680,"name":"Smeg","slug":"smeg"}],"_links":{"self":[{"href":"https:\/\/www.multifrigo.pl\/sklep\/wp-json\/wp\/v2\/product\/57221","targetHints":{"allow":["GET"]}}],"collection":[{"href":"https:\/\/www.multifrigo.pl\/sklep\/wp-json\/wp\/v2\/product"}],"about":[{"href":"https:\/\/www.multifrigo.pl\/sklep\/wp-json\/wp\/v2\/types\/product"}],"wp:featuredmedia":[{"embeddable":true,"href":"https:\/\/www.multifrigo.pl\/sklep\/wp-json\/wp\/v2\/media\/57565"}],"wp:attachment":[{"href":"https:\/\/www.multifrigo.pl\/sklep\/wp-json\/wp\/v2\/media?parent=57221"}],"wp:term":[{"taxonomy":"pwb-brand","embeddable":true,"href":"https:\/\/www.multifrigo.pl\/sklep\/wp-json\/wp\/v2\/pwb-brand?post=57221"},{"taxonomy":"product_brand","embeddable":true,"href":"https:\/\/www.multifrigo.pl\/sklep\/wp-json\/wp\/v2\/product_brand?post=57221"},{"taxonomy":"product_cat","embeddable":true,"href":"https:\/\/www.multifrigo.pl\/sklep\/wp-json\/wp\/v2\/product_cat?post=57221"},{"taxonomy":"product_tag","embeddable":true,"href":"https:\/\/www.multifrigo.pl\/sklep\/wp-json\/wp\/v2\/product_tag?post=57221"}],"curies":[{"name":"wp","href":"https:\/\/api.w.org\/{rel}","templated":true}]}}