{"id":57232,"date":"2024-09-11T09:57:59","date_gmt":"2024-09-11T09:57:59","guid":{"rendered":"https:\/\/www.multifrigo.pl\/sklep\/produkt\/stol-wyladowczy-cokol-100-oraz-polka-dolna-700x720x8215-prawy-element-smeg-wtx5700r\/"},"modified":"2024-09-12T14:01:09","modified_gmt":"2024-09-12T14:01:09","slug":"stol-wyladowczy-cokol-100-oraz-polka-dolna-700x720x8215-prawy-element-smeg-wtx5700r","status":"publish","type":"product","link":"https:\/\/www.multifrigo.pl\/sklep\/produkt\/stol-wyladowczy-cokol-100-oraz-polka-dolna-700x720x8215-prawy-element-smeg-wtx5700r\/","title":{"rendered":"St\u00f3\u0142 wy\u0142adowczy, cok\u00f3\u0142 (100) oraz p\u00f3\u0142ka dolna, 700x720x821,5, prawy element | Smeg WTX5700R"},"content":{"rendered":"<p>St\u00f3\u0142 wy\u0142adowczy, cok\u00f3\u0142 (100 mm) oraz p\u00f3\u0142ka dolna. Wymiary (SxGxW): 700x720x821,5 mm. Prawy element<\/p>\n","protected":false},"excerpt":{"rendered":"<p>St\u00f3\u0142 wy\u0142adowczy, cok\u00f3\u0142 (100 mm) oraz p\u00f3\u0142ka dolna. Wymiary (SxGxW): 700x720x821,5 mm. Prawy element<\/p>\n","protected":false},"featured_media":57579,"template":"","meta":{"_et_pb_use_builder":"","_et_pb_old_content":"","_et_gb_content_width":""},"pwb-brand":[680],"product_brand":[],"product_cat":[143],"product_tag":[],"class_list":{"0":"post-57232","1":"product","2":"type-product","3":"status-publish","4":"has-post-thumbnail","6":"pwb-brand-smeg","7":"product_cat-stoly-wyladowcze","9":"first","10":"instock","11":"taxable","12":"shipping-taxable","13":"purchasable","14":"product-type-simple"},"brands":[{"id":680,"name":"Smeg","slug":"smeg"}],"_links":{"self":[{"href":"https:\/\/www.multifrigo.pl\/sklep\/wp-json\/wp\/v2\/product\/57232","targetHints":{"allow":["GET"]}}],"collection":[{"href":"https:\/\/www.multifrigo.pl\/sklep\/wp-json\/wp\/v2\/product"}],"about":[{"href":"https:\/\/www.multifrigo.pl\/sklep\/wp-json\/wp\/v2\/types\/product"}],"wp:featuredmedia":[{"embeddable":true,"href":"https:\/\/www.multifrigo.pl\/sklep\/wp-json\/wp\/v2\/media\/57579"}],"wp:attachment":[{"href":"https:\/\/www.multifrigo.pl\/sklep\/wp-json\/wp\/v2\/media?parent=57232"}],"wp:term":[{"taxonomy":"pwb-brand","embeddable":true,"href":"https:\/\/www.multifrigo.pl\/sklep\/wp-json\/wp\/v2\/pwb-brand?post=57232"},{"taxonomy":"product_brand","embeddable":true,"href":"https:\/\/www.multifrigo.pl\/sklep\/wp-json\/wp\/v2\/product_brand?post=57232"},{"taxonomy":"product_cat","embeddable":true,"href":"https:\/\/www.multifrigo.pl\/sklep\/wp-json\/wp\/v2\/product_cat?post=57232"},{"taxonomy":"product_tag","embeddable":true,"href":"https:\/\/www.multifrigo.pl\/sklep\/wp-json\/wp\/v2\/product_tag?post=57232"}],"curies":[{"name":"wp","href":"https:\/\/api.w.org\/{rel}","templated":true}]}}