{"id":57234,"date":"2024-09-11T09:58:05","date_gmt":"2024-09-11T09:58:05","guid":{"rendered":"https:\/\/www.multifrigo.pl\/sklep\/produkt\/stol-wyladowczy-zarowno-jako-element-prawy-i-lewy-cokol-100-oraz-polka-dolna-700x720x8215-smeg-wtx5700\/"},"modified":"2024-09-12T14:01:10","modified_gmt":"2024-09-12T14:01:10","slug":"stol-wyladowczy-zarowno-jako-element-prawy-i-lewy-cokol-100-oraz-polka-dolna-700x720x8215-smeg-wtx5700","status":"publish","type":"product","link":"https:\/\/www.multifrigo.pl\/sklep\/produkt\/stol-wyladowczy-zarowno-jako-element-prawy-i-lewy-cokol-100-oraz-polka-dolna-700x720x8215-smeg-wtx5700\/","title":{"rendered":"St\u00f3\u0142 wy\u0142adowczy zar\u00f3wno jako element prawy i lewy, cok\u00f3\u0142 (100) oraz p\u00f3\u0142ka dolna, 700x720x821,5 | Smeg WTX5700"},"content":{"rendered":"<p>St\u00f3\u0142 wy\u0142adowczy zar\u00f3wno jako element prawy i lewy, cok\u00f3\u0142 (100 mm) oraz p\u00f3\u0142ka dolna. Wymiary (SxGxW): 700x720x821,5 mm<\/p>\n","protected":false},"excerpt":{"rendered":"<p>St\u00f3\u0142 wy\u0142adowczy zar\u00f3wno jako element prawy i lewy, cok\u00f3\u0142 (100 mm) oraz p\u00f3\u0142ka dolna. Wymiary (SxGxW): 700x720x821,5 mm<\/p>\n","protected":false},"featured_media":57581,"template":"","meta":{"_et_pb_use_builder":"","_et_pb_old_content":"","_et_gb_content_width":""},"pwb-brand":[680],"product_brand":[],"product_cat":[143],"product_tag":[],"class_list":{"0":"post-57234","1":"product","2":"type-product","3":"status-publish","4":"has-post-thumbnail","6":"pwb-brand-smeg","7":"product_cat-stoly-wyladowcze","9":"first","10":"instock","11":"taxable","12":"shipping-taxable","13":"purchasable","14":"product-type-simple"},"brands":[{"id":680,"name":"Smeg","slug":"smeg"}],"_links":{"self":[{"href":"https:\/\/www.multifrigo.pl\/sklep\/wp-json\/wp\/v2\/product\/57234","targetHints":{"allow":["GET"]}}],"collection":[{"href":"https:\/\/www.multifrigo.pl\/sklep\/wp-json\/wp\/v2\/product"}],"about":[{"href":"https:\/\/www.multifrigo.pl\/sklep\/wp-json\/wp\/v2\/types\/product"}],"wp:featuredmedia":[{"embeddable":true,"href":"https:\/\/www.multifrigo.pl\/sklep\/wp-json\/wp\/v2\/media\/57581"}],"wp:attachment":[{"href":"https:\/\/www.multifrigo.pl\/sklep\/wp-json\/wp\/v2\/media?parent=57234"}],"wp:term":[{"taxonomy":"pwb-brand","embeddable":true,"href":"https:\/\/www.multifrigo.pl\/sklep\/wp-json\/wp\/v2\/pwb-brand?post=57234"},{"taxonomy":"product_brand","embeddable":true,"href":"https:\/\/www.multifrigo.pl\/sklep\/wp-json\/wp\/v2\/product_brand?post=57234"},{"taxonomy":"product_cat","embeddable":true,"href":"https:\/\/www.multifrigo.pl\/sklep\/wp-json\/wp\/v2\/product_cat?post=57234"},{"taxonomy":"product_tag","embeddable":true,"href":"https:\/\/www.multifrigo.pl\/sklep\/wp-json\/wp\/v2\/product_tag?post=57234"}],"curies":[{"name":"wp","href":"https:\/\/api.w.org\/{rel}","templated":true}]}}