{"id":57241,"date":"2024-09-11T09:58:22","date_gmt":"2024-09-11T09:58:22","guid":{"rendered":"https:\/\/www.multifrigo.pl\/sklep\/produkt\/profesjonalne-ekspresy-do-kawy-la-pavoni-dzwigniowy-2-grupy-zaparzaniazloty-smeg-dia2l2400eu\/"},"modified":"2024-09-12T14:01:12","modified_gmt":"2024-09-12T14:01:12","slug":"profesjonalne-ekspresy-do-kawy-la-pavoni-dzwigniowy-2-grupy-zaparzaniazloty-smeg-dia2l2400eu","status":"publish","type":"product","link":"https:\/\/www.multifrigo.pl\/sklep\/produkt\/profesjonalne-ekspresy-do-kawy-la-pavoni-dzwigniowy-2-grupy-zaparzaniazloty-smeg-dia2l2400eu\/","title":{"rendered":"Profesjonalne ekspresy do kawy La Pavoni, d\u017awigniowy, 2 grupy zaparzania | Smeg DIA2L2400EU"},"content":{"rendered":"<p>Profesjonalne ekspresy do kawy La Pavoni, d\u017awigniowy, 2 grupy zaparzania, manometr bojlera, kolor: z\u0142oty, wyko\u0144czenie:\u00a0stal nierdzewna.<\/p>\n","protected":false},"excerpt":{"rendered":"<p>Profesjonalne ekspresy do kawy La Pavoni, d\u017awigniowy, 2 grupy zaparzania, manometr bojlera, kolor: z\u0142oty, wyko\u0144czenie:\u00a0stal nierdzewna.<\/p>\n","protected":false},"featured_media":57596,"template":"","meta":{"_et_pb_use_builder":"","_et_pb_old_content":"","_et_gb_content_width":""},"pwb-brand":[680],"product_brand":[],"product_cat":[4447],"product_tag":[],"class_list":{"0":"post-57241","1":"product","2":"type-product","3":"status-publish","4":"has-post-thumbnail","6":"pwb-brand-smeg","7":"product_cat-ekspresy-dzwigniowe","9":"first","10":"instock","11":"taxable","12":"shipping-taxable","13":"purchasable","14":"product-type-simple"},"brands":[{"id":680,"name":"Smeg","slug":"smeg"}],"_links":{"self":[{"href":"https:\/\/www.multifrigo.pl\/sklep\/wp-json\/wp\/v2\/product\/57241","targetHints":{"allow":["GET"]}}],"collection":[{"href":"https:\/\/www.multifrigo.pl\/sklep\/wp-json\/wp\/v2\/product"}],"about":[{"href":"https:\/\/www.multifrigo.pl\/sklep\/wp-json\/wp\/v2\/types\/product"}],"wp:featuredmedia":[{"embeddable":true,"href":"https:\/\/www.multifrigo.pl\/sklep\/wp-json\/wp\/v2\/media\/57596"}],"wp:attachment":[{"href":"https:\/\/www.multifrigo.pl\/sklep\/wp-json\/wp\/v2\/media?parent=57241"}],"wp:term":[{"taxonomy":"pwb-brand","embeddable":true,"href":"https:\/\/www.multifrigo.pl\/sklep\/wp-json\/wp\/v2\/pwb-brand?post=57241"},{"taxonomy":"product_brand","embeddable":true,"href":"https:\/\/www.multifrigo.pl\/sklep\/wp-json\/wp\/v2\/product_brand?post=57241"},{"taxonomy":"product_cat","embeddable":true,"href":"https:\/\/www.multifrigo.pl\/sklep\/wp-json\/wp\/v2\/product_cat?post=57241"},{"taxonomy":"product_tag","embeddable":true,"href":"https:\/\/www.multifrigo.pl\/sklep\/wp-json\/wp\/v2\/product_tag?post=57241"}],"curies":[{"name":"wp","href":"https:\/\/api.w.org\/{rel}","templated":true}]}}