{"id":57680,"date":"2024-09-12T13:54:36","date_gmt":"2024-09-12T13:54:36","guid":{"rendered":"https:\/\/www.multifrigo.pl\/sklep\/produkt\/zmywarka-do-naczyn-podblatowa-kosz-500x500-wbudowany-zmiekczacz-smeg-spd503s\/"},"modified":"2024-09-12T20:00:40","modified_gmt":"2024-09-12T20:00:40","slug":"zmywarka-do-naczyn-podblatowa-kosz-500x500-wbudowany-zmiekczacz-smeg-spd503s","status":"publish","type":"product","link":"https:\/\/www.multifrigo.pl\/sklep\/produkt\/zmywarka-do-naczyn-podblatowa-kosz-500x500-wbudowany-zmiekczacz-smeg-spd503s\/","title":{"rendered":"Zmywarka do naczy\u0144 podblatowa, kosz 500&#215;500, wbudowany zmi\u0119kczacz | Smeg SPD503S"},"content":{"rendered":"<p><strong>Zmywarka do naczy\u0144 podblatowa Smeg SPD503S<\/strong><\/p>\n<ul>\n<li>Sterowanie: elektroniczne<\/li>\n<li>Wymiary kosza: 500&#215;500 mm<\/li>\n<li>Ilo\u015b\u0107 program\u00f3w: 3<\/li>\n<li>Wydajno\u015b\u0107 kosze\/h: max 40<\/li>\n<li>Termo-akustyczna izolacja: drzwi<\/li>\n<li>Dozownik nab\u0142yszczacza: perystaltyczna pompa z regulacj\u0105 elektroniczn\u0105<\/li>\n<li>Dozownik detergentu: perystaltyczna pompa z regulacj\u0105 elektroniczn\u0105<\/li>\n<li>Wysoko\u015b\u0107 wej\u015bcia do komory: 365 mm<\/li>\n<li>Pojemno\u015b\u0107 zbiornika: 13 l<\/li>\n<li>Pojemno\u015b\u0107 bojlera: 6 l<\/li>\n<li>Pod\u0142\u0105czenie elektryczne \/ Ca\u0142kowita moc przy\u0142\u0105czeniowa: 400V 3N 50Hz \/ 5,7 kW; 230V 1N 50Hz \/ 3,2 kW<\/li>\n<li>Moc grza\u0142ki bojlera: 5 kW<\/li>\n<li>Moc grza\u0142ki zbiornika: 2 kW<\/li>\n<li>Moc pompy myj\u0105cej: 0,7 kW<\/li>\n<li>System p\u0142ukania: ci\u015bnienie sieci zasilaj\u0105cej<\/li>\n<li>Wbudowany zmi\u0119kczacz<\/li>\n<li>System mycia: pompa myj\u0105ca z systemem Soft Start<\/li>\n<li>Zu\u017cycie wody na cykl: 3,2 l<\/li>\n<li>Konstrukcja: stal nierdzewna AISI 304 o pojedynczej \u015bciance<\/li>\n<li>System spustowy: automatyczna pompa spustowa z cz\u0119\u015bciow\u0105 wymian\u0105 wody w zbiorniku<\/li>\n<li>System filtrowania: zintegrowany plastikowy filtr zbiornika oraz 2-stopniowy filtr spustowy wraz dodatkowym microfiltrem chroni\u0105cym pomp\u0119<\/li>\n<li>Ramiona myj\u0105ce i p\u0142ucz\u0105ce: 2 po\u0142\u0105czone ramiona myj\u0105ce i nab\u0142yszczaj\u0105ce z systemem szybkiego demonta\u017cu<\/li>\n<li>Wyt\u0142oczone prowadnice koszy<\/li>\n<li>Bojler z pomp\u0105 spustow\u0105 do ca\u0142kowitego odprowadzenia<\/li>\n<li>Funkcja gotowo\u015bci element\u00f3w grzejnych podczas nieu\u017cytkowania zmywarki<\/li>\n<li>Automatyczne mycie zbiornika podczas spustu wody<\/li>\n<li>Zaokr\u0105glona konstrukcja komory myj\u0105cej<\/li>\n<li>Break tank w standardzie<\/li>\n<li>Termostop gwarantuj\u0105cy optymaln\u0105 temperatur\u0119 p\u0142ukania<\/li>\n<li>System automatycznego wykrywania defekt\u00f3w<\/li>\n<li>Funkcja \u015awie\u017cej Wody<\/li>\n<li>Drzwi o podw\u00f3jnych, izolowanych \u015bciankach<\/li>\n<li>Funkcja dodatkowego p\u0142ukania<\/li>\n<li>Wyposa\u017cenie standardowe: kosz PB50D01 oraz PB50G01 i pojemnik na sztu\u0107ce PH00S02<\/li>\n<li>Wyposa\u017cenie opcjonalne (za dodatkow\u0105 op\u0142at\u0105): PB50D01, PB50G01, PHOOS01, PHOOS02, WB50D01, WB50G01, WB50G02, WB50G03, WB50G04, WB50T02, WH00S01, WH00C01, WP02<\/li>\n<\/ul>\n","protected":false},"excerpt":{"rendered":"<p>Zmywarka do naczy\u0144 podblatowa Smeg SPD503S Sterowanie: elektroniczne Wymiary kosza: 500&#215;500 mm Ilo\u015b\u0107 program\u00f3w: 3 Wydajno\u015b\u0107 kosze\/h: max 40 Termo-akustyczna izolacja: drzwi Dozownik nab\u0142yszczacza: perystaltyczna pompa z regulacj\u0105 elektroniczn\u0105 Dozownik detergentu: perystaltyczna pompa z regulacj\u0105 elektroniczn\u0105 Wysoko\u015b\u0107 wej\u015bcia do komory: 365 mm Pojemno\u015b\u0107 zbiornika: 13 l Pojemno\u015b\u0107 bojlera: 6 l Pod\u0142\u0105czenie elektryczne \/ Ca\u0142kowita moc [&hellip;]<\/p>\n","protected":false},"featured_media":57712,"template":"","meta":{"_et_pb_use_builder":"","_et_pb_old_content":"","_et_gb_content_width":""},"pwb-brand":[680],"product_brand":[],"product_cat":[497],"product_tag":[],"class_list":{"0":"post-57680","1":"product","2":"type-product","3":"status-publish","4":"has-post-thumbnail","6":"pwb-brand-smeg","7":"product_cat-zmywarki-do-garnkow-i-naczyn","9":"first","10":"instock","11":"taxable","12":"shipping-taxable","13":"purchasable","14":"product-type-simple"},"brands":[{"id":680,"name":"Smeg","slug":"smeg"}],"_links":{"self":[{"href":"https:\/\/www.multifrigo.pl\/sklep\/wp-json\/wp\/v2\/product\/57680","targetHints":{"allow":["GET"]}}],"collection":[{"href":"https:\/\/www.multifrigo.pl\/sklep\/wp-json\/wp\/v2\/product"}],"about":[{"href":"https:\/\/www.multifrigo.pl\/sklep\/wp-json\/wp\/v2\/types\/product"}],"wp:featuredmedia":[{"embeddable":true,"href":"https:\/\/www.multifrigo.pl\/sklep\/wp-json\/wp\/v2\/media\/57712"}],"wp:attachment":[{"href":"https:\/\/www.multifrigo.pl\/sklep\/wp-json\/wp\/v2\/media?parent=57680"}],"wp:term":[{"taxonomy":"pwb-brand","embeddable":true,"href":"https:\/\/www.multifrigo.pl\/sklep\/wp-json\/wp\/v2\/pwb-brand?post=57680"},{"taxonomy":"product_brand","embeddable":true,"href":"https:\/\/www.multifrigo.pl\/sklep\/wp-json\/wp\/v2\/product_brand?post=57680"},{"taxonomy":"product_cat","embeddable":true,"href":"https:\/\/www.multifrigo.pl\/sklep\/wp-json\/wp\/v2\/product_cat?post=57680"},{"taxonomy":"product_tag","embeddable":true,"href":"https:\/\/www.multifrigo.pl\/sklep\/wp-json\/wp\/v2\/product_tag?post=57680"}],"curies":[{"name":"wp","href":"https:\/\/api.w.org\/{rel}","templated":true}]}}