{"id":57739,"date":"2024-09-23T11:32:33","date_gmt":"2024-09-23T11:32:33","guid":{"rendered":"https:\/\/www.multifrigo.pl\/sklep\/produkt\/termos-prozniowy-airpot-furento-czerwony-22-l-bravilor-bonamat-7-171-337-101\/"},"modified":"2025-07-25T12:45:00","modified_gmt":"2025-07-25T12:45:00","slug":"termos-prozniowy-airpot-furento-czerwony-22-l-bravilor-bonamat-7-171-337-101","status":"publish","type":"product","link":"https:\/\/www.multifrigo.pl\/sklep\/produkt\/termos-prozniowy-airpot-furento-czerwony-22-l-bravilor-bonamat-7-171-337-101\/","title":{"rendered":"Termos pr\u00f3\u017cniowy Airpot Furento czerwony 2,2 l | Bravilor Bonamat 7.171.337.101"},"content":{"rendered":"<p>Termos o pojemno\u015bci 2,2 Litra. Z pompk\u0105 i systemem mieszania. Wk\u0142ad szklany, obudowa z plastiku. Termos posiada unikalny system mieszania napoju, sk\u0142adaj\u0105cy si\u0119 z systemu dw\u00f3ch rurek, gwarantuj\u0105cy utrzymywanie tej samej temperatury w ca\u0142ym termosie i wydawanie zawsze jak najcieplejszego napoju.<\/p>\n","protected":false},"excerpt":{"rendered":"<p>Termos o pojemno\u015bci 2,2 Litra. Z pompk\u0105 i systemem mieszania. Wk\u0142ad szklany, obudowa z plastiku. Termos posiada unikalny system mieszania napoju, sk\u0142adaj\u0105cy si\u0119 z systemu dw\u00f3ch rurek, gwarantuj\u0105cy utrzymywanie tej samej temperatury w ca\u0142ym termosie i wydawanie zawsze jak najcieplejszego napoju.<\/p>\n","protected":false},"featured_media":57814,"template":"","meta":{"_et_pb_use_builder":"","_et_pb_old_content":"","_et_gb_content_width":""},"pwb-brand":[4701],"product_brand":[],"product_cat":[233],"product_tag":[],"class_list":{"0":"post-57739","1":"product","2":"type-product","3":"status-publish","4":"has-post-thumbnail","6":"pwb-brand-bravilor-bonamat","7":"product_cat-termosy-z-pompka","9":"first","10":"instock","11":"taxable","12":"shipping-taxable","13":"purchasable","14":"product-type-simple"},"brands":[{"id":4701,"name":"Bravilor Bonamat","slug":"bravilor-bonamat"}],"_links":{"self":[{"href":"https:\/\/www.multifrigo.pl\/sklep\/wp-json\/wp\/v2\/product\/57739","targetHints":{"allow":["GET"]}}],"collection":[{"href":"https:\/\/www.multifrigo.pl\/sklep\/wp-json\/wp\/v2\/product"}],"about":[{"href":"https:\/\/www.multifrigo.pl\/sklep\/wp-json\/wp\/v2\/types\/product"}],"wp:featuredmedia":[{"embeddable":true,"href":"https:\/\/www.multifrigo.pl\/sklep\/wp-json\/wp\/v2\/media\/57814"}],"wp:attachment":[{"href":"https:\/\/www.multifrigo.pl\/sklep\/wp-json\/wp\/v2\/media?parent=57739"}],"wp:term":[{"taxonomy":"pwb-brand","embeddable":true,"href":"https:\/\/www.multifrigo.pl\/sklep\/wp-json\/wp\/v2\/pwb-brand?post=57739"},{"taxonomy":"product_brand","embeddable":true,"href":"https:\/\/www.multifrigo.pl\/sklep\/wp-json\/wp\/v2\/product_brand?post=57739"},{"taxonomy":"product_cat","embeddable":true,"href":"https:\/\/www.multifrigo.pl\/sklep\/wp-json\/wp\/v2\/product_cat?post=57739"},{"taxonomy":"product_tag","embeddable":true,"href":"https:\/\/www.multifrigo.pl\/sklep\/wp-json\/wp\/v2\/product_tag?post=57739"}],"curies":[{"name":"wp","href":"https:\/\/api.w.org\/{rel}","templated":true}]}}