{"id":57744,"date":"2024-09-23T11:32:57","date_gmt":"2024-09-23T11:32:57","guid":{"rendered":"https:\/\/www.multifrigo.pl\/sklep\/produkt\/stacja-cateringowa-airpot-station-bravilor-bonamat-7-211-005-201\/"},"modified":"2025-07-25T12:45:06","modified_gmt":"2025-07-25T12:45:06","slug":"stacja-cateringowa-airpot-station-bravilor-bonamat-7-211-005-201","status":"publish","type":"product","link":"https:\/\/www.multifrigo.pl\/sklep\/produkt\/stacja-cateringowa-airpot-station-bravilor-bonamat-7-211-005-201\/","title":{"rendered":"Stacja cateringowa Airpot Station  | Bravilor Bonamat 7.211.005.201"},"content":{"rendered":"<p>Podstawa na termosy i dodatki (kubki, cukier, herbata, \u0142y\u017ceczki itp.), to doskona\u0142e rozwi\u0105zanie do cateringu. Umo\u017cliwia serwowanie kawy w dowolnym czasie i miejscu. Podstawa jest dopasowana do termos\u00f3w Airpot Furento, jest wykonana z tworzywa sztucznego najwy\u017cszej jako\u015bci i jest wyj\u0105tkowo \u0142atwa w czyszczeniu.<\/p>\n","protected":false},"excerpt":{"rendered":"<p>Podstawa na termosy i dodatki (kubki, cukier, herbata, \u0142y\u017ceczki itp.), to doskona\u0142e rozwi\u0105zanie do cateringu. Umo\u017cliwia serwowanie kawy w dowolnym czasie i miejscu. Podstawa jest dopasowana do termos\u00f3w Airpot Furento, jest wykonana z tworzywa sztucznego najwy\u017cszej jako\u015bci i jest wyj\u0105tkowo \u0142atwa w czyszczeniu.<\/p>\n","protected":false},"featured_media":57819,"template":"","meta":{"_et_pb_use_builder":"","_et_pb_old_content":"","_et_gb_content_width":""},"pwb-brand":[4701],"product_brand":[],"product_cat":[223],"product_tag":[],"class_list":{"0":"post-57744","1":"product","2":"type-product","3":"status-publish","4":"has-post-thumbnail","6":"pwb-brand-bravilor-bonamat","7":"product_cat-dyspensery-uniwersalne","9":"first","10":"instock","11":"taxable","12":"shipping-taxable","13":"purchasable","14":"product-type-simple"},"brands":[{"id":4701,"name":"Bravilor Bonamat","slug":"bravilor-bonamat"}],"_links":{"self":[{"href":"https:\/\/www.multifrigo.pl\/sklep\/wp-json\/wp\/v2\/product\/57744","targetHints":{"allow":["GET"]}}],"collection":[{"href":"https:\/\/www.multifrigo.pl\/sklep\/wp-json\/wp\/v2\/product"}],"about":[{"href":"https:\/\/www.multifrigo.pl\/sklep\/wp-json\/wp\/v2\/types\/product"}],"wp:featuredmedia":[{"embeddable":true,"href":"https:\/\/www.multifrigo.pl\/sklep\/wp-json\/wp\/v2\/media\/57819"}],"wp:attachment":[{"href":"https:\/\/www.multifrigo.pl\/sklep\/wp-json\/wp\/v2\/media?parent=57744"}],"wp:term":[{"taxonomy":"pwb-brand","embeddable":true,"href":"https:\/\/www.multifrigo.pl\/sklep\/wp-json\/wp\/v2\/pwb-brand?post=57744"},{"taxonomy":"product_brand","embeddable":true,"href":"https:\/\/www.multifrigo.pl\/sklep\/wp-json\/wp\/v2\/product_brand?post=57744"},{"taxonomy":"product_cat","embeddable":true,"href":"https:\/\/www.multifrigo.pl\/sklep\/wp-json\/wp\/v2\/product_cat?post=57744"},{"taxonomy":"product_tag","embeddable":true,"href":"https:\/\/www.multifrigo.pl\/sklep\/wp-json\/wp\/v2\/product_tag?post=57744"}],"curies":[{"name":"wp","href":"https:\/\/api.w.org\/{rel}","templated":true}]}}