{"id":57746,"date":"2024-09-23T11:33:10","date_gmt":"2024-09-23T11:33:10","guid":{"rendered":"https:\/\/www.multifrigo.pl\/sklep\/produkt\/automat-do-goracych-napojow-bolero-21-bravilor-bonamat-8-020-340-31002\/"},"modified":"2025-07-25T12:45:08","modified_gmt":"2025-07-25T12:45:08","slug":"automat-do-goracych-napojow-bolero-21-bravilor-bonamat-8-020-340-31002","status":"publish","type":"product","link":"https:\/\/www.multifrigo.pl\/sklep\/produkt\/automat-do-goracych-napojow-bolero-21-bravilor-bonamat-8-020-340-31002\/","title":{"rendered":"Automat do gor\u0105cych napoj\u00f3w Bolero 21 | Bravilor Bonamat 8.020.340.31002"},"content":{"rendered":"<p>Bolero 21 posiada 2 pojemniki. Mo\u017cesz je przyk\u0142adowo nape\u0142ni\u0107: jeden kaw\u0105, a drugi mlekiem instant. Takie rozwi\u0105zanei pozwala na serwowanie napoj\u00f3w mlecznych, takich jak cappuccino, caff\u00e8 latte czy latte macchiato. Mo\u017cna zaprogramowa\u0107 max. 3 gor\u0105ce napoje. Dodatkowo posiada oddzieln\u0105 wylewk\u0119 do gor\u0105cej wody.<\/p>\n<ul>\n<li>Szybki i czytelny w obs\u0142udze interface<\/li>\n<li>Wykonany z materia\u0142ow najwy\u017cszej jako\u015bci takich jak stal nierdzewna i plastik BPA-free<\/li>\n<li>Osobna wylewka na gor\u0105c\u0105 wod\u0119<\/li>\n<li>Mo\u017cliwo\u015b\u0107 wyboru mocy i rozmiaru kawy (S\/M\/L) na ekranie dotykowym<\/li>\n<li>Tryb eco oraz izolacja bojlera dla zmniejszenia konsumpcji energii<\/li>\n<li>\u0141atwe w obs\u0142udze programy czyszczenia oraz odkamieniania<\/li>\n<li>Opatentowany system mieszalnika produkt\u00f3w instant, redukuj\u0105cy osadzanie si\u0119 sk\u0142adnik\u00f3w<\/li>\n<li>Prze\u017aroczyste pojemniki instant u\u0142atwiaj\u0105ce uzupe\u0142nianie<\/li>\n<li>Liczniki napoj\u00f3w: dzienny i \u0142\u0105czny<\/li>\n<li>Wiele programowalnych ustawie\u0144 daj\u0105cych mo\u017cliwo\u015b\u0107 zaprogramowania optymalnego napoju<\/li>\n<\/ul>\n","protected":false},"excerpt":{"rendered":"<p>Bolero 21 posiada 2 pojemniki. Mo\u017cesz je przyk\u0142adowo nape\u0142ni\u0107: jeden kaw\u0105, a drugi mlekiem instant. Takie rozwi\u0105zanei pozwala na serwowanie napoj\u00f3w mlecznych, takich jak cappuccino, caff\u00e8 latte czy latte macchiato. Mo\u017cna zaprogramowa\u0107 max. 3 gor\u0105ce napoje. Dodatkowo posiada oddzieln\u0105 wylewk\u0119 do gor\u0105cej wody. Szybki i czytelny w obs\u0142udze interface Wykonany z materia\u0142ow najwy\u017cszej jako\u015bci takich [&hellip;]<\/p>\n","protected":false},"featured_media":57821,"template":"","meta":{"_et_pb_use_builder":"","_et_pb_old_content":"","_et_gb_content_width":""},"pwb-brand":[4701],"product_brand":[],"product_cat":[322],"product_tag":[],"class_list":{"0":"post-57746","1":"product","2":"type-product","3":"status-publish","4":"has-post-thumbnail","6":"pwb-brand-bravilor-bonamat","7":"product_cat-ekspresy-automatyczne","9":"first","10":"instock","11":"taxable","12":"shipping-taxable","13":"purchasable","14":"product-type-simple"},"brands":[{"id":4701,"name":"Bravilor Bonamat","slug":"bravilor-bonamat"}],"_links":{"self":[{"href":"https:\/\/www.multifrigo.pl\/sklep\/wp-json\/wp\/v2\/product\/57746","targetHints":{"allow":["GET"]}}],"collection":[{"href":"https:\/\/www.multifrigo.pl\/sklep\/wp-json\/wp\/v2\/product"}],"about":[{"href":"https:\/\/www.multifrigo.pl\/sklep\/wp-json\/wp\/v2\/types\/product"}],"wp:featuredmedia":[{"embeddable":true,"href":"https:\/\/www.multifrigo.pl\/sklep\/wp-json\/wp\/v2\/media\/57821"}],"wp:attachment":[{"href":"https:\/\/www.multifrigo.pl\/sklep\/wp-json\/wp\/v2\/media?parent=57746"}],"wp:term":[{"taxonomy":"pwb-brand","embeddable":true,"href":"https:\/\/www.multifrigo.pl\/sklep\/wp-json\/wp\/v2\/pwb-brand?post=57746"},{"taxonomy":"product_brand","embeddable":true,"href":"https:\/\/www.multifrigo.pl\/sklep\/wp-json\/wp\/v2\/product_brand?post=57746"},{"taxonomy":"product_cat","embeddable":true,"href":"https:\/\/www.multifrigo.pl\/sklep\/wp-json\/wp\/v2\/product_cat?post=57746"},{"taxonomy":"product_tag","embeddable":true,"href":"https:\/\/www.multifrigo.pl\/sklep\/wp-json\/wp\/v2\/product_tag?post=57746"}],"curies":[{"name":"wp","href":"https:\/\/api.w.org\/{rel}","templated":true}]}}