{"id":57748,"date":"2024-09-23T11:33:21","date_gmt":"2024-09-23T11:33:21","guid":{"rendered":"https:\/\/www.multifrigo.pl\/sklep\/produkt\/automat-do-goracych-napojow-bolero-43-bravilor-bonamat-8-020-360-31002\/"},"modified":"2025-07-25T12:45:10","modified_gmt":"2025-07-25T12:45:10","slug":"automat-do-goracych-napojow-bolero-43-bravilor-bonamat-8-020-360-31002","status":"publish","type":"product","link":"https:\/\/www.multifrigo.pl\/sklep\/produkt\/automat-do-goracych-napojow-bolero-43-bravilor-bonamat-8-020-360-31002\/","title":{"rendered":"Automat do gor\u0105cych napoj\u00f3w Bolero 43 | Bravilor Bonamat 8.020.360.31002"},"content":{"rendered":"<p>Bolero 42 oferuje szeroki wybor\u00f3w napoj\u00f3w, \u0142\u0105cznie 36 rodzaj\u00f3w. Wy\u015bwietlacz dotykowy daje mo\u017cliwo\u015b\u0107 zaprogramowania 4 oddzielnych ekran\u00f3w, ka\u017cdy z maximum 9 napojami do wyboru. <\/p>\n<li> Nowa linia Bolero daje mo\u017cliwo\u015b\u0107 po\u0142\u0105czenia 3 r\u00f3\u017cnych produkt\u00f3w instant w jednym napoju: kaw\u0119, mleko i kakao.\n<ul>\n<li>Szybki i czytelny w obs\u0142udze interface<\/li>\n<li>Wykonany z materia\u0142\u00f3w najwy\u017cszej jako\u015bci takich jak stal nierdzewna i plastik BPA-free<\/li>\n<li>Osobna wylewka na gor\u0105c\u0105 wod\u0119<\/li>\n<li>Mo\u017cliwo\u015b\u0107 wyboru mocy i rozmiaru kawy (S\/M\/L) na ekranie dotykowym<\/li>\n<li>Tryb eco oraz izolacja bojlera dla zmniejszenia konsumpcji energii<\/li>\n<li>\u0141atwe w obs\u0142udze programy czyszczenia oraz odkamieniania<\/li>\n<li>Opatentowany system mieszalnika produkt\u00f3w instant, redukuj\u0105cy osadzanie si\u0119 sk\u0142adnik\u00f3w<\/li>\n<li>Prze\u017aroczyste pojemniki instant u\u0142atwiaj\u0105ce uzupe\u0142nianie<\/li>\n<li>Liczniki napoj\u00f3w: dzienny i \u0142\u0105czny<\/li>\n<li>Wiele programowalnych ustawie\u0144 daj\u0105cych mo\u017cliwo\u015b\u0107 zaprogramowania optymalnego napoju<\/li>\n<\/ul>\n","protected":false},"excerpt":{"rendered":"<p>Bolero 42 oferuje szeroki wybor\u00f3w napoj\u00f3w, \u0142\u0105cznie 36 rodzaj\u00f3w. Wy\u015bwietlacz dotykowy daje mo\u017cliwo\u015b\u0107 zaprogramowania 4 oddzielnych ekran\u00f3w, ka\u017cdy z maximum 9 napojami do wyboru. Nowa linia Bolero daje mo\u017cliwo\u015b\u0107 po\u0142\u0105czenia 3 r\u00f3\u017cnych produkt\u00f3w instant w jednym napoju: kaw\u0119, mleko i kakao. Szybki i czytelny w obs\u0142udze interface Wykonany z materia\u0142\u00f3w najwy\u017cszej jako\u015bci takich jak stal [&hellip;]<\/p>\n","protected":false},"featured_media":57823,"template":"","meta":{"_et_pb_use_builder":"","_et_pb_old_content":"","_et_gb_content_width":""},"pwb-brand":[4701],"product_brand":[],"product_cat":[322],"product_tag":[],"class_list":{"0":"post-57748","1":"product","2":"type-product","3":"status-publish","4":"has-post-thumbnail","6":"pwb-brand-bravilor-bonamat","7":"product_cat-ekspresy-automatyczne","9":"first","10":"instock","11":"taxable","12":"shipping-taxable","13":"purchasable","14":"product-type-simple"},"brands":[{"id":4701,"name":"Bravilor Bonamat","slug":"bravilor-bonamat"}],"_links":{"self":[{"href":"https:\/\/www.multifrigo.pl\/sklep\/wp-json\/wp\/v2\/product\/57748","targetHints":{"allow":["GET"]}}],"collection":[{"href":"https:\/\/www.multifrigo.pl\/sklep\/wp-json\/wp\/v2\/product"}],"about":[{"href":"https:\/\/www.multifrigo.pl\/sklep\/wp-json\/wp\/v2\/types\/product"}],"wp:featuredmedia":[{"embeddable":true,"href":"https:\/\/www.multifrigo.pl\/sklep\/wp-json\/wp\/v2\/media\/57823"}],"wp:attachment":[{"href":"https:\/\/www.multifrigo.pl\/sklep\/wp-json\/wp\/v2\/media?parent=57748"}],"wp:term":[{"taxonomy":"pwb-brand","embeddable":true,"href":"https:\/\/www.multifrigo.pl\/sklep\/wp-json\/wp\/v2\/pwb-brand?post=57748"},{"taxonomy":"product_brand","embeddable":true,"href":"https:\/\/www.multifrigo.pl\/sklep\/wp-json\/wp\/v2\/product_brand?post=57748"},{"taxonomy":"product_cat","embeddable":true,"href":"https:\/\/www.multifrigo.pl\/sklep\/wp-json\/wp\/v2\/product_cat?post=57748"},{"taxonomy":"product_tag","embeddable":true,"href":"https:\/\/www.multifrigo.pl\/sklep\/wp-json\/wp\/v2\/product_tag?post=57748"}],"curies":[{"name":"wp","href":"https:\/\/api.w.org\/{rel}","templated":true}]}}