{"id":57751,"date":"2024-09-23T11:33:34","date_gmt":"2024-09-23T11:33:34","guid":{"rendered":"https:\/\/www.multifrigo.pl\/sklep\/produkt\/chlodziarka-do-mleka-sprso-1l-bravilor-bonamat-7-270-622-102\/"},"modified":"2024-09-23T11:44:15","modified_gmt":"2024-09-23T11:44:15","slug":"chlodziarka-do-mleka-sprso-1l-bravilor-bonamat-7-270-622-102","status":"publish","type":"product","link":"https:\/\/www.multifrigo.pl\/sklep\/produkt\/chlodziarka-do-mleka-sprso-1l-bravilor-bonamat-7-270-622-102\/","title":{"rendered":"Ch\u0142odziarka do mleka Sprso 1L | Bravilor Bonamat 7.270.622.102"},"content":{"rendered":"<p>Aby delektowa\u0107 si\u0119 napojami kawowymi przygotowanymi ze \u015bwie\u017co spienionym mlekiem, potrzebujesz opcjonalnej ch\u0142odziarki do mleka Sprso. <\/p>\n<li> Ekspres do kawy Sprso mo\u017cna uzupe\u0142ni\u0107 o dowoln\u0105 ch\u0142odziark\u0119, jednak firma Bravilor Bonamat zaleca t\u0119 wolnostoj\u0105c\u0105 termoelektryczn\u0105 ch\u0142odziark\u0119 do mleka. Zosta\u0142a ona dok\u0142adnie przetestowana i spe\u0142nia nasze wysokie standardy jako\u015bci.\n<li> Sprso to w pe\u0142ni zautomatyzowany ekspres do kawy, dzi\u0119ki kt\u00f3remu mo\u017cna przygotowa\u0107 czarn\u0105 kaw\u0119, na przyk\u0142ad ristretto, espresso, caff\u00e8 crema i americano. Ch\u0142odziarka do mleka Sprso umo\u017cliwia przygotowanie r\u00f3wnie\u017c cappuccino, caff\u00e8 latte i innych kaw mlecznych po naci\u015bni\u0119ciu jednego przycisku.\n<li> Jest to niewielkie urz\u0105dzenie, kt\u00f3re mo\u017cna postawi\u0107 na dowolnym blacie. Mo\u017ce ch\u0142odzi\u0107 mleko w temperaturze od +1\u00b0C do +7\u00b0C (w zale\u017cno\u015bci od temperatury otoczenia).\n<li> Zestaw obejmuje: Ch\u0142odziark\u0119 o pojemno\u015bci 1 litra, rurk\u0119 o d\u0142ugo\u015bci 20 cm i adapter do monta\u017cu na \u015bcianie.<br \/>\n","protected":false},"excerpt":{"rendered":"<p>Aby delektowa\u0107 si\u0119 napojami kawowymi przygotowanymi ze \u015bwie\u017co spienionym mlekiem, potrzebujesz opcjonalnej ch\u0142odziarki do mleka Sprso. Ekspres do kawy Sprso mo\u017cna uzupe\u0142ni\u0107 o dowoln\u0105 ch\u0142odziark\u0119, jednak firma Bravilor Bonamat zaleca t\u0119 wolnostoj\u0105c\u0105 termoelektryczn\u0105 ch\u0142odziark\u0119 do mleka. Zosta\u0142a ona dok\u0142adnie przetestowana i spe\u0142nia nasze wysokie standardy jako\u015bci. Sprso to w pe\u0142ni zautomatyzowany ekspres do kawy, dzi\u0119ki [&hellip;]<\/p>\n","protected":false},"featured_media":57826,"template":"","meta":{"_et_pb_use_builder":"","_et_pb_old_content":"","_et_gb_content_width":""},"pwb-brand":[4701],"product_brand":[],"product_cat":[1346],"product_tag":[],"class_list":{"0":"post-57751","1":"product","2":"type-product","3":"status-publish","4":"has-post-thumbnail","6":"pwb-brand-bravilor-bonamat","7":"product_cat-chlodziarki","9":"first","10":"instock","11":"taxable","12":"shipping-taxable","13":"purchasable","14":"product-type-simple"},"brands":[{"id":4701,"name":"Bravilor Bonamat","slug":"bravilor-bonamat"}],"_links":{"self":[{"href":"https:\/\/www.multifrigo.pl\/sklep\/wp-json\/wp\/v2\/product\/57751","targetHints":{"allow":["GET"]}}],"collection":[{"href":"https:\/\/www.multifrigo.pl\/sklep\/wp-json\/wp\/v2\/product"}],"about":[{"href":"https:\/\/www.multifrigo.pl\/sklep\/wp-json\/wp\/v2\/types\/product"}],"wp:featuredmedia":[{"embeddable":true,"href":"https:\/\/www.multifrigo.pl\/sklep\/wp-json\/wp\/v2\/media\/57826"}],"wp:attachment":[{"href":"https:\/\/www.multifrigo.pl\/sklep\/wp-json\/wp\/v2\/media?parent=57751"}],"wp:term":[{"taxonomy":"pwb-brand","embeddable":true,"href":"https:\/\/www.multifrigo.pl\/sklep\/wp-json\/wp\/v2\/pwb-brand?post=57751"},{"taxonomy":"product_brand","embeddable":true,"href":"https:\/\/www.multifrigo.pl\/sklep\/wp-json\/wp\/v2\/product_brand?post=57751"},{"taxonomy":"product_cat","embeddable":true,"href":"https:\/\/www.multifrigo.pl\/sklep\/wp-json\/wp\/v2\/product_cat?post=57751"},{"taxonomy":"product_tag","embeddable":true,"href":"https:\/\/www.multifrigo.pl\/sklep\/wp-json\/wp\/v2\/product_tag?post=57751"}],"curies":[{"name":"wp","href":"https:\/\/api.w.org\/{rel}","templated":true}]}}