{"id":57754,"date":"2024-09-23T11:33:52","date_gmt":"2024-09-23T11:33:52","guid":{"rendered":"https:\/\/www.multifrigo.pl\/sklep\/produkt\/ekspres-do-kawy-cisnieniowy-esprecious-12-bravilor-bonamat-8-035-150-31001\/"},"modified":"2025-07-25T12:45:21","modified_gmt":"2025-07-25T12:45:21","slug":"ekspres-do-kawy-cisnieniowy-esprecious-12-bravilor-bonamat-8-035-290-31002","status":"publish","type":"product","link":"https:\/\/www.multifrigo.pl\/sklep\/produkt\/ekspres-do-kawy-cisnieniowy-esprecious-12-bravilor-bonamat-8-035-290-31002\/","title":{"rendered":"Ekspres do kawy ci\u015bnieniowy Esprecious 12  | Bravilor Bonamat 8.035.290.31002"},"content":{"rendered":"<p>Esprecious 12 ma 1 pojemnik na kaw\u0119 ziarnist\u0105 oraz 2 pojemniki na produkty instant. Pojemniki na instant mo\u017cna nape\u0142ni\u0107 mlekiem instant i kakao, co umo\u017cliwi nam przygotowanie napoj\u00f3w takich jak cappuccino, kawa z mlekiem, moccachino czy gor\u0105ca czekolada.<\/p>\n<ul>\n<li>Prostota obs\u0142ugi: intuicyjny ekran dotykowy<\/li>\n<li>Bean-to-cup: kawa jest przygotowywana ze \u015bwie\u017co zmielonych ziaren<\/li>\n<li>Podw\u00f3jna wylewka napoj\u00f3w \u2014 wydawanie dw\u00f3ch kaw jednocze\u015bnie<\/li>\n<li>Profesjonalny m\u0142ynek i zaparzacz: dla doskona\u0142ego mielenia i ekstrakcji kawy<\/li>\n<li>Regulacja ustawienia temperatury, proporcji kawy\/wody, itp.<\/li>\n<li>\u0141atwo\u015b\u0107 obs\u0142ugi, konserwacji i serwisu<\/li>\n<li>Sta\u0142a jako\u015b\u0107 napoju dzi\u0119ki programowi automatycznego p\u0142ukania<\/li>\n<li>Unikalny system gor\u0105cej wody, kt\u00f3ry redukuje osadzanie si\u0119 kamienia, minimalizuj\u0105c zakres konserwacji<\/li>\n<li>Oddzielna wylewka gor\u0105cej wody do herbaty lub zup<\/li>\n<\/ul>\n","protected":false},"excerpt":{"rendered":"<p>Esprecious 12 ma 1 pojemnik na kaw\u0119 ziarnist\u0105 oraz 2 pojemniki na produkty instant. Pojemniki na instant mo\u017cna nape\u0142ni\u0107 mlekiem instant i kakao, co umo\u017cliwi nam przygotowanie napoj\u00f3w takich jak cappuccino, kawa z mlekiem, moccachino czy gor\u0105ca czekolada. Prostota obs\u0142ugi: intuicyjny ekran dotykowy Bean-to-cup: kawa jest przygotowywana ze \u015bwie\u017co zmielonych ziaren Podw\u00f3jna wylewka napoj\u00f3w \u2014 [&hellip;]<\/p>\n","protected":false},"featured_media":57829,"template":"","meta":{"_et_pb_use_builder":"","_et_pb_old_content":"","_et_gb_content_width":""},"pwb-brand":[4701],"product_brand":[],"product_cat":[4697],"product_tag":[],"class_list":{"0":"post-57754","1":"product","2":"type-product","3":"status-publish","4":"has-post-thumbnail","6":"pwb-brand-bravilor-bonamat","7":"product_cat-ekspresy-cisnieniowe","9":"first","10":"instock","11":"taxable","12":"shipping-taxable","13":"purchasable","14":"product-type-simple"},"brands":[{"id":4701,"name":"Bravilor Bonamat","slug":"bravilor-bonamat"}],"_links":{"self":[{"href":"https:\/\/www.multifrigo.pl\/sklep\/wp-json\/wp\/v2\/product\/57754","targetHints":{"allow":["GET"]}}],"collection":[{"href":"https:\/\/www.multifrigo.pl\/sklep\/wp-json\/wp\/v2\/product"}],"about":[{"href":"https:\/\/www.multifrigo.pl\/sklep\/wp-json\/wp\/v2\/types\/product"}],"wp:featuredmedia":[{"embeddable":true,"href":"https:\/\/www.multifrigo.pl\/sklep\/wp-json\/wp\/v2\/media\/57829"}],"wp:attachment":[{"href":"https:\/\/www.multifrigo.pl\/sklep\/wp-json\/wp\/v2\/media?parent=57754"}],"wp:term":[{"taxonomy":"pwb-brand","embeddable":true,"href":"https:\/\/www.multifrigo.pl\/sklep\/wp-json\/wp\/v2\/pwb-brand?post=57754"},{"taxonomy":"product_brand","embeddable":true,"href":"https:\/\/www.multifrigo.pl\/sklep\/wp-json\/wp\/v2\/product_brand?post=57754"},{"taxonomy":"product_cat","embeddable":true,"href":"https:\/\/www.multifrigo.pl\/sklep\/wp-json\/wp\/v2\/product_cat?post=57754"},{"taxonomy":"product_tag","embeddable":true,"href":"https:\/\/www.multifrigo.pl\/sklep\/wp-json\/wp\/v2\/product_tag?post=57754"}],"curies":[{"name":"wp","href":"https:\/\/api.w.org\/{rel}","templated":true}]}}