{"id":57756,"date":"2024-09-23T11:34:02","date_gmt":"2024-09-23T11:34:02","guid":{"rendered":"https:\/\/www.multifrigo.pl\/sklep\/produkt\/pompka-flojet-bravilor-bonamat-7-270-103-101\/"},"modified":"2025-07-25T12:45:23","modified_gmt":"2025-07-25T12:45:23","slug":"pompka-flojet-bravilor-bonamat-7-270-103-101","status":"publish","type":"product","link":"https:\/\/www.multifrigo.pl\/sklep\/produkt\/pompka-flojet-bravilor-bonamat-7-270-103-101\/","title":{"rendered":"Pompka Flojet | Bravilor Bonamat 7.270.103.101"},"content":{"rendered":"<p>Pompka FloJet, do u\u017cywania w miejscach bez mo\u017cliwo\u015b\u009cci pod\u0142\u0105czenia urz\u0105dzenia do wodoci\u0105gu. Dopasowane do butli 18,9l z dedykowan\u0105 do nich rurk\u0105 zanurzeniow\u0105.  Nie ma wska\u017anika kiedy butla jest pusta. Doskona\u0142e rozwi\u0105zanie do cateringu, na targi czy wystawy.<\/p>\n","protected":false},"excerpt":{"rendered":"<p>Pompka FloJet, do u\u017cywania w miejscach bez mo\u017cliwo\u015b\u009cci pod\u0142\u0105czenia urz\u0105dzenia do wodoci\u0105gu. Dopasowane do butli 18,9l z dedykowan\u0105 do nich rurk\u0105 zanurzeniow\u0105. Nie ma wska\u017anika kiedy butla jest pusta. Doskona\u0142e rozwi\u0105zanie do cateringu, na targi czy wystawy.<\/p>\n","protected":false},"featured_media":57831,"template":"","meta":{"_et_pb_use_builder":"","_et_pb_old_content":"","_et_gb_content_width":""},"pwb-brand":[4701],"product_brand":[],"product_cat":[323],"product_tag":[],"class_list":{"0":"post-57756","1":"product","2":"type-product","3":"status-publish","4":"has-post-thumbnail","6":"pwb-brand-bravilor-bonamat","7":"product_cat-mlynki-i-akcesoria-do-kawy","9":"first","10":"instock","11":"taxable","12":"shipping-taxable","13":"purchasable","14":"product-type-simple"},"brands":[{"id":4701,"name":"Bravilor Bonamat","slug":"bravilor-bonamat"}],"_links":{"self":[{"href":"https:\/\/www.multifrigo.pl\/sklep\/wp-json\/wp\/v2\/product\/57756","targetHints":{"allow":["GET"]}}],"collection":[{"href":"https:\/\/www.multifrigo.pl\/sklep\/wp-json\/wp\/v2\/product"}],"about":[{"href":"https:\/\/www.multifrigo.pl\/sklep\/wp-json\/wp\/v2\/types\/product"}],"wp:featuredmedia":[{"embeddable":true,"href":"https:\/\/www.multifrigo.pl\/sklep\/wp-json\/wp\/v2\/media\/57831"}],"wp:attachment":[{"href":"https:\/\/www.multifrigo.pl\/sklep\/wp-json\/wp\/v2\/media?parent=57756"}],"wp:term":[{"taxonomy":"pwb-brand","embeddable":true,"href":"https:\/\/www.multifrigo.pl\/sklep\/wp-json\/wp\/v2\/pwb-brand?post=57756"},{"taxonomy":"product_brand","embeddable":true,"href":"https:\/\/www.multifrigo.pl\/sklep\/wp-json\/wp\/v2\/product_brand?post=57756"},{"taxonomy":"product_cat","embeddable":true,"href":"https:\/\/www.multifrigo.pl\/sklep\/wp-json\/wp\/v2\/product_cat?post=57756"},{"taxonomy":"product_tag","embeddable":true,"href":"https:\/\/www.multifrigo.pl\/sklep\/wp-json\/wp\/v2\/product_tag?post=57756"}],"curies":[{"name":"wp","href":"https:\/\/api.w.org\/{rel}","templated":true}]}}