{"id":57760,"date":"2024-09-23T11:34:21","date_gmt":"2024-09-23T11:34:21","guid":{"rendered":"https:\/\/www.multifrigo.pl\/sklep\/produkt\/plyta-grzewcza-do-dzbankow-hp-bravilor-bonamat-8-010-010-31002\/"},"modified":"2025-07-25T12:45:27","modified_gmt":"2025-07-25T12:45:27","slug":"plyta-grzewcza-do-dzbankow-hp-bravilor-bonamat-8-010-010-31002","status":"publish","type":"product","link":"https:\/\/www.multifrigo.pl\/sklep\/produkt\/plyta-grzewcza-do-dzbankow-hp-bravilor-bonamat-8-010-010-31002\/","title":{"rendered":"P\u0142yta grzewcza do dzbank\u00f3w HP | Bravilor Bonamat 8.010.010.31002"},"content":{"rendered":"<p>P\u0142yta grzewcza do dzbank\u00f3w szklanych lub ze stali nierdzewnej. Z dwoma polami grzewczymi w\u0142\u0105czanymi niezale\u017cnie.<\/p>\n","protected":false},"excerpt":{"rendered":"<p>P\u0142yta grzewcza do dzbank\u00f3w szklanych lub ze stali nierdzewnej. Z dwoma polami grzewczymi w\u0142\u0105czanymi niezale\u017cnie.<\/p>\n","protected":false},"featured_media":57835,"template":"","meta":{"_et_pb_use_builder":"","_et_pb_old_content":"","_et_gb_content_width":""},"pwb-brand":[4701],"product_brand":[],"product_cat":[323],"product_tag":[],"class_list":{"0":"post-57760","1":"product","2":"type-product","3":"status-publish","4":"has-post-thumbnail","6":"pwb-brand-bravilor-bonamat","7":"product_cat-mlynki-i-akcesoria-do-kawy","9":"first","10":"instock","11":"taxable","12":"shipping-taxable","13":"purchasable","14":"product-type-simple"},"brands":[{"id":4701,"name":"Bravilor Bonamat","slug":"bravilor-bonamat"}],"_links":{"self":[{"href":"https:\/\/www.multifrigo.pl\/sklep\/wp-json\/wp\/v2\/product\/57760","targetHints":{"allow":["GET"]}}],"collection":[{"href":"https:\/\/www.multifrigo.pl\/sklep\/wp-json\/wp\/v2\/product"}],"about":[{"href":"https:\/\/www.multifrigo.pl\/sklep\/wp-json\/wp\/v2\/types\/product"}],"wp:featuredmedia":[{"embeddable":true,"href":"https:\/\/www.multifrigo.pl\/sklep\/wp-json\/wp\/v2\/media\/57835"}],"wp:attachment":[{"href":"https:\/\/www.multifrigo.pl\/sklep\/wp-json\/wp\/v2\/media?parent=57760"}],"wp:term":[{"taxonomy":"pwb-brand","embeddable":true,"href":"https:\/\/www.multifrigo.pl\/sklep\/wp-json\/wp\/v2\/pwb-brand?post=57760"},{"taxonomy":"product_brand","embeddable":true,"href":"https:\/\/www.multifrigo.pl\/sklep\/wp-json\/wp\/v2\/product_brand?post=57760"},{"taxonomy":"product_cat","embeddable":true,"href":"https:\/\/www.multifrigo.pl\/sklep\/wp-json\/wp\/v2\/product_cat?post=57760"},{"taxonomy":"product_tag","embeddable":true,"href":"https:\/\/www.multifrigo.pl\/sklep\/wp-json\/wp\/v2\/product_tag?post=57760"}],"curies":[{"name":"wp","href":"https:\/\/api.w.org\/{rel}","templated":true}]}}