{"id":57764,"date":"2024-09-23T11:34:49","date_gmt":"2024-09-23T11:34:49","guid":{"rendered":"https:\/\/www.multifrigo.pl\/sklep\/produkt\/warnik-do-goracej-wody-hwa-21-230-v-bravilor-bonamat-8-060-190-31002\/"},"modified":"2025-07-25T12:45:30","modified_gmt":"2025-07-25T12:45:30","slug":"warnik-do-goracej-wody-hwa-21-230-v-bravilor-bonamat-8-060-190-32002","status":"publish","type":"product","link":"https:\/\/www.multifrigo.pl\/sklep\/produkt\/warnik-do-goracej-wody-hwa-21-230-v-bravilor-bonamat-8-060-190-32002\/","title":{"rendered":"Warnik do gor\u0105cej wody HWA 21 230 V | Bravilor Bonamat 8.060.190.32002"},"content":{"rendered":"<li> HWA 21 posiada wi\u0119cej funkcji, wykraczaj\u0105cych poza podstawowy zakres, w tym np. natychmiastowe wydawanie gor\u0105cej wody i wysoka wydajno\u015b\u0107 godzinowa.\n<li> Urz\u0105dzenia ma design 360 stopni, co oznacza, \u017ce wygl\u0105da atrakcyjnie ze wszystkich stron, z dba\u0142o\u015bci\u0105 o najmniejsze detale. W\u0142asny branding jako opcja.\n<li> Kompaktowy, w\u0105ski design, pozwala na wydajne wykorzystanie przestrzeni.\n<li> HWA 21 jest urz\u0105dzeniem przyjaznym u\u017cytkownikowi. Wy\u015bwietlacz LCD jest bardzo czytelny i u\u0142atwia programowanie urz\u0105dzenia. Dodatkowo, HWA 21 jest \u0142atwy w obs\u0142udze serwisowej i konserwacji. Cz\u0119\u015bci najwy\u017cszej jako\u015bci s\u0105 gwarancj\u0105 trwa\u0142o\u015bci. Efekt, to d\u0142uga \u017cywotno\u015b\u0107 urz\u0105dzenia i niskie koszty obs\u0142ugi.\n<ul>\n<li>Do 60 litr\u00f3w na godzin\u0119 (wersja 400 V)<\/li>\n<li>Pod\u0142\u0105czenie do wody<\/li>\n<li>Automatyczne nape\u0142nianie wod\u0105<\/li>\n<li>Kranik r\u0119czny<\/li>\n<li>Wy\u015bwietlacz LCD i \u0142atwe programowanie<\/li>\n<li>Zabezpieczenie przed gotowaniem \u201ena sucho\u201d<\/li>\n<li>Izolacja bojlera obni\u017ca zu\u017cycie energii, poprzez minimalizowanie strat ciep\u0142a<\/li>\n<li>Inteligentny tryb ECO optymalizuje potrzeby na gor\u0105c\u0105 wod\u0119, obni\u017caj\u0105c zu\u017cycie energii<\/li>\n<li>Wysoko\u015b\u0107 wylewki: 200 mm<\/li>\n<li>Wykonane ze stali nierdzewnej<\/li>\n<li>Tacka ociekowa w zestawie<\/li>\n<\/ul>\n","protected":false},"excerpt":{"rendered":"<p>HWA 21 posiada wi\u0119cej funkcji, wykraczaj\u0105cych poza podstawowy zakres, w tym np. natychmiastowe wydawanie gor\u0105cej wody i wysoka wydajno\u015b\u0107 godzinowa. Urz\u0105dzenia ma design 360 stopni, co oznacza, \u017ce wygl\u0105da atrakcyjnie ze wszystkich stron, z dba\u0142o\u015bci\u0105 o najmniejsze detale. W\u0142asny branding jako opcja. Kompaktowy, w\u0105ski design, pozwala na wydajne wykorzystanie przestrzeni. HWA 21 jest urz\u0105dzeniem przyjaznym [&hellip;]<\/p>\n","protected":false},"featured_media":57839,"template":"","meta":{"_et_pb_use_builder":"","_et_pb_old_content":"","_et_gb_content_width":""},"pwb-brand":[4701],"product_brand":[],"product_cat":[234],"product_tag":[],"class_list":{"0":"post-57764","1":"product","2":"type-product","3":"status-publish","4":"has-post-thumbnail","6":"pwb-brand-bravilor-bonamat","7":"product_cat-warniki","9":"first","10":"instock","11":"taxable","12":"shipping-taxable","13":"purchasable","14":"product-type-simple"},"brands":[{"id":4701,"name":"Bravilor Bonamat","slug":"bravilor-bonamat"}],"_links":{"self":[{"href":"https:\/\/www.multifrigo.pl\/sklep\/wp-json\/wp\/v2\/product\/57764","targetHints":{"allow":["GET"]}}],"collection":[{"href":"https:\/\/www.multifrigo.pl\/sklep\/wp-json\/wp\/v2\/product"}],"about":[{"href":"https:\/\/www.multifrigo.pl\/sklep\/wp-json\/wp\/v2\/types\/product"}],"wp:featuredmedia":[{"embeddable":true,"href":"https:\/\/www.multifrigo.pl\/sklep\/wp-json\/wp\/v2\/media\/57839"}],"wp:attachment":[{"href":"https:\/\/www.multifrigo.pl\/sklep\/wp-json\/wp\/v2\/media?parent=57764"}],"wp:term":[{"taxonomy":"pwb-brand","embeddable":true,"href":"https:\/\/www.multifrigo.pl\/sklep\/wp-json\/wp\/v2\/pwb-brand?post=57764"},{"taxonomy":"product_brand","embeddable":true,"href":"https:\/\/www.multifrigo.pl\/sklep\/wp-json\/wp\/v2\/product_brand?post=57764"},{"taxonomy":"product_cat","embeddable":true,"href":"https:\/\/www.multifrigo.pl\/sklep\/wp-json\/wp\/v2\/product_cat?post=57764"},{"taxonomy":"product_tag","embeddable":true,"href":"https:\/\/www.multifrigo.pl\/sklep\/wp-json\/wp\/v2\/product_tag?post=57764"}],"curies":[{"name":"wp","href":"https:\/\/api.w.org\/{rel}","templated":true}]}}