{"id":57766,"date":"2024-09-23T11:34:59","date_gmt":"2024-09-23T11:34:59","guid":{"rendered":"https:\/\/www.multifrigo.pl\/sklep\/produkt\/warnik-do-goracej-wody-hwa-3-bravilor-bonamat-8-060-350-31002\/"},"modified":"2025-07-25T12:45:31","modified_gmt":"2025-07-25T12:45:31","slug":"warnik-do-goracej-wody-hwa-3-bravilor-bonamat-8-060-350-31002","status":"publish","type":"product","link":"https:\/\/www.multifrigo.pl\/sklep\/produkt\/warnik-do-goracej-wody-hwa-3-bravilor-bonamat-8-060-350-31002\/","title":{"rendered":"Warnik do gor\u0105cej wody HWA 3 | Bravilor Bonamat 8.060.350.31002"},"content":{"rendered":"<li> HWA 3 jest idealny do ma\u0142ych lokalizacji, w kt\u00f3rych wymagana jest ma\u0142a wydajno\u015b\u0107 ciep\u0142ej wody.\n<li> Maszyna zosta\u0142a zaprojektowana jako rozwi\u0105zanie 360 \u200b\u200bstopni, co oznacza, \u017ce \u200b\u200burz\u0105dzenie wygl\u0105da atrakcyjnie z ka\u017cdej strony.\n<li> Kompaktowa, w\u0105ska podstawa zajmuje ma\u0142o miejsca.\n<li> HWA 3 jest przyjazna dla u\u017cytkownika oraz w konserwacji dzi\u0119ki \u0142atwo zdejmowanej pokrywie na g\u00f3rze. Wysokiej jako\u015bci cz\u0119\u015bci Bravilor Bonamat s\u0105 trwa\u0142e. Dzi\u0119ki temu wymaga niewielkiej konserwacji i wyd\u0142u\u017ca \u017cywotno\u015b\u0107\n<p>\u2022 Przy\u0142\u0105cze wody<br \/>\u2022 Automatyczne uzupe\u0142nianie wody (mo\u017cliwe r\u00f3wnie\u017c r\u0119czne uzupe\u0142nianie)<br \/>\u2022 Kran dozuj\u0105cy o swobodnym przep\u0142ywie<br \/>\u2022 Ochrona przed zagotowaniem na sucho<br \/>\u2022 Tryb u\u015bpienia (2-16 godzin lub wy\u0142\u0105czony)<br \/>\u2022 Materia\u0142 izolacyjny kot\u0142a zmniejsza zu\u017cycie energii, minimalizuj\u0105c straty ciep\u0142a<br \/>\u2022 Wysoko\u015b\u0107 kranu: 150 mm<br \/>\u2022 Wykonany ze stali nierdzewnej<br \/>\u2022 W zestawie tacka ociekowa<\/p>\n","protected":false},"excerpt":{"rendered":"<p>HWA 3 jest idealny do ma\u0142ych lokalizacji, w kt\u00f3rych wymagana jest ma\u0142a wydajno\u015b\u0107 ciep\u0142ej wody. Maszyna zosta\u0142a zaprojektowana jako rozwi\u0105zanie 360 \u200b\u200bstopni, co oznacza, \u017ce \u200b\u200burz\u0105dzenie wygl\u0105da atrakcyjnie z ka\u017cdej strony. Kompaktowa, w\u0105ska podstawa zajmuje ma\u0142o miejsca. HWA 3 jest przyjazna dla u\u017cytkownika oraz w konserwacji dzi\u0119ki \u0142atwo zdejmowanej pokrywie na g\u00f3rze. Wysokiej jako\u015bci cz\u0119\u015bci [&hellip;]<\/p>\n","protected":false},"featured_media":57841,"template":"","meta":{"_et_pb_use_builder":"","_et_pb_old_content":"","_et_gb_content_width":""},"pwb-brand":[4701],"product_brand":[],"product_cat":[234],"product_tag":[],"class_list":{"0":"post-57766","1":"product","2":"type-product","3":"status-publish","4":"has-post-thumbnail","6":"pwb-brand-bravilor-bonamat","7":"product_cat-warniki","9":"first","10":"instock","11":"taxable","12":"shipping-taxable","13":"purchasable","14":"product-type-simple"},"brands":[{"id":4701,"name":"Bravilor Bonamat","slug":"bravilor-bonamat"}],"_links":{"self":[{"href":"https:\/\/www.multifrigo.pl\/sklep\/wp-json\/wp\/v2\/product\/57766","targetHints":{"allow":["GET"]}}],"collection":[{"href":"https:\/\/www.multifrigo.pl\/sklep\/wp-json\/wp\/v2\/product"}],"about":[{"href":"https:\/\/www.multifrigo.pl\/sklep\/wp-json\/wp\/v2\/types\/product"}],"wp:featuredmedia":[{"embeddable":true,"href":"https:\/\/www.multifrigo.pl\/sklep\/wp-json\/wp\/v2\/media\/57841"}],"wp:attachment":[{"href":"https:\/\/www.multifrigo.pl\/sklep\/wp-json\/wp\/v2\/media?parent=57766"}],"wp:term":[{"taxonomy":"pwb-brand","embeddable":true,"href":"https:\/\/www.multifrigo.pl\/sklep\/wp-json\/wp\/v2\/pwb-brand?post=57766"},{"taxonomy":"product_brand","embeddable":true,"href":"https:\/\/www.multifrigo.pl\/sklep\/wp-json\/wp\/v2\/product_brand?post=57766"},{"taxonomy":"product_cat","embeddable":true,"href":"https:\/\/www.multifrigo.pl\/sklep\/wp-json\/wp\/v2\/product_cat?post=57766"},{"taxonomy":"product_tag","embeddable":true,"href":"https:\/\/www.multifrigo.pl\/sklep\/wp-json\/wp\/v2\/product_tag?post=57766"}],"curies":[{"name":"wp","href":"https:\/\/api.w.org\/{rel}","templated":true}]}}